
{"id":26493,"date":"2023-02-13T14:21:32","date_gmt":"2023-02-13T16:32:47","guid":{"rendered":"https:\/\/www.triangleeditorial.com\/producto\/la-garrotxa\/"},"modified":"2023-02-13T16:33:01","modified_gmt":"2023-02-13T16:33:01","slug":"la-garrotxa","status":"publish","type":"product","link":"https:\/\/triangle.cat\/fr\/producto\/la-garrotxa\/","title":{"rendered":"La Garrotxa"},"content":{"rendered":"","protected":false},"excerpt":{"rendered":"<p>Terre et temps. Volcans et h\u00eatraies. Vall\u00e9es et villages. Hommes et traditions. Une promenade litt\u00e9raire et photographique \u2014 gr\u00e2ce \u00e0 Francesc Ser\u00e9s et Jordi Puig \u2014 qui vous pr\u00e9sente les r\u00e9gions de la Garrotxa et de l\u2019Alta Garrotxa, la vall\u00e9e de Bianya et le vallon d\u2019en Bas, la rivi\u00e8re Brugent et le Ll\u00e9mena, les volcans et le bassin du Fluvi\u00e0, enfin, la ville d\u2019Olot. Et tout cela est illustr\u00e9 avec plus de 250 images de grand format, des pages d\u00e9pliables, le tout dans une \u00e9dition tr\u00e8s soign\u00e9e.<\/p>\n","protected":false},"featured_media":22600,"comment_status":"closed","ping_status":"open","template":"","meta":{"_acf_changed":false,"_monsterinsights_skip_tracking":false,"_monsterinsights_sitenote_active":false,"_monsterinsights_sitenote_note":"","_monsterinsights_sitenote_category":0},"product_brand":[],"product_cat":[1542,1560,1555],"product_tag":[1031,961,1000,1007],"class_list":{"0":"post-26493","1":"product","2":"type-product","3":"status-publish","4":"has-post-thumbnail","6":"product_cat-catalogne-fr","7":"product_cat-gerone-costa-brava","8":"product_cat-photographie-design","9":"product_tag-anglais-fr","10":"product_tag-catalan-fr","11":"product_tag-espagnol-fr","12":"product_tag-francais-fr-2","13":"pa_idioma-multilingue-catala-espanol-english-francais-fr","15":"first","16":"instock","17":"taxable","18":"shipping-taxable","19":"purchasable","20":"product-type-variable","21":"has-default-attributes"},"acf":[],"_links":{"self":[{"href":"https:\/\/triangle.cat\/fr\/wp-json\/wp\/v2\/product\/26493","targetHints":{"allow":["GET"]}}],"collection":[{"href":"https:\/\/triangle.cat\/fr\/wp-json\/wp\/v2\/product"}],"about":[{"href":"https:\/\/triangle.cat\/fr\/wp-json\/wp\/v2\/types\/product"}],"replies":[{"embeddable":true,"href":"https:\/\/triangle.cat\/fr\/wp-json\/wp\/v2\/comments?post=26493"}],"wp:featuredmedia":[{"embeddable":true,"href":"https:\/\/triangle.cat\/fr\/wp-json\/wp\/v2\/media\/22600"}],"wp:attachment":[{"href":"https:\/\/triangle.cat\/fr\/wp-json\/wp\/v2\/media?parent=26493"}],"wp:term":[{"taxonomy":"product_brand","embeddable":true,"href":"https:\/\/triangle.cat\/fr\/wp-json\/wp\/v2\/product_brand?post=26493"},{"taxonomy":"product_cat","embeddable":true,"href":"https:\/\/triangle.cat\/fr\/wp-json\/wp\/v2\/product_cat?post=26493"},{"taxonomy":"product_tag","embeddable":true,"href":"https:\/\/triangle.cat\/fr\/wp-json\/wp\/v2\/product_tag?post=26493"}],"curies":[{"name":"wp","href":"https:\/\/api.w.org\/{rel}","templated":true}]}}