
{"id":26489,"date":"2023-02-13T14:21:05","date_gmt":"2023-02-13T16:32:13","guid":{"rendered":"https:\/\/www.triangleeditorial.com\/producto\/catalogne\/"},"modified":"2024-01-22T13:23:10","modified_gmt":"2024-01-22T11:23:10","slug":"catalogne","status":"publish","type":"product","link":"https:\/\/triangle.cat\/fr\/producto\/catalogne\/","title":{"rendered":"Catalogne"},"content":{"rendered":"","protected":false},"excerpt":{"rendered":"<p>Ordonn\u00e9 par itin\u00e9raires g\u00e9ographiques, ce guide de consultation r\u00e9unit et d\u00e9crit, au moyen de commentaires, de fiches techniques, de plans et de photographies, les 417 \u0153uvres les plus remarquables depuis le modernisme catalan jusqu\u2019\u00e0 nos jours, en mettant tout particuli\u00e8rement l\u2019accent sur l\u2019architecture contemporaine. Il comprend un index des architectes et une bibliographie d\u00e9taill\u00e9e. Ce guide est co\u00e9dit\u00e9 avec l\u2019Ordre des Architectes de Catalogne.<\/p>\n","protected":false},"featured_media":21698,"comment_status":"closed","ping_status":"open","template":"","meta":{"_acf_changed":false,"_monsterinsights_skip_tracking":false,"_monsterinsights_sitenote_active":false,"_monsterinsights_sitenote_note":"","_monsterinsights_sitenote_category":0},"product_brand":[],"product_cat":[1536,1498,1504,1542],"product_tag":[1031,961,1000],"class_list":{"0":"post-26489","1":"product","2":"type-product","3":"status-publish","4":"has-post-thumbnail","6":"product_cat-art-architecture-fr","7":"product_cat-art-arquitecture","8":"product_cat-catalogne","9":"product_cat-catalogne-fr","10":"product_tag-anglais-fr","11":"product_tag-catalan-fr","12":"product_tag-espagnol-fr","13":"pa_idioma-catalan-fr","14":"pa_idioma-english-fr","15":"pa_idioma-espanol-fr-2","17":"first","18":"instock","19":"taxable","20":"shipping-taxable","21":"purchasable","22":"product-type-variable","23":"has-default-attributes"},"acf":[],"_links":{"self":[{"href":"https:\/\/triangle.cat\/fr\/wp-json\/wp\/v2\/product\/26489","targetHints":{"allow":["GET"]}}],"collection":[{"href":"https:\/\/triangle.cat\/fr\/wp-json\/wp\/v2\/product"}],"about":[{"href":"https:\/\/triangle.cat\/fr\/wp-json\/wp\/v2\/types\/product"}],"replies":[{"embeddable":true,"href":"https:\/\/triangle.cat\/fr\/wp-json\/wp\/v2\/comments?post=26489"}],"wp:featuredmedia":[{"embeddable":true,"href":"https:\/\/triangle.cat\/fr\/wp-json\/wp\/v2\/media\/21698"}],"wp:attachment":[{"href":"https:\/\/triangle.cat\/fr\/wp-json\/wp\/v2\/media?parent=26489"}],"wp:term":[{"taxonomy":"product_brand","embeddable":true,"href":"https:\/\/triangle.cat\/fr\/wp-json\/wp\/v2\/product_brand?post=26489"},{"taxonomy":"product_cat","embeddable":true,"href":"https:\/\/triangle.cat\/fr\/wp-json\/wp\/v2\/product_cat?post=26489"},{"taxonomy":"product_tag","embeddable":true,"href":"https:\/\/triangle.cat\/fr\/wp-json\/wp\/v2\/product_tag?post=26489"}],"curies":[{"name":"wp","href":"https:\/\/api.w.org\/{rel}","templated":true}]}}