
{"id":26485,"date":"2023-02-13T14:20:39","date_gmt":"2023-02-13T16:31:39","guid":{"rendered":"https:\/\/www.triangleeditorial.com\/producto\/guia-de-arquitectura-de-girona\/"},"modified":"2024-01-22T13:23:10","modified_gmt":"2024-01-22T11:23:10","slug":"guia-de-arquitectura-de-girona","status":"publish","type":"product","link":"https:\/\/triangle.cat\/fr\/producto\/guia-de-arquitectura-de-girona\/","title":{"rendered":"Gu\u00eda de Arquitectura de Girona"},"content":{"rendered":"","protected":false},"excerpt":{"rendered":"<p>G\u00e9rone fut une ville splendide pendant l\u2019\u00e9poque m\u00e9di\u00e9vale. Son ascendant se maintint jusqu\u2019au d\u00e9but du xxe si\u00e8cle, quand elle constitua le deuxi\u00e8me noyau culturel le plus remarquable de la Catalogne, apr\u00e8s Barcelone. Ce guide permet de suivre en d\u00e9tail, gr\u00e2ce \u00e0 300 fiches, son \u00e9volution architectonique du Moyen \u00c2ge \u00e0 nos jours. Il est donc indispensable pour bien conna\u00eetre ses quartiers et ses \u00e9difices les plus int\u00e9ressants.<\/p>\n","protected":false},"featured_media":21692,"comment_status":"closed","ping_status":"closed","template":"","meta":{"_acf_changed":false,"_monsterinsights_skip_tracking":false,"_monsterinsights_sitenote_active":false,"_monsterinsights_sitenote_note":"","_monsterinsights_sitenote_category":0},"product_brand":[],"product_cat":[1536,1498,1504,1560],"product_tag":[1031,961,1000],"class_list":{"0":"post-26485","1":"product","2":"type-product","3":"status-publish","4":"has-post-thumbnail","6":"product_cat-art-architecture-fr","7":"product_cat-art-arquitecture","8":"product_cat-catalogne","9":"product_cat-gerone-costa-brava","10":"product_tag-anglais-fr","11":"product_tag-catalan-fr","12":"product_tag-espagnol-fr","13":"pa_idioma-catalan-fr","14":"pa_idioma-english-fr","15":"pa_idioma-espanol-fr-2","17":"first","18":"instock","19":"taxable","20":"shipping-taxable","21":"purchasable","22":"product-type-variable","23":"has-default-attributes"},"acf":[],"_links":{"self":[{"href":"https:\/\/triangle.cat\/fr\/wp-json\/wp\/v2\/product\/26485","targetHints":{"allow":["GET"]}}],"collection":[{"href":"https:\/\/triangle.cat\/fr\/wp-json\/wp\/v2\/product"}],"about":[{"href":"https:\/\/triangle.cat\/fr\/wp-json\/wp\/v2\/types\/product"}],"replies":[{"embeddable":true,"href":"https:\/\/triangle.cat\/fr\/wp-json\/wp\/v2\/comments?post=26485"}],"wp:featuredmedia":[{"embeddable":true,"href":"https:\/\/triangle.cat\/fr\/wp-json\/wp\/v2\/media\/21692"}],"wp:attachment":[{"href":"https:\/\/triangle.cat\/fr\/wp-json\/wp\/v2\/media?parent=26485"}],"wp:term":[{"taxonomy":"product_brand","embeddable":true,"href":"https:\/\/triangle.cat\/fr\/wp-json\/wp\/v2\/product_brand?post=26485"},{"taxonomy":"product_cat","embeddable":true,"href":"https:\/\/triangle.cat\/fr\/wp-json\/wp\/v2\/product_cat?post=26485"},{"taxonomy":"product_tag","embeddable":true,"href":"https:\/\/triangle.cat\/fr\/wp-json\/wp\/v2\/product_tag?post=26485"}],"curies":[{"name":"wp","href":"https:\/\/api.w.org\/{rel}","templated":true}]}}