
{"id":26483,"date":"2023-02-13T14:19:21","date_gmt":"2023-02-13T16:30:36","guid":{"rendered":"https:\/\/www.triangleeditorial.com\/producto\/gaudi-5\/"},"modified":"2023-03-07T13:56:52","modified_gmt":"2023-03-07T13:56:52","slug":"gaudi-5","status":"publish","type":"product","link":"https:\/\/triangle.cat\/fr\/producto\/gaudi-5\/","title":{"rendered":"Gaud\u00ed"},"content":{"rendered":"","protected":false},"excerpt":{"rendered":"<p>Les \u00e9difices de Gaud\u00ed se sont tr\u00e8s rapidement convertis en symboles d\u2019une Barcelone qui r\u00eavait d\u2019\u00eatre europ\u00e9enne. Les cartes postales de l\u2019\u00e9poque \u00e9voqu\u00e8rent tr\u00e8s t\u00f4t la progression de ces avanc\u00e9es architectoniques. Cet ouvrage compile, avec une rigueur toute scientifique, 135 cartes postales publi\u00e9es \u00e0 l\u2019\u00e9poque o\u00f9 Gaud\u00ed \u00e9tait actif pour diffuser dans le monde entier l\u2019\u0153uvre gaudinienne conjointement au message intime de leurs exp\u00e9diteurs.<\/p>\n","protected":false},"featured_media":30412,"comment_status":"closed","ping_status":"closed","template":"","meta":{"_acf_changed":false,"_monsterinsights_skip_tracking":false,"_monsterinsights_sitenote_active":false,"_monsterinsights_sitenote_note":"","_monsterinsights_sitenote_category":0},"product_brand":[],"product_cat":[1557,1536],"product_tag":[],"class_list":{"0":"post-26483","1":"product","2":"type-product","3":"status-publish","4":"has-post-thumbnail","6":"product_cat-antoni-gaudi-fr","7":"product_cat-art-architecture-fr","8":"pa_idioma-multilingue-espanol-english-francais-fr","10":"first","11":"instock","12":"taxable","13":"shipping-taxable","14":"purchasable","15":"product-type-variable","16":"has-default-attributes"},"acf":[],"_links":{"self":[{"href":"https:\/\/triangle.cat\/fr\/wp-json\/wp\/v2\/product\/26483","targetHints":{"allow":["GET"]}}],"collection":[{"href":"https:\/\/triangle.cat\/fr\/wp-json\/wp\/v2\/product"}],"about":[{"href":"https:\/\/triangle.cat\/fr\/wp-json\/wp\/v2\/types\/product"}],"replies":[{"embeddable":true,"href":"https:\/\/triangle.cat\/fr\/wp-json\/wp\/v2\/comments?post=26483"}],"wp:featuredmedia":[{"embeddable":true,"href":"https:\/\/triangle.cat\/fr\/wp-json\/wp\/v2\/media\/30412"}],"wp:attachment":[{"href":"https:\/\/triangle.cat\/fr\/wp-json\/wp\/v2\/media?parent=26483"}],"wp:term":[{"taxonomy":"product_brand","embeddable":true,"href":"https:\/\/triangle.cat\/fr\/wp-json\/wp\/v2\/product_brand?post=26483"},{"taxonomy":"product_cat","embeddable":true,"href":"https:\/\/triangle.cat\/fr\/wp-json\/wp\/v2\/product_cat?post=26483"},{"taxonomy":"product_tag","embeddable":true,"href":"https:\/\/triangle.cat\/fr\/wp-json\/wp\/v2\/product_tag?post=26483"}],"curies":[{"name":"wp","href":"https:\/\/api.w.org\/{rel}","templated":true}]}}