
{"id":26463,"date":"2023-02-13T14:17:30","date_gmt":"2023-02-13T16:28:34","guid":{"rendered":"https:\/\/www.triangleeditorial.com\/producto\/gaudi-3\/"},"modified":"2023-02-13T16:29:47","modified_gmt":"2023-02-13T16:29:47","slug":"gaudi-3","status":"publish","type":"product","link":"https:\/\/triangle.cat\/fr\/producto\/gaudi-3\/","title":{"rendered":"Gaud\u00ed"},"content":{"rendered":"","protected":false},"excerpt":{"rendered":"<p>Le meilleur guide visuel pour s\u2019initier au monde artistique d\u2019Antoni Gaud\u00ed. Il contient les cl\u00e9s de chacune de ses \u0153uvres architecturales, accompagn\u00e9es d\u2019images sp\u00e9cifiques et remises \u00e0 jour. Il comprend aussi un texte du sp\u00e9cialiste Juan-Eduardo Cirlot.<\/p>\n","protected":false},"featured_media":7636,"comment_status":"closed","ping_status":"closed","template":"","meta":{"_acf_changed":false,"_monsterinsights_skip_tracking":false,"_monsterinsights_sitenote_active":false,"_monsterinsights_sitenote_note":"","_monsterinsights_sitenote_category":0},"product_brand":[],"product_cat":[1557,1536],"product_tag":[990,1031,1091,1000,1007,1032,1094,1053,1065,1088,1097],"class_list":{"0":"post-26463","1":"product","2":"type-product","3":"status-publish","4":"has-post-thumbnail","6":"product_cat-antoni-gaudi-fr","7":"product_cat-art-architecture-fr","8":"product_tag-allemand-fr","9":"product_tag-anglais-fr","10":"product_tag-chinois-fr","11":"product_tag-espagnol-fr","12":"product_tag-francais-fr-2","13":"product_tag-italien","14":"product_tag-japonais-fr","15":"product_tag-pays-bas","16":"product_tag-portugais","17":"product_tag-russe-fr","18":"product_tag--coreen","19":"pa_idioma-catalan-fr","20":"pa_idioma-coreen","21":"pa_idioma-deutsch-fr","22":"pa_idioma-english-fr","23":"pa_idioma-espanol-fr-2","24":"pa_idioma-francais-fr","25":"pa_idioma-italiano-fr","26":"pa_idioma-nederlands-fr","27":"pa_idioma-portugues-fr","28":"pa_idioma--fr","32":"first","33":"instock","34":"taxable","35":"shipping-taxable","36":"purchasable","37":"product-type-variable","38":"has-default-attributes"},"acf":[],"_links":{"self":[{"href":"https:\/\/triangle.cat\/fr\/wp-json\/wp\/v2\/product\/26463","targetHints":{"allow":["GET"]}}],"collection":[{"href":"https:\/\/triangle.cat\/fr\/wp-json\/wp\/v2\/product"}],"about":[{"href":"https:\/\/triangle.cat\/fr\/wp-json\/wp\/v2\/types\/product"}],"replies":[{"embeddable":true,"href":"https:\/\/triangle.cat\/fr\/wp-json\/wp\/v2\/comments?post=26463"}],"wp:featuredmedia":[{"embeddable":true,"href":"https:\/\/triangle.cat\/fr\/wp-json\/wp\/v2\/media\/7636"}],"wp:attachment":[{"href":"https:\/\/triangle.cat\/fr\/wp-json\/wp\/v2\/media?parent=26463"}],"wp:term":[{"taxonomy":"product_brand","embeddable":true,"href":"https:\/\/triangle.cat\/fr\/wp-json\/wp\/v2\/product_brand?post=26463"},{"taxonomy":"product_cat","embeddable":true,"href":"https:\/\/triangle.cat\/fr\/wp-json\/wp\/v2\/product_cat?post=26463"},{"taxonomy":"product_tag","embeddable":true,"href":"https:\/\/triangle.cat\/fr\/wp-json\/wp\/v2\/product_tag?post=26463"}],"curies":[{"name":"wp","href":"https:\/\/api.w.org\/{rel}","templated":true}]}}