
{"id":26460,"date":"2023-02-13T14:16:55","date_gmt":"2023-02-13T16:28:15","guid":{"rendered":"https:\/\/www.triangleeditorial.com\/producto\/magic-gaudi\/"},"modified":"2023-02-13T16:28:35","modified_gmt":"2023-02-13T16:28:35","slug":"magic-gaudi","status":"publish","type":"product","link":"https:\/\/triangle.cat\/fr\/producto\/magic-gaudi\/","title":{"rendered":"Magic Gaud\u00ed"},"content":{"rendered":"","protected":false},"excerpt":{"rendered":"<p>Pour la premi\u00e8re fois, l\u2019architecture de Gaud\u00ed photographi\u00e9e en 3D, une exp\u00e9rience diff\u00e9rente qui nous permet de d\u00e9couvrir la dimension de ses espaces, sa morphologie, le myst\u00e8re de sa lumi\u00e8re et en d\u00e9finitive, la magie de toute  son \u0153uvre.<\/p>\n","protected":false},"featured_media":4298,"comment_status":"closed","ping_status":"open","template":"","meta":{"_acf_changed":false,"_monsterinsights_skip_tracking":false,"_monsterinsights_sitenote_active":false,"_monsterinsights_sitenote_note":"","_monsterinsights_sitenote_category":0},"product_brand":[],"product_cat":[1557,1555],"product_tag":[990,1031,1000,1007,1032,1088],"class_list":{"0":"post-26460","1":"product","2":"type-product","3":"status-publish","4":"has-post-thumbnail","6":"product_cat-antoni-gaudi-fr","7":"product_cat-photographie-design","8":"product_tag-allemand-fr","9":"product_tag-anglais-fr","10":"product_tag-espagnol-fr","11":"product_tag-francais-fr-2","12":"product_tag-italien","13":"product_tag-russe-fr","14":"pa_idioma-english-deutsch-italiano-fr","15":"pa_idioma-multilingue-espanol-francais--fr","17":"first","18":"instock","19":"taxable","20":"shipping-taxable","21":"purchasable","22":"product-type-variable","23":"has-default-attributes"},"acf":[],"_links":{"self":[{"href":"https:\/\/triangle.cat\/fr\/wp-json\/wp\/v2\/product\/26460","targetHints":{"allow":["GET"]}}],"collection":[{"href":"https:\/\/triangle.cat\/fr\/wp-json\/wp\/v2\/product"}],"about":[{"href":"https:\/\/triangle.cat\/fr\/wp-json\/wp\/v2\/types\/product"}],"replies":[{"embeddable":true,"href":"https:\/\/triangle.cat\/fr\/wp-json\/wp\/v2\/comments?post=26460"}],"wp:featuredmedia":[{"embeddable":true,"href":"https:\/\/triangle.cat\/fr\/wp-json\/wp\/v2\/media\/4298"}],"wp:attachment":[{"href":"https:\/\/triangle.cat\/fr\/wp-json\/wp\/v2\/media?parent=26460"}],"wp:term":[{"taxonomy":"product_brand","embeddable":true,"href":"https:\/\/triangle.cat\/fr\/wp-json\/wp\/v2\/product_brand?post=26460"},{"taxonomy":"product_cat","embeddable":true,"href":"https:\/\/triangle.cat\/fr\/wp-json\/wp\/v2\/product_cat?post=26460"},{"taxonomy":"product_tag","embeddable":true,"href":"https:\/\/triangle.cat\/fr\/wp-json\/wp\/v2\/product_tag?post=26460"}],"curies":[{"name":"wp","href":"https:\/\/api.w.org\/{rel}","templated":true}]}}