
{"id":26454,"date":"2023-02-13T14:16:08","date_gmt":"2023-02-13T16:27:39","guid":{"rendered":"https:\/\/www.triangleeditorial.com\/producto\/gaudi-2\/"},"modified":"2025-04-03T11:35:27","modified_gmt":"2025-04-03T09:35:27","slug":"gaudi-2","status":"publish","type":"product","link":"https:\/\/triangle.cat\/fr\/producto\/gaudi-2\/","title":{"rendered":"Gaud\u00ed"},"content":{"rendered":"","protected":false},"excerpt":{"rendered":"<p>Ce livre pr\u00e9sente toute la ma\u00eetrise et le g\u00e9nie de Gaud\u00ed dans toute sa splendeur et \u00e0 travers ses \u0153uvres, gr\u00e2ce aux meilleures photographies, \u00e0 des textes descriptifs de chaque \u0153uvre, des croquis, des maquettes, des projections isom\u00e9triques et des vid\u00e9os exclusifs. Gaud\u00ed, architecte singulier est un livre indispensable pour conna\u00eetre l\u2019\u0153uvre d\u2019un architecte reconnu au plan mondial pour \u00eatre un cr\u00e9ateur de g\u00e9nie. Ainsi en t\u00e9moigne l\u2019UNESCO qui a inscrit une bonne partie de ses \u00e9difices au Patrimoine Mondial de l\u2019Humanit\u00e9.<\/p>\n","protected":false},"featured_media":43950,"comment_status":"closed","ping_status":"closed","template":"","meta":{"_acf_changed":false,"_monsterinsights_skip_tracking":false,"_monsterinsights_sitenote_active":false,"_monsterinsights_sitenote_note":"","_monsterinsights_sitenote_category":0},"product_brand":[],"product_cat":[1557,1536],"product_tag":[990,1031,1000,1007,1032],"class_list":{"0":"post-26454","1":"product","2":"type-product","3":"status-publish","4":"has-post-thumbnail","6":"product_cat-antoni-gaudi-fr","7":"product_cat-art-architecture-fr","8":"product_tag-allemand-fr","9":"product_tag-anglais-fr","10":"product_tag-espagnol-fr","11":"product_tag-francais-fr-2","12":"product_tag-italien","13":"pa_idioma-catalan-fr","14":"pa_idioma-deutsch-fr","15":"pa_idioma-english-fr","16":"pa_idioma-espanol-fr-2","17":"pa_idioma-francais-fr","18":"pa_idioma-italiano-fr","20":"first","21":"outofstock","22":"taxable","23":"shipping-taxable","24":"purchasable","25":"product-type-variable","26":"has-default-attributes"},"acf":[],"_links":{"self":[{"href":"https:\/\/triangle.cat\/fr\/wp-json\/wp\/v2\/product\/26454","targetHints":{"allow":["GET"]}}],"collection":[{"href":"https:\/\/triangle.cat\/fr\/wp-json\/wp\/v2\/product"}],"about":[{"href":"https:\/\/triangle.cat\/fr\/wp-json\/wp\/v2\/types\/product"}],"replies":[{"embeddable":true,"href":"https:\/\/triangle.cat\/fr\/wp-json\/wp\/v2\/comments?post=26454"}],"wp:featuredmedia":[{"embeddable":true,"href":"https:\/\/triangle.cat\/fr\/wp-json\/wp\/v2\/media\/43950"}],"wp:attachment":[{"href":"https:\/\/triangle.cat\/fr\/wp-json\/wp\/v2\/media?parent=26454"}],"wp:term":[{"taxonomy":"product_brand","embeddable":true,"href":"https:\/\/triangle.cat\/fr\/wp-json\/wp\/v2\/product_brand?post=26454"},{"taxonomy":"product_cat","embeddable":true,"href":"https:\/\/triangle.cat\/fr\/wp-json\/wp\/v2\/product_cat?post=26454"},{"taxonomy":"product_tag","embeddable":true,"href":"https:\/\/triangle.cat\/fr\/wp-json\/wp\/v2\/product_tag?post=26454"}],"curies":[{"name":"wp","href":"https:\/\/api.w.org\/{rel}","templated":true}]}}