
{"id":26441,"date":"2023-02-13T14:15:02","date_gmt":"2023-02-13T16:26:21","guid":{"rendered":"https:\/\/www.triangleeditorial.com\/producto\/palau-de-la-musica-catalana\/"},"modified":"2023-02-13T16:27:09","modified_gmt":"2023-02-13T16:27:09","slug":"palau-de-la-musica-catalana","status":"publish","type":"product","link":"https:\/\/triangle.cat\/fr\/producto\/palau-de-la-musica-catalana\/","title":{"rendered":"Palau de la M\u00fasica Catalana"},"content":{"rendered":"","protected":false},"excerpt":{"rendered":"<p>Depuis 1908, ce joyau du modernisme catalan est le centre musical de Barcelone. Du fait de sa grande valeur symbolique et architectonique, cet \u00e9difice de Llu\u00eds Dom\u00e8nech i Montaner est inscrit au Patrimoine mondial de l\u2019Humanit\u00e9. Ce guide pr\u00e9sente tous les espaces de l\u2019\u00e9difice en incluant les derniers remodelages.<\/p>\n","protected":false},"featured_media":22064,"comment_status":"closed","ping_status":"open","template":"","meta":{"_acf_changed":false,"_monsterinsights_skip_tracking":false,"_monsterinsights_sitenote_active":false,"_monsterinsights_sitenote_note":"","_monsterinsights_sitenote_category":0},"product_brand":[],"product_cat":[1498,1539,1500,1510],"product_tag":[990,1031,961,1000,1007,1032,1088],"class_list":{"0":"post-26441","1":"product","2":"type-product","3":"status-publish","4":"has-post-thumbnail","6":"product_cat-art-arquitecture","7":"product_cat-barcelone-fr","8":"product_cat-barcelone","9":"product_cat-photoguides-fr","10":"product_tag-allemand-fr","11":"product_tag-anglais-fr","12":"product_tag-catalan-fr","13":"product_tag-espagnol-fr","14":"product_tag-francais-fr-2","15":"product_tag-italien","16":"product_tag-russe-fr","17":"pa_idioma-catalan-fr","18":"pa_idioma-deutsch-fr","19":"pa_idioma-english-fr","20":"pa_idioma-espanol-fr-2","21":"pa_idioma-francais-fr","22":"pa_idioma-italiano-fr","23":"pa_idioma--fr","25":"first","26":"instock","27":"taxable","28":"shipping-taxable","29":"purchasable","30":"product-type-variable","31":"has-default-attributes"},"acf":[],"_links":{"self":[{"href":"https:\/\/triangle.cat\/fr\/wp-json\/wp\/v2\/product\/26441","targetHints":{"allow":["GET"]}}],"collection":[{"href":"https:\/\/triangle.cat\/fr\/wp-json\/wp\/v2\/product"}],"about":[{"href":"https:\/\/triangle.cat\/fr\/wp-json\/wp\/v2\/types\/product"}],"replies":[{"embeddable":true,"href":"https:\/\/triangle.cat\/fr\/wp-json\/wp\/v2\/comments?post=26441"}],"wp:featuredmedia":[{"embeddable":true,"href":"https:\/\/triangle.cat\/fr\/wp-json\/wp\/v2\/media\/22064"}],"wp:attachment":[{"href":"https:\/\/triangle.cat\/fr\/wp-json\/wp\/v2\/media?parent=26441"}],"wp:term":[{"taxonomy":"product_brand","embeddable":true,"href":"https:\/\/triangle.cat\/fr\/wp-json\/wp\/v2\/product_brand?post=26441"},{"taxonomy":"product_cat","embeddable":true,"href":"https:\/\/triangle.cat\/fr\/wp-json\/wp\/v2\/product_cat?post=26441"},{"taxonomy":"product_tag","embeddable":true,"href":"https:\/\/triangle.cat\/fr\/wp-json\/wp\/v2\/product_tag?post=26441"}],"curies":[{"name":"wp","href":"https:\/\/api.w.org\/{rel}","templated":true}]}}