
{"id":26432,"date":"2023-02-13T14:13:00","date_gmt":"2023-02-13T16:23:46","guid":{"rendered":"https:\/\/www.triangleeditorial.com\/producto\/theatre-musee-dali\/"},"modified":"2023-04-11T11:43:52","modified_gmt":"2023-04-11T11:43:52","slug":"theatre-musee-dali","status":"publish","type":"product","link":"https:\/\/triangle.cat\/fr\/producto\/theatre-musee-dali\/","title":{"rendered":"Th\u00e9\u00e2tre-mus\u00e9e Dal\u00ed"},"content":{"rendered":"","protected":false},"excerpt":{"rendered":"<p>Un parcours ordonn\u00e9 et complet dans le th\u00e9\u00e2tre-mus\u00e9e que Dal\u00ed con\u00e7ut \u00e0 Figueres. De nombreuses photographies comment\u00e9es, des renseignements historiques, des notes biographiques, des curiosit\u00e9s et un plan explicatif de l\u2019enceinte sont r\u00e9unis dans ce guide.<\/p>\n","protected":false},"featured_media":22051,"comment_status":"closed","ping_status":"closed","template":"","meta":{"_acf_changed":false,"_monsterinsights_skip_tracking":false,"_monsterinsights_sitenote_active":false,"_monsterinsights_sitenote_note":"","_monsterinsights_sitenote_category":0},"product_brand":[],"product_cat":[1498,1504,1510,1548],"product_tag":[990,1031,961,1000,1007,1032,1094,1088],"class_list":{"0":"post-26432","1":"product","2":"type-product","3":"status-publish","4":"has-post-thumbnail","6":"product_cat-art-arquitecture","7":"product_cat-catalogne","8":"product_cat-photoguides-fr","9":"product_cat-salvador-dali-fr","10":"product_tag-allemand-fr","11":"product_tag-anglais-fr","12":"product_tag-catalan-fr","13":"product_tag-espagnol-fr","14":"product_tag-francais-fr-2","15":"product_tag-italien","16":"product_tag-japonais-fr","17":"product_tag-russe-fr","18":"pa_idioma-catalan-fr","19":"pa_idioma-deutsch-fr","20":"pa_idioma-english-fr","21":"pa_idioma-espanol-fr-2","22":"pa_idioma-francais-fr","23":"pa_idioma-italiano-fr","24":"pa_idioma--fr","27":"first","28":"instock","29":"taxable","30":"shipping-taxable","31":"purchasable","32":"product-type-variable","33":"has-default-attributes"},"acf":[],"_links":{"self":[{"href":"https:\/\/triangle.cat\/fr\/wp-json\/wp\/v2\/product\/26432","targetHints":{"allow":["GET"]}}],"collection":[{"href":"https:\/\/triangle.cat\/fr\/wp-json\/wp\/v2\/product"}],"about":[{"href":"https:\/\/triangle.cat\/fr\/wp-json\/wp\/v2\/types\/product"}],"replies":[{"embeddable":true,"href":"https:\/\/triangle.cat\/fr\/wp-json\/wp\/v2\/comments?post=26432"}],"wp:featuredmedia":[{"embeddable":true,"href":"https:\/\/triangle.cat\/fr\/wp-json\/wp\/v2\/media\/22051"}],"wp:attachment":[{"href":"https:\/\/triangle.cat\/fr\/wp-json\/wp\/v2\/media?parent=26432"}],"wp:term":[{"taxonomy":"product_brand","embeddable":true,"href":"https:\/\/triangle.cat\/fr\/wp-json\/wp\/v2\/product_brand?post=26432"},{"taxonomy":"product_cat","embeddable":true,"href":"https:\/\/triangle.cat\/fr\/wp-json\/wp\/v2\/product_cat?post=26432"},{"taxonomy":"product_tag","embeddable":true,"href":"https:\/\/triangle.cat\/fr\/wp-json\/wp\/v2\/product_tag?post=26432"}],"curies":[{"name":"wp","href":"https:\/\/api.w.org\/{rel}","templated":true}]}}