
{"id":26430,"date":"2023-02-13T14:12:30","date_gmt":"2023-02-13T16:23:33","guid":{"rendered":"https:\/\/www.triangleeditorial.com\/producto\/formentera-2\/"},"modified":"2023-02-13T16:23:48","modified_gmt":"2023-02-13T16:23:48","slug":"formentera-2","status":"publish","type":"product","link":"https:\/\/triangle.cat\/fr\/producto\/formentera-2\/","title":{"rendered":"Formentera"},"content":{"rendered":"","protected":false},"excerpt":{"rendered":"<p>La photographe Eva Parey nous fait d\u00e9couvrir les racines de l\u2019\u00eele de Formentera \u00e0 travers les portraits intimes de familles traditionnelles dont l\u2019\u00e9conomie d\u00e9pend encore de la terre et de la mer. Un voyage \u00e0 l\u2019int\u00e9rieur d\u2019un territoire aride et sec qui a fa\u00e7onn\u00e9 le caract\u00e8re des habitants.<\/p>\n","protected":false},"featured_media":25102,"comment_status":"closed","ping_status":"closed","template":"","meta":{"_acf_changed":false,"_monsterinsights_skip_tracking":false,"_monsterinsights_sitenote_active":false,"_monsterinsights_sitenote_note":"","_monsterinsights_sitenote_category":0},"product_brand":[],"product_cat":[1551,1555],"product_tag":[],"class_list":{"0":"post-26430","1":"product","2":"type-product","3":"status-publish","4":"has-post-thumbnail","6":"product_cat-ibiza-formentera-fr","7":"product_cat-photographie-design","8":"pa_idioma-multilingue-catala-espanol-english-francais-italiano-fr","10":"first","11":"instock","12":"taxable","13":"shipping-taxable","14":"purchasable","15":"product-type-variable","16":"has-default-attributes"},"acf":[],"_links":{"self":[{"href":"https:\/\/triangle.cat\/fr\/wp-json\/wp\/v2\/product\/26430","targetHints":{"allow":["GET"]}}],"collection":[{"href":"https:\/\/triangle.cat\/fr\/wp-json\/wp\/v2\/product"}],"about":[{"href":"https:\/\/triangle.cat\/fr\/wp-json\/wp\/v2\/types\/product"}],"replies":[{"embeddable":true,"href":"https:\/\/triangle.cat\/fr\/wp-json\/wp\/v2\/comments?post=26430"}],"wp:featuredmedia":[{"embeddable":true,"href":"https:\/\/triangle.cat\/fr\/wp-json\/wp\/v2\/media\/25102"}],"wp:attachment":[{"href":"https:\/\/triangle.cat\/fr\/wp-json\/wp\/v2\/media?parent=26430"}],"wp:term":[{"taxonomy":"product_brand","embeddable":true,"href":"https:\/\/triangle.cat\/fr\/wp-json\/wp\/v2\/product_brand?post=26430"},{"taxonomy":"product_cat","embeddable":true,"href":"https:\/\/triangle.cat\/fr\/wp-json\/wp\/v2\/product_cat?post=26430"},{"taxonomy":"product_tag","embeddable":true,"href":"https:\/\/triangle.cat\/fr\/wp-json\/wp\/v2\/product_tag?post=26430"}],"curies":[{"name":"wp","href":"https:\/\/api.w.org\/{rel}","templated":true}]}}