
{"id":26409,"date":"2023-02-13T14:09:53","date_gmt":"2023-02-13T16:20:24","guid":{"rendered":"https:\/\/www.triangleeditorial.com\/producto\/empuries\/"},"modified":"2025-02-26T17:41:27","modified_gmt":"2025-02-26T15:41:27","slug":"empuries","status":"publish","type":"product","link":"https:\/\/triangle.cat\/fr\/producto\/empuries\/","title":{"rendered":"Emp\u00faries"},"content":{"rendered":"","protected":false},"excerpt":{"rendered":"<p>Ce photo-guide explique en d\u00e9tail les origines de la pr\u00e9sence grecque et romaine \u00e0 Emp\u00faries, lieu d\u2019arriv\u00e9e du monde classique dans la p\u00e9ninsule Ib\u00e9rique. La vigueur des deux villes fit d\u2019Emp\u00faries un creuset de cultures. C\u2019est un parcours visuel, illustr\u00e9 avec les principales pi\u00e8ces qu\u2019abrite le mus\u00e9e, qui permet de d\u00e9couvrir la beaut\u00e9 de l\u2019ensemble arch\u00e9ologique d\u2019Emp\u00faries, un v\u00e9ritable tr\u00e9sor classique au c\u0153ur de l\u2019Ampourdan.<\/p>\n","protected":false},"featured_media":22029,"comment_status":"closed","ping_status":"open","template":"","meta":{"_acf_changed":false,"_monsterinsights_skip_tracking":false,"_monsterinsights_sitenote_active":false,"_monsterinsights_sitenote_note":"","_monsterinsights_sitenote_category":0},"product_brand":[],"product_cat":[1536,1498,1504,1560,1510],"product_tag":[990,1031,961,1000,1007,1032],"class_list":{"0":"post-26409","1":"product","2":"type-product","3":"status-publish","4":"has-post-thumbnail","6":"product_cat-art-architecture-fr","7":"product_cat-art-arquitecture","8":"product_cat-catalogne","9":"product_cat-gerone-costa-brava","10":"product_cat-photoguides-fr","11":"product_tag-allemand-fr","12":"product_tag-anglais-fr","13":"product_tag-catalan-fr","14":"product_tag-espagnol-fr","15":"product_tag-francais-fr-2","16":"product_tag-italien","17":"pa_idioma-catalan-fr","18":"pa_idioma-deutsch-fr","19":"pa_idioma-english-fr","20":"pa_idioma-espanol-fr-2","21":"pa_idioma-francais-fr","22":"pa_idioma-italiano-fr","24":"first","25":"instock","26":"taxable","27":"shipping-taxable","28":"purchasable","29":"product-type-variable","30":"has-default-attributes"},"acf":[],"_links":{"self":[{"href":"https:\/\/triangle.cat\/fr\/wp-json\/wp\/v2\/product\/26409","targetHints":{"allow":["GET"]}}],"collection":[{"href":"https:\/\/triangle.cat\/fr\/wp-json\/wp\/v2\/product"}],"about":[{"href":"https:\/\/triangle.cat\/fr\/wp-json\/wp\/v2\/types\/product"}],"replies":[{"embeddable":true,"href":"https:\/\/triangle.cat\/fr\/wp-json\/wp\/v2\/comments?post=26409"}],"wp:featuredmedia":[{"embeddable":true,"href":"https:\/\/triangle.cat\/fr\/wp-json\/wp\/v2\/media\/22029"}],"wp:attachment":[{"href":"https:\/\/triangle.cat\/fr\/wp-json\/wp\/v2\/media?parent=26409"}],"wp:term":[{"taxonomy":"product_brand","embeddable":true,"href":"https:\/\/triangle.cat\/fr\/wp-json\/wp\/v2\/product_brand?post=26409"},{"taxonomy":"product_cat","embeddable":true,"href":"https:\/\/triangle.cat\/fr\/wp-json\/wp\/v2\/product_cat?post=26409"},{"taxonomy":"product_tag","embeddable":true,"href":"https:\/\/triangle.cat\/fr\/wp-json\/wp\/v2\/product_tag?post=26409"}],"curies":[{"name":"wp","href":"https:\/\/api.w.org\/{rel}","templated":true}]}}