
{"id":26407,"date":"2023-02-13T14:09:48","date_gmt":"2023-02-13T16:20:12","guid":{"rendered":"https:\/\/www.triangleeditorial.com\/producto\/barcelona-festes\/"},"modified":"2025-04-01T09:53:57","modified_gmt":"2025-04-01T07:53:57","slug":"barcelona-festes","status":"publish","type":"product","link":"https:\/\/triangle.cat\/fr\/producto\/barcelona-festes\/","title":{"rendered":"Barcelona festes"},"content":{"rendered":"","protected":false},"excerpt":{"rendered":"<p>Nous Barcelonais, nous adorons les f\u00eates. La f\u00eate, nous la construisons, nous la vivons intens\u00e9ment ; c\u2019est le point le plus \u00e9lev\u00e9 d\u2019expression de la vie citoyenne. En d\u00e9finitive, nous en jouissons. Gr\u00e2ce \u00e0 ce livre, vous pourrez vous aussi profiter de la vitalit\u00e9 des f\u00eates traditionnelles de Barcelone qui occupent la rue toute l\u2019ann\u00e9e. Barcelone fait la f\u00eate !<\/p>\n","protected":false},"featured_media":16752,"comment_status":"closed","ping_status":"closed","template":"","meta":{"_acf_changed":false,"_monsterinsights_skip_tracking":false,"_monsterinsights_sitenote_active":false,"_monsterinsights_sitenote_note":"","_monsterinsights_sitenote_category":0},"product_brand":[],"product_cat":[1539,1531,1459],"product_tag":[],"class_list":{"0":"post-26407","1":"product","2":"type-product","3":"status-publish","4":"has-post-thumbnail","6":"product_cat-barcelone-fr","7":"product_cat-livres","8":"product_cat-de-categoriser","9":"pa_idioma-multilingue-catala-espanol-english-fr","11":"first","12":"instock","13":"purchasable","14":"product-type-variable"},"acf":[],"_links":{"self":[{"href":"https:\/\/triangle.cat\/fr\/wp-json\/wp\/v2\/product\/26407","targetHints":{"allow":["GET"]}}],"collection":[{"href":"https:\/\/triangle.cat\/fr\/wp-json\/wp\/v2\/product"}],"about":[{"href":"https:\/\/triangle.cat\/fr\/wp-json\/wp\/v2\/types\/product"}],"replies":[{"embeddable":true,"href":"https:\/\/triangle.cat\/fr\/wp-json\/wp\/v2\/comments?post=26407"}],"wp:featuredmedia":[{"embeddable":true,"href":"https:\/\/triangle.cat\/fr\/wp-json\/wp\/v2\/media\/16752"}],"wp:attachment":[{"href":"https:\/\/triangle.cat\/fr\/wp-json\/wp\/v2\/media?parent=26407"}],"wp:term":[{"taxonomy":"product_brand","embeddable":true,"href":"https:\/\/triangle.cat\/fr\/wp-json\/wp\/v2\/product_brand?post=26407"},{"taxonomy":"product_cat","embeddable":true,"href":"https:\/\/triangle.cat\/fr\/wp-json\/wp\/v2\/product_cat?post=26407"},{"taxonomy":"product_tag","embeddable":true,"href":"https:\/\/triangle.cat\/fr\/wp-json\/wp\/v2\/product_tag?post=26407"}],"curies":[{"name":"wp","href":"https:\/\/api.w.org\/{rel}","templated":true}]}}