
{"id":26402,"date":"2023-02-13T14:09:22","date_gmt":"2023-02-13T16:19:41","guid":{"rendered":"https:\/\/www.triangleeditorial.com\/producto\/formentera\/"},"modified":"2023-02-13T16:20:14","modified_gmt":"2023-02-13T16:20:14","slug":"formentera","status":"publish","type":"product","link":"https:\/\/triangle.cat\/fr\/producto\/formentera\/","title":{"rendered":"Formentera"},"content":{"rendered":"","protected":false},"excerpt":{"rendered":"<p>Les distances sont toujours courtes \u00e0 Formentera, un monde tranquille qui r\u00e9clame d\u2019\u00eatre parcouru en bicyclette et sans se presser, pour profiter de ses murs de pierre, de ses figueraies monumentales et ses for\u00eats de gen\u00e9vriers. Ses plages, aptes pour la pratique du windsurf et de la voile, continuent \u00e0 s\u00e9duire les peintres et les \u00e9crivains venant de toutes les latitudes. Profitez-en avec le nouveau format du livre, plus grand et avec de nouvelles photos !<\/p>\n","protected":false},"featured_media":14293,"comment_status":"closed","ping_status":"open","template":"","meta":{"_acf_changed":false,"_monsterinsights_skip_tracking":false,"_monsterinsights_sitenote_active":false,"_monsterinsights_sitenote_note":"","_monsterinsights_sitenote_category":0},"product_brand":[],"product_cat":[1551],"product_tag":[990,1031,1000,1032],"class_list":{"0":"post-26402","1":"product","2":"type-product","3":"status-publish","4":"has-post-thumbnail","6":"product_cat-ibiza-formentera-fr","7":"product_tag-allemand-fr","8":"product_tag-anglais-fr","9":"product_tag-espagnol-fr","10":"product_tag-italien","11":"pa_idioma-deutsch-fr","12":"pa_idioma-english-fr","13":"pa_idioma-espanol-fr-2","14":"pa_idioma-italiano-fr","16":"first","17":"instock","18":"taxable","19":"shipping-taxable","20":"purchasable","21":"product-type-variable","22":"has-default-attributes"},"acf":[],"_links":{"self":[{"href":"https:\/\/triangle.cat\/fr\/wp-json\/wp\/v2\/product\/26402","targetHints":{"allow":["GET"]}}],"collection":[{"href":"https:\/\/triangle.cat\/fr\/wp-json\/wp\/v2\/product"}],"about":[{"href":"https:\/\/triangle.cat\/fr\/wp-json\/wp\/v2\/types\/product"}],"replies":[{"embeddable":true,"href":"https:\/\/triangle.cat\/fr\/wp-json\/wp\/v2\/comments?post=26402"}],"wp:featuredmedia":[{"embeddable":true,"href":"https:\/\/triangle.cat\/fr\/wp-json\/wp\/v2\/media\/14293"}],"wp:attachment":[{"href":"https:\/\/triangle.cat\/fr\/wp-json\/wp\/v2\/media?parent=26402"}],"wp:term":[{"taxonomy":"product_brand","embeddable":true,"href":"https:\/\/triangle.cat\/fr\/wp-json\/wp\/v2\/product_brand?post=26402"},{"taxonomy":"product_cat","embeddable":true,"href":"https:\/\/triangle.cat\/fr\/wp-json\/wp\/v2\/product_cat?post=26402"},{"taxonomy":"product_tag","embeddable":true,"href":"https:\/\/triangle.cat\/fr\/wp-json\/wp\/v2\/product_tag?post=26402"}],"curies":[{"name":"wp","href":"https:\/\/api.w.org\/{rel}","templated":true}]}}