
{"id":24749,"date":"2023-02-13T11:17:10","date_gmt":"2023-02-13T13:10:24","guid":{"rendered":"https:\/\/www.triangleeditorial.com\/producto\/eivissa-ibiza-2\/"},"modified":"2023-03-08T11:50:57","modified_gmt":"2023-03-08T11:50:57","slug":"eivissa-ibiza-2","status":"publish","type":"product","link":"https:\/\/triangle.cat\/fr\/producto\/eivissa-ibiza-2\/","title":{"rendered":"Eivissa | Ibiza"},"content":{"rendered":"","protected":false},"excerpt":{"rendered":"<p>Jaume Balany\u00e0 nous emm\u00e8ne dans une Ibiza surann\u00e9e au caract\u00e8re bien tremp\u00e9 pour nous montrer son architecture, son paysage et, surtout, ses habitants. Alors qu\u2019il faisait son ennuyeux service militaire \u00e0 Ibiza, le jeune photographe qu\u2019il \u00e9tait \u00e0 l\u2019\u00e9poque a pos\u00e9 son regard sur les rues d\u2019Ibiza-ville et a captur\u00e9 la vie de la capitale \u00eelienne, il a observ\u00e9 l\u2019arriv\u00e9e des \u00e9trangers et des hippies, il a fix\u00e9 sur sa pellicule le flegme l\u00e9gendaire des Ibiziens et, parcourant l\u2019\u00eele \u00e0 v\u00e9lo, il s\u2019est empar\u00e9 de la beaut\u00e9 de son architecture et de sa vie traditionnelle.<\/p>\n","protected":false},"featured_media":30579,"comment_status":"closed","ping_status":"closed","template":"","meta":{"_acf_changed":false,"_monsterinsights_skip_tracking":false,"_monsterinsights_sitenote_active":false,"_monsterinsights_sitenote_note":"","_monsterinsights_sitenote_category":0},"product_brand":[],"product_cat":[1551,1555],"product_tag":[],"class_list":{"0":"post-24749","1":"product","2":"type-product","3":"status-publish","4":"has-post-thumbnail","6":"product_cat-ibiza-formentera-fr","7":"product_cat-photographie-design","8":"pa_idioma-multilingue-catala-espanol-english-fr","10":"first","11":"instock","12":"taxable","13":"shipping-taxable","14":"purchasable","15":"product-type-variable","16":"has-default-attributes"},"acf":[],"_links":{"self":[{"href":"https:\/\/triangle.cat\/fr\/wp-json\/wp\/v2\/product\/24749","targetHints":{"allow":["GET"]}}],"collection":[{"href":"https:\/\/triangle.cat\/fr\/wp-json\/wp\/v2\/product"}],"about":[{"href":"https:\/\/triangle.cat\/fr\/wp-json\/wp\/v2\/types\/product"}],"replies":[{"embeddable":true,"href":"https:\/\/triangle.cat\/fr\/wp-json\/wp\/v2\/comments?post=24749"}],"wp:featuredmedia":[{"embeddable":true,"href":"https:\/\/triangle.cat\/fr\/wp-json\/wp\/v2\/media\/30579"}],"wp:attachment":[{"href":"https:\/\/triangle.cat\/fr\/wp-json\/wp\/v2\/media?parent=24749"}],"wp:term":[{"taxonomy":"product_brand","embeddable":true,"href":"https:\/\/triangle.cat\/fr\/wp-json\/wp\/v2\/product_brand?post=24749"},{"taxonomy":"product_cat","embeddable":true,"href":"https:\/\/triangle.cat\/fr\/wp-json\/wp\/v2\/product_cat?post=24749"},{"taxonomy":"product_tag","embeddable":true,"href":"https:\/\/triangle.cat\/fr\/wp-json\/wp\/v2\/product_tag?post=24749"}],"curies":[{"name":"wp","href":"https:\/\/api.w.org\/{rel}","templated":true}]}}