
{"id":24741,"date":"2023-02-13T11:16:27","date_gmt":"2023-02-13T13:09:45","guid":{"rendered":"https:\/\/www.triangleeditorial.com\/producto\/eivissa-ibiza\/"},"modified":"2023-02-13T13:10:26","modified_gmt":"2023-02-13T13:10:26","slug":"eivissa-ibiza","status":"publish","type":"product","link":"https:\/\/triangle.cat\/fr\/producto\/eivissa-ibiza\/","title":{"rendered":"Eivissa \u2022 Ibiza"},"content":{"rendered":"","protected":false},"excerpt":{"rendered":"<p>Point de rencontre entre les cultures \u00e0 travers les si\u00e8cles, les Ph\u00e9niciens, Carthaginois, Romains, Arabes et Catalans trouv\u00e8rent sur cette \u00eele un lieu strat\u00e9gique pour la navigation  en M\u00e9diterran\u00e9e. Peut-\u00eatre \u00e0 cause de cette cohabitation multiculturelle s\u00e9culaire, ou pour des raisons qui \u00e9chappent \u00e0 l\u2019entendement  humain, ou justement parce que ce dernier existe ici, Ibiza irradie une tol\u00e9rance \u00e9vidente : chacun est comme il est \u00e0 Ibiza, chacun peut \u00eatre comme il veut. Le tout au milieu d\u2019un paysage naturel doux et ondul\u00e9, toujours en bordure  de mer et qui \u00e9l\u00e8ve l\u2019esprit jusqu\u2019\u00e0  des niveaux \u00e9lev\u00e9s de pl\u00e9nitude.<\/p>\n","protected":false},"featured_media":7617,"comment_status":"closed","ping_status":"open","template":"","meta":{"_acf_changed":false,"_monsterinsights_skip_tracking":false,"_monsterinsights_sitenote_active":false,"_monsterinsights_sitenote_note":"","_monsterinsights_sitenote_category":0},"product_brand":[],"product_cat":[1551],"product_tag":[990,1031,961,1000,1007,1032,1088],"class_list":{"0":"post-24741","1":"product","2":"type-product","3":"status-publish","4":"has-post-thumbnail","6":"product_cat-ibiza-formentera-fr","7":"product_tag-allemand-fr","8":"product_tag-anglais-fr","9":"product_tag-catalan-fr","10":"product_tag-espagnol-fr","11":"product_tag-francais-fr-2","12":"product_tag-italien","13":"product_tag-russe-fr","14":"pa_idioma-catalan-fr","15":"pa_idioma-deutsch-fr","16":"pa_idioma-english-fr","17":"pa_idioma-espanol-fr-2","18":"pa_idioma-francais-fr","19":"pa_idioma-italiano-fr","20":"pa_idioma--fr","22":"first","23":"instock","24":"taxable","25":"shipping-taxable","26":"purchasable","27":"product-type-variable","28":"has-default-attributes"},"acf":[],"_links":{"self":[{"href":"https:\/\/triangle.cat\/fr\/wp-json\/wp\/v2\/product\/24741","targetHints":{"allow":["GET"]}}],"collection":[{"href":"https:\/\/triangle.cat\/fr\/wp-json\/wp\/v2\/product"}],"about":[{"href":"https:\/\/triangle.cat\/fr\/wp-json\/wp\/v2\/types\/product"}],"replies":[{"embeddable":true,"href":"https:\/\/triangle.cat\/fr\/wp-json\/wp\/v2\/comments?post=24741"}],"wp:featuredmedia":[{"embeddable":true,"href":"https:\/\/triangle.cat\/fr\/wp-json\/wp\/v2\/media\/7617"}],"wp:attachment":[{"href":"https:\/\/triangle.cat\/fr\/wp-json\/wp\/v2\/media?parent=24741"}],"wp:term":[{"taxonomy":"product_brand","embeddable":true,"href":"https:\/\/triangle.cat\/fr\/wp-json\/wp\/v2\/product_brand?post=24741"},{"taxonomy":"product_cat","embeddable":true,"href":"https:\/\/triangle.cat\/fr\/wp-json\/wp\/v2\/product_cat?post=24741"},{"taxonomy":"product_tag","embeddable":true,"href":"https:\/\/triangle.cat\/fr\/wp-json\/wp\/v2\/product_tag?post=24741"}],"curies":[{"name":"wp","href":"https:\/\/api.w.org\/{rel}","templated":true}]}}