
{"id":24739,"date":"2023-02-13T11:13:48","date_gmt":"2023-02-13T13:08:04","guid":{"rendered":"https:\/\/www.triangleeditorial.com\/producto\/eriko-horiki\/"},"modified":"2023-02-13T13:09:46","modified_gmt":"2023-02-13T13:09:46","slug":"eriko-horiki","status":"publish","type":"product","link":"https:\/\/triangle.cat\/fr\/producto\/eriko-horiki\/","title":{"rendered":"Eriko Horiki"},"content":{"rendered":"","protected":false},"excerpt":{"rendered":"<p>Le washi, ou papier japonais, a une fonction essentielle dans la culture nippone. Il constitue le lien entre les dieux et les hommes, unis au travers de sa blancheur sp\u00e9ciale. Eriko Horiki, artiste, dessinatrice et artisane, a su r\u00e9interpr\u00e9ter l\u2019usage du washi en le dotant d\u2019un langage innovateur adapt\u00e9 aux espaces modernes.<\/p>\n","protected":false},"featured_media":22590,"comment_status":"closed","ping_status":"open","template":"","meta":{"_acf_changed":false,"_monsterinsights_skip_tracking":false,"_monsterinsights_sitenote_active":false,"_monsterinsights_sitenote_note":"","_monsterinsights_sitenote_category":0},"product_brand":[],"product_cat":[1536],"product_tag":[1031,1000,1094],"class_list":{"0":"post-24739","1":"product","2":"type-product","3":"status-publish","4":"has-post-thumbnail","6":"product_cat-art-architecture-fr","7":"product_tag-anglais-fr","8":"product_tag-espagnol-fr","9":"product_tag-japonais-fr","10":"pa_idioma-multilingue-espanol-english--fr","12":"first","13":"instock","14":"taxable","15":"shipping-taxable","16":"purchasable","17":"product-type-variable","18":"has-default-attributes"},"acf":[],"_links":{"self":[{"href":"https:\/\/triangle.cat\/fr\/wp-json\/wp\/v2\/product\/24739","targetHints":{"allow":["GET"]}}],"collection":[{"href":"https:\/\/triangle.cat\/fr\/wp-json\/wp\/v2\/product"}],"about":[{"href":"https:\/\/triangle.cat\/fr\/wp-json\/wp\/v2\/types\/product"}],"replies":[{"embeddable":true,"href":"https:\/\/triangle.cat\/fr\/wp-json\/wp\/v2\/comments?post=24739"}],"wp:featuredmedia":[{"embeddable":true,"href":"https:\/\/triangle.cat\/fr\/wp-json\/wp\/v2\/media\/22590"}],"wp:attachment":[{"href":"https:\/\/triangle.cat\/fr\/wp-json\/wp\/v2\/media?parent=24739"}],"wp:term":[{"taxonomy":"product_brand","embeddable":true,"href":"https:\/\/triangle.cat\/fr\/wp-json\/wp\/v2\/product_brand?post=24739"},{"taxonomy":"product_cat","embeddable":true,"href":"https:\/\/triangle.cat\/fr\/wp-json\/wp\/v2\/product_cat?post=24739"},{"taxonomy":"product_tag","embeddable":true,"href":"https:\/\/triangle.cat\/fr\/wp-json\/wp\/v2\/product_tag?post=24739"}],"curies":[{"name":"wp","href":"https:\/\/api.w.org\/{rel}","templated":true}]}}