
{"id":24737,"date":"2023-02-13T11:13:36","date_gmt":"2023-02-13T13:07:53","guid":{"rendered":"https:\/\/www.triangleeditorial.com\/producto\/explora-catalunya\/"},"modified":"2023-02-13T13:08:06","modified_gmt":"2023-02-13T13:08:06","slug":"explora-catalunya","status":"publish","type":"product","link":"https:\/\/triangle.cat\/fr\/producto\/explora-catalunya\/","title":{"rendered":"Explora Catalunya"},"content":{"rendered":"","protected":false},"excerpt":{"rendered":"<p>24 exp\u00e9riences uniques. C\u2019est ce que nous offre ce livre de 24 excellentes narrations de Cori Calero, qui fait le portrait des lieux et des personnes dans un style qui fait qu\u2019on se retrouve en eux. Cori Calero a choisi 24 parmi ses nombreux reportages \u00e0 travers la Catalogne du programme Espai Terra de TV3 pour nous faire d\u00e9couvrir des histoires, des paysages et un patrimoine culturel du territoire (presque) inconnus. Avec les textes de Cori Calero, accompagn\u00e9s de magnifiques photographies et un code QR dans chaque chapitre qui vous renverra directement au reportage t\u00e9l\u00e9visuel correspondant, vous pourrez vivre 24 exp\u00e9riences uniques et pr\u00e9parer, si vous le souhaitez, 24 week-ends inoubliables.<\/p>\n","protected":false},"featured_media":16412,"comment_status":"closed","ping_status":"open","template":"","meta":{"_acf_changed":false,"_monsterinsights_skip_tracking":false,"_monsterinsights_sitenote_active":false,"_monsterinsights_sitenote_note":"","_monsterinsights_sitenote_category":0},"product_brand":[],"product_cat":[1498,1504,1542],"product_tag":[961],"class_list":{"0":"post-24737","1":"product","2":"type-product","3":"status-publish","4":"has-post-thumbnail","6":"product_cat-art-arquitecture","7":"product_cat-catalogne","8":"product_cat-catalogne-fr","9":"product_tag-catalan-fr","10":"pa_idioma-catalan-fr","12":"first","13":"instock","14":"taxable","15":"shipping-taxable","16":"purchasable","17":"product-type-variable","18":"has-default-attributes"},"acf":[],"_links":{"self":[{"href":"https:\/\/triangle.cat\/fr\/wp-json\/wp\/v2\/product\/24737","targetHints":{"allow":["GET"]}}],"collection":[{"href":"https:\/\/triangle.cat\/fr\/wp-json\/wp\/v2\/product"}],"about":[{"href":"https:\/\/triangle.cat\/fr\/wp-json\/wp\/v2\/types\/product"}],"replies":[{"embeddable":true,"href":"https:\/\/triangle.cat\/fr\/wp-json\/wp\/v2\/comments?post=24737"}],"wp:featuredmedia":[{"embeddable":true,"href":"https:\/\/triangle.cat\/fr\/wp-json\/wp\/v2\/media\/16412"}],"wp:attachment":[{"href":"https:\/\/triangle.cat\/fr\/wp-json\/wp\/v2\/media?parent=24737"}],"wp:term":[{"taxonomy":"product_brand","embeddable":true,"href":"https:\/\/triangle.cat\/fr\/wp-json\/wp\/v2\/product_brand?post=24737"},{"taxonomy":"product_cat","embeddable":true,"href":"https:\/\/triangle.cat\/fr\/wp-json\/wp\/v2\/product_cat?post=24737"},{"taxonomy":"product_tag","embeddable":true,"href":"https:\/\/triangle.cat\/fr\/wp-json\/wp\/v2\/product_tag?post=24737"}],"curies":[{"name":"wp","href":"https:\/\/api.w.org\/{rel}","templated":true}]}}