
{"id":24719,"date":"2023-02-13T11:10:59","date_gmt":"2023-02-13T13:05:46","guid":{"rendered":"https:\/\/www.triangleeditorial.com\/producto\/dali-2\/"},"modified":"2023-02-13T13:06:27","modified_gmt":"2023-02-13T13:06:27","slug":"dali-2","status":"publish","type":"product","link":"https:\/\/triangle.cat\/fr\/producto\/dali-2\/","title":{"rendered":"Dal\u00ed"},"content":{"rendered":"","protected":false},"excerpt":{"rendered":"<p>Salvador Dal\u00ed fit du paysage ampourdanais un symbole du surr\u00e9alisme. L\u2019\u0153uvre du g\u00e9nial peintre catalan est ins\u00e9parable de sa g\u00e9ographie natale. La meilleure preuve se trouve dans les espaces du Th\u00e9\u00e2tre-Mus\u00e9e Dal\u00ed, \u00e0 Figueres, de la maison de Portlligat et du ch\u00e2teau de P\u00fabol. Trois pointes du triangle dans lequel se d\u00e9roula une bonne partie de la vie quotidienne de l\u2019artiste.<\/p>\n","protected":false},"featured_media":7599,"comment_status":"closed","ping_status":"open","template":"","meta":{"_acf_changed":false,"_monsterinsights_skip_tracking":false,"_monsterinsights_sitenote_active":false,"_monsterinsights_sitenote_note":"","_monsterinsights_sitenote_category":0},"product_brand":[],"product_cat":[1560,1548],"product_tag":[990,1031,961,1000,1007,1032,1088],"class_list":{"0":"post-24719","1":"product","2":"type-product","3":"status-publish","4":"has-post-thumbnail","6":"product_cat-gerone-costa-brava","7":"product_cat-salvador-dali-fr","8":"product_tag-allemand-fr","9":"product_tag-anglais-fr","10":"product_tag-catalan-fr","11":"product_tag-espagnol-fr","12":"product_tag-francais-fr-2","13":"product_tag-italien","14":"product_tag-russe-fr","15":"pa_idioma-catalan-fr","16":"pa_idioma-deutsch-fr","17":"pa_idioma-english-fr","18":"pa_idioma-espanol-fr-2","19":"pa_idioma-francais-fr","20":"pa_idioma-italiano-fr","21":"pa_idioma--fr","23":"first","24":"instock","25":"taxable","26":"shipping-taxable","27":"purchasable","28":"product-type-variable","29":"has-default-attributes"},"acf":[],"_links":{"self":[{"href":"https:\/\/triangle.cat\/fr\/wp-json\/wp\/v2\/product\/24719","targetHints":{"allow":["GET"]}}],"collection":[{"href":"https:\/\/triangle.cat\/fr\/wp-json\/wp\/v2\/product"}],"about":[{"href":"https:\/\/triangle.cat\/fr\/wp-json\/wp\/v2\/types\/product"}],"replies":[{"embeddable":true,"href":"https:\/\/triangle.cat\/fr\/wp-json\/wp\/v2\/comments?post=24719"}],"wp:featuredmedia":[{"embeddable":true,"href":"https:\/\/triangle.cat\/fr\/wp-json\/wp\/v2\/media\/7599"}],"wp:attachment":[{"href":"https:\/\/triangle.cat\/fr\/wp-json\/wp\/v2\/media?parent=24719"}],"wp:term":[{"taxonomy":"product_brand","embeddable":true,"href":"https:\/\/triangle.cat\/fr\/wp-json\/wp\/v2\/product_brand?post=24719"},{"taxonomy":"product_cat","embeddable":true,"href":"https:\/\/triangle.cat\/fr\/wp-json\/wp\/v2\/product_cat?post=24719"},{"taxonomy":"product_tag","embeddable":true,"href":"https:\/\/triangle.cat\/fr\/wp-json\/wp\/v2\/product_tag?post=24719"}],"curies":[{"name":"wp","href":"https:\/\/api.w.org\/{rel}","templated":true}]}}