
{"id":24696,"date":"2023-02-13T11:07:36","date_gmt":"2023-02-13T13:02:38","guid":{"rendered":"https:\/\/www.triangleeditorial.com\/producto\/mallorca\/"},"modified":"2026-01-04T13:08:20","modified_gmt":"2026-01-04T11:08:20","slug":"mallorca","status":"publish","type":"product","link":"https:\/\/triangle.cat\/fr\/producto\/mallorca\/","title":{"rendered":"Mallorca"},"content":{"rendered":"","protected":false},"excerpt":{"rendered":"<p>La cuisine de Majorque est un m\u00e9lange de tradition et d\u2019exotisme. Parmi ses plats les plus appr\u00e9ci\u00e9s, on remarquera le tumbet, la soupe de l\u00e9gumes au pain noir, le frit mallorqu\u00ed, ou la caldereta de langouste. Cet ouvrage vous permettra de d\u00e9couvrir la culture gastronomique et de pr\u00e9parer les rago\u00fbts les plus caract\u00e9ristiques de l\u2019\u00eele.<\/p>\n","protected":false},"featured_media":8637,"comment_status":"closed","ping_status":"closed","template":"","meta":{"_acf_changed":false,"_monsterinsights_skip_tracking":false,"_monsterinsights_sitenote_active":false,"_monsterinsights_sitenote_note":"","_monsterinsights_sitenote_category":0},"product_brand":[],"product_cat":[1546,1569],"product_tag":[990,1031,961,1000,1007,1088],"class_list":{"0":"post-24696","1":"product","2":"type-product","3":"status-publish","4":"has-post-thumbnail","6":"product_cat-cuisine-gastronomie","7":"product_cat-majorque","8":"product_tag-allemand-fr","9":"product_tag-anglais-fr","10":"product_tag-catalan-fr","11":"product_tag-espagnol-fr","12":"product_tag-francais-fr-2","13":"product_tag-russe-fr","14":"pa_idioma-catalan-fr","15":"pa_idioma-deutsch-fr","16":"pa_idioma-english-fr","17":"pa_idioma-espanol-fr-2","18":"pa_idioma-francais-fr","19":"pa_idioma--fr","21":"first","22":"instock","23":"taxable","24":"shipping-taxable","25":"purchasable","26":"product-type-variable","27":"has-default-attributes"},"acf":[],"_links":{"self":[{"href":"https:\/\/triangle.cat\/fr\/wp-json\/wp\/v2\/product\/24696","targetHints":{"allow":["GET"]}}],"collection":[{"href":"https:\/\/triangle.cat\/fr\/wp-json\/wp\/v2\/product"}],"about":[{"href":"https:\/\/triangle.cat\/fr\/wp-json\/wp\/v2\/types\/product"}],"replies":[{"embeddable":true,"href":"https:\/\/triangle.cat\/fr\/wp-json\/wp\/v2\/comments?post=24696"}],"wp:featuredmedia":[{"embeddable":true,"href":"https:\/\/triangle.cat\/fr\/wp-json\/wp\/v2\/media\/8637"}],"wp:attachment":[{"href":"https:\/\/triangle.cat\/fr\/wp-json\/wp\/v2\/media?parent=24696"}],"wp:term":[{"taxonomy":"product_brand","embeddable":true,"href":"https:\/\/triangle.cat\/fr\/wp-json\/wp\/v2\/product_brand?post=24696"},{"taxonomy":"product_cat","embeddable":true,"href":"https:\/\/triangle.cat\/fr\/wp-json\/wp\/v2\/product_cat?post=24696"},{"taxonomy":"product_tag","embeddable":true,"href":"https:\/\/triangle.cat\/fr\/wp-json\/wp\/v2\/product_tag?post=24696"}],"curies":[{"name":"wp","href":"https:\/\/api.w.org\/{rel}","templated":true}]}}