
{"id":24689,"date":"2023-02-13T11:06:58","date_gmt":"2023-02-13T13:02:02","guid":{"rendered":"https:\/\/www.triangleeditorial.com\/producto\/ibiza-formentera\/"},"modified":"2023-02-13T13:02:40","modified_gmt":"2023-02-13T13:02:40","slug":"ibiza-formentera","status":"publish","type":"product","link":"https:\/\/triangle.cat\/fr\/producto\/ibiza-formentera\/","title":{"rendered":"Ibiza &#038; Formentera"},"content":{"rendered":"","protected":false},"excerpt":{"rendered":"<p>\u00c0 Ibiza \u2014 Eivissa en catalan\u00a0\u2014 et Formentera, qui durant des si\u00e8cles furent des \u00eeles v\u00e9ritablement isol\u00e9es, s\u2019est configur\u00e9e une cuisine \u00e9labor\u00e9e avec des produits de saison bas\u00e9e sur la trilogie m\u00e9diterran\u00e9enne\u00a0: le bl\u00e9, le vin et l\u2019huile d\u2019olive. Ces \u00eeles ont leur propre philosophie gastronomique et une cuisine \u00e9labor\u00e9e avec des produits autochtones qui, par chance, conserve encore toute son essence. C\u2019est un v\u00e9ritable patrimoine de l\u2019humanit\u00e9, comme devraient \u00eatre d\u00e9clar\u00e9es toutes les cuisines locales du monde.<\/p>\n","protected":false},"featured_media":7551,"comment_status":"closed","ping_status":"open","template":"","meta":{"_acf_changed":false,"_monsterinsights_skip_tracking":false,"_monsterinsights_sitenote_active":false,"_monsterinsights_sitenote_note":"","_monsterinsights_sitenote_category":0},"product_brand":[],"product_cat":[1546,1551],"product_tag":[990,1031,961,1000,1007,1032],"class_list":{"0":"post-24689","1":"product","2":"type-product","3":"status-publish","4":"has-post-thumbnail","6":"product_cat-cuisine-gastronomie","7":"product_cat-ibiza-formentera-fr","8":"product_tag-allemand-fr","9":"product_tag-anglais-fr","10":"product_tag-catalan-fr","11":"product_tag-espagnol-fr","12":"product_tag-francais-fr-2","13":"product_tag-italien","14":"pa_idioma-catalan-fr","15":"pa_idioma-deutsch-fr","16":"pa_idioma-english-fr","17":"pa_idioma-espanol-fr-2","18":"pa_idioma-francais-fr","19":"pa_idioma-italiano-fr","21":"first","22":"instock","23":"taxable","24":"shipping-taxable","25":"purchasable","26":"product-type-variable","27":"has-default-attributes"},"acf":[],"_links":{"self":[{"href":"https:\/\/triangle.cat\/fr\/wp-json\/wp\/v2\/product\/24689","targetHints":{"allow":["GET"]}}],"collection":[{"href":"https:\/\/triangle.cat\/fr\/wp-json\/wp\/v2\/product"}],"about":[{"href":"https:\/\/triangle.cat\/fr\/wp-json\/wp\/v2\/types\/product"}],"replies":[{"embeddable":true,"href":"https:\/\/triangle.cat\/fr\/wp-json\/wp\/v2\/comments?post=24689"}],"wp:featuredmedia":[{"embeddable":true,"href":"https:\/\/triangle.cat\/fr\/wp-json\/wp\/v2\/media\/7551"}],"wp:attachment":[{"href":"https:\/\/triangle.cat\/fr\/wp-json\/wp\/v2\/media?parent=24689"}],"wp:term":[{"taxonomy":"product_brand","embeddable":true,"href":"https:\/\/triangle.cat\/fr\/wp-json\/wp\/v2\/product_brand?post=24689"},{"taxonomy":"product_cat","embeddable":true,"href":"https:\/\/triangle.cat\/fr\/wp-json\/wp\/v2\/product_cat?post=24689"},{"taxonomy":"product_tag","embeddable":true,"href":"https:\/\/triangle.cat\/fr\/wp-json\/wp\/v2\/product_tag?post=24689"}],"curies":[{"name":"wp","href":"https:\/\/api.w.org\/{rel}","templated":true}]}}