
{"id":24681,"date":"2023-02-13T11:06:13","date_gmt":"2023-02-13T13:01:22","guid":{"rendered":"https:\/\/www.triangleeditorial.com\/producto\/barcelona\/"},"modified":"2026-03-17T11:20:50","modified_gmt":"2026-03-17T09:20:50","slug":"barcelona-9","status":"publish","type":"product","link":"https:\/\/triangle.cat\/fr\/producto\/barcelona-9\/","title":{"rendered":"Barcelona"},"content":{"rendered":"","protected":false},"excerpt":{"rendered":"<p>La cuisine Barceloneise est une esp\u00e8ce de grande mosa\u00efque qui s\u2019est constitu\u00e9e au fil de nombreux si\u00e8cles gr\u00e2ce \u00e0 des influences tr\u00e8s diverses. Dans cet ouvrage, nous avons tent\u00e9 d\u2019expliquer, de mani\u00e8re tr\u00e8s g\u00e9n\u00e9rale, le caract\u00e8re ouvert, multiple et cosmopolite de cette gastronomie au travers d\u2019une br\u00e8ve et agr\u00e9able promenade autour de certains produits caract\u00e9ristiques, de plus de quarante recettes repr\u00e9sentatives ainsi que de diverses adresses embl\u00e9matiques.<\/p>\n","protected":false},"featured_media":7533,"comment_status":"closed","ping_status":"closed","template":"","meta":{"_acf_changed":false,"_monsterinsights_skip_tracking":false,"_monsterinsights_sitenote_active":false,"_monsterinsights_sitenote_note":"","_monsterinsights_sitenote_category":0},"product_brand":[],"product_cat":[1539,1546],"product_tag":[990,1031,961,1000,1007,1032,1088],"class_list":{"0":"post-24681","1":"product","2":"type-product","3":"status-publish","4":"has-post-thumbnail","6":"product_cat-barcelone-fr","7":"product_cat-cuisine-gastronomie","8":"product_tag-allemand-fr","9":"product_tag-anglais-fr","10":"product_tag-catalan-fr","11":"product_tag-espagnol-fr","12":"product_tag-francais-fr-2","13":"product_tag-italien","14":"product_tag-russe-fr","15":"pa_idioma-catalan-fr","16":"pa_idioma-deutsch-fr","17":"pa_idioma-english-fr","18":"pa_idioma-espanol-fr-2","19":"pa_idioma-francais-fr","20":"pa_idioma-italiano-fr","21":"pa_idioma--fr","23":"first","24":"instock","25":"taxable","26":"shipping-taxable","27":"purchasable","28":"product-type-variable","29":"has-default-attributes"},"acf":[],"_links":{"self":[{"href":"https:\/\/triangle.cat\/fr\/wp-json\/wp\/v2\/product\/24681","targetHints":{"allow":["GET"]}}],"collection":[{"href":"https:\/\/triangle.cat\/fr\/wp-json\/wp\/v2\/product"}],"about":[{"href":"https:\/\/triangle.cat\/fr\/wp-json\/wp\/v2\/types\/product"}],"replies":[{"embeddable":true,"href":"https:\/\/triangle.cat\/fr\/wp-json\/wp\/v2\/comments?post=24681"}],"wp:featuredmedia":[{"embeddable":true,"href":"https:\/\/triangle.cat\/fr\/wp-json\/wp\/v2\/media\/7533"}],"wp:attachment":[{"href":"https:\/\/triangle.cat\/fr\/wp-json\/wp\/v2\/media?parent=24681"}],"wp:term":[{"taxonomy":"product_brand","embeddable":true,"href":"https:\/\/triangle.cat\/fr\/wp-json\/wp\/v2\/product_brand?post=24681"},{"taxonomy":"product_cat","embeddable":true,"href":"https:\/\/triangle.cat\/fr\/wp-json\/wp\/v2\/product_cat?post=24681"},{"taxonomy":"product_tag","embeddable":true,"href":"https:\/\/triangle.cat\/fr\/wp-json\/wp\/v2\/product_tag?post=24681"}],"curies":[{"name":"wp","href":"https:\/\/api.w.org\/{rel}","templated":true}]}}