
{"id":24679,"date":"2023-02-13T11:06:01","date_gmt":"2023-02-13T13:01:11","guid":{"rendered":"https:\/\/www.triangleeditorial.com\/producto\/comillas\/"},"modified":"2023-02-13T13:01:24","modified_gmt":"2023-02-13T13:01:24","slug":"comillas","status":"publish","type":"product","link":"https:\/\/triangle.cat\/fr\/producto\/comillas\/","title":{"rendered":"Comillas"},"content":{"rendered":"","protected":false},"excerpt":{"rendered":"<p>\u00c0 la fin du XIXe si\u00e8cle, les architectes, artistes et artisans plus importants du modernisme catalan, dont Antoni Gaud\u00ed et Llu\u00eds Dom\u00e8nech i Montaner, ont chang\u00e9 \u00e0 jamais le visage de Comillas, en Cantabrie. Son travail a port\u00e9 ses fruits dans des \u0153uvres monumentales telles que le b\u00e2timent El Capricho, le S\u00e9minaire Pontifical, le Palais Sobrellano, la Chapelle-Panth\u00e9on des Marquis de Comillas ou le cimeti\u00e8re.<\/p>\n","protected":false},"featured_media":22532,"comment_status":"closed","ping_status":"open","template":"","meta":{"_acf_changed":false,"_monsterinsights_skip_tracking":false,"_monsterinsights_sitenote_active":false,"_monsterinsights_sitenote_note":"","_monsterinsights_sitenote_category":0},"product_brand":[],"product_cat":[1536],"product_tag":[1000],"class_list":{"0":"post-24679","1":"product","2":"type-product","3":"status-publish","4":"has-post-thumbnail","6":"product_cat-art-architecture-fr","7":"product_tag-espagnol-fr","8":"pa_idioma-espanol-fr-2","10":"first","11":"instock","12":"taxable","13":"shipping-taxable","14":"purchasable","15":"product-type-variable","16":"has-default-attributes"},"acf":[],"_links":{"self":[{"href":"https:\/\/triangle.cat\/fr\/wp-json\/wp\/v2\/product\/24679","targetHints":{"allow":["GET"]}}],"collection":[{"href":"https:\/\/triangle.cat\/fr\/wp-json\/wp\/v2\/product"}],"about":[{"href":"https:\/\/triangle.cat\/fr\/wp-json\/wp\/v2\/types\/product"}],"replies":[{"embeddable":true,"href":"https:\/\/triangle.cat\/fr\/wp-json\/wp\/v2\/comments?post=24679"}],"wp:featuredmedia":[{"embeddable":true,"href":"https:\/\/triangle.cat\/fr\/wp-json\/wp\/v2\/media\/22532"}],"wp:attachment":[{"href":"https:\/\/triangle.cat\/fr\/wp-json\/wp\/v2\/media?parent=24679"}],"wp:term":[{"taxonomy":"product_brand","embeddable":true,"href":"https:\/\/triangle.cat\/fr\/wp-json\/wp\/v2\/product_brand?post=24679"},{"taxonomy":"product_cat","embeddable":true,"href":"https:\/\/triangle.cat\/fr\/wp-json\/wp\/v2\/product_cat?post=24679"},{"taxonomy":"product_tag","embeddable":true,"href":"https:\/\/triangle.cat\/fr\/wp-json\/wp\/v2\/product_tag?post=24679"}],"curies":[{"name":"wp","href":"https:\/\/api.w.org\/{rel}","templated":true}]}}