
{"id":24677,"date":"2023-02-13T11:05:36","date_gmt":"2023-02-13T13:00:51","guid":{"rendered":"https:\/\/www.triangleeditorial.com\/producto\/la-colonia-guell\/"},"modified":"2023-02-13T13:01:13","modified_gmt":"2023-02-13T13:01:13","slug":"la-colonia-guell","status":"publish","type":"product","link":"https:\/\/triangle.cat\/fr\/producto\/la-colonia-guell\/","title":{"rendered":"La Col\u00f2nia G\u00fcell"},"content":{"rendered":"","protected":false},"excerpt":{"rendered":"<p>L\u2019industriel m\u00e9c\u00e8ne Eusebi G\u00fcell promut \u00e0 la fin du xixe si\u00e8cle la construction d\u2019une colonie ouvri\u00e8re \u00e0 Santa Coloma de Cervell\u00f3 (\u00e0 proximit\u00e9 de Barcelone). L\u2019usine, les logements des travailleurs et tout particuli\u00e8rement l\u2019\u00e9glise inachev\u00e9e con\u00e7us par Gaud\u00ed correspondent \u00e0 une \u00e9poque de splendeur du pass\u00e9 industriel catalan. La crypte de l\u2019\u00e9glise est une des \u0153uvres parmi les plus appr\u00e9ci\u00e9es des sp\u00e9cialistes gaudiniens.<\/p>\n","protected":false},"featured_media":5357,"comment_status":"closed","ping_status":"open","template":"","meta":{"_acf_changed":false,"_monsterinsights_skip_tracking":false,"_monsterinsights_sitenote_active":false,"_monsterinsights_sitenote_note":"","_monsterinsights_sitenote_category":0},"product_brand":[],"product_cat":[1557],"product_tag":[1031,961,1000,1007],"class_list":{"0":"post-24677","1":"product","2":"type-product","3":"status-publish","4":"has-post-thumbnail","6":"product_cat-antoni-gaudi-fr","7":"product_tag-anglais-fr","8":"product_tag-catalan-fr","9":"product_tag-espagnol-fr","10":"product_tag-francais-fr-2","11":"pa_idioma-multilingue-catala-espanol-francais-english-fr","13":"first","14":"instock","15":"taxable","16":"shipping-taxable","17":"purchasable","18":"product-type-variable","19":"has-default-attributes"},"acf":[],"_links":{"self":[{"href":"https:\/\/triangle.cat\/fr\/wp-json\/wp\/v2\/product\/24677","targetHints":{"allow":["GET"]}}],"collection":[{"href":"https:\/\/triangle.cat\/fr\/wp-json\/wp\/v2\/product"}],"about":[{"href":"https:\/\/triangle.cat\/fr\/wp-json\/wp\/v2\/types\/product"}],"replies":[{"embeddable":true,"href":"https:\/\/triangle.cat\/fr\/wp-json\/wp\/v2\/comments?post=24677"}],"wp:featuredmedia":[{"embeddable":true,"href":"https:\/\/triangle.cat\/fr\/wp-json\/wp\/v2\/media\/5357"}],"wp:attachment":[{"href":"https:\/\/triangle.cat\/fr\/wp-json\/wp\/v2\/media?parent=24677"}],"wp:term":[{"taxonomy":"product_brand","embeddable":true,"href":"https:\/\/triangle.cat\/fr\/wp-json\/wp\/v2\/product_brand?post=24677"},{"taxonomy":"product_cat","embeddable":true,"href":"https:\/\/triangle.cat\/fr\/wp-json\/wp\/v2\/product_cat?post=24677"},{"taxonomy":"product_tag","embeddable":true,"href":"https:\/\/triangle.cat\/fr\/wp-json\/wp\/v2\/product_tag?post=24677"}],"curies":[{"name":"wp","href":"https:\/\/api.w.org\/{rel}","templated":true}]}}