
{"id":24670,"date":"2023-02-13T11:03:54","date_gmt":"2023-02-13T12:59:52","guid":{"rendered":"https:\/\/www.triangleeditorial.com\/producto\/costa-brava-3\/"},"modified":"2023-02-13T13:00:08","modified_gmt":"2023-02-13T13:00:08","slug":"costa-brava-3","status":"publish","type":"product","link":"https:\/\/triangle.cat\/fr\/producto\/costa-brava-3\/","title":{"rendered":"Costa Brava"},"content":{"rendered":"","protected":false},"excerpt":{"rendered":"<p>Ce livre est une promenade photographique au bord de la mer et dans des coins in\u00e9dits de la Costa Brava que Jordi Puig propose au lecteur. Ses photos sont le fruit de vingt ans de promenades, tout en regardant et en photographiant la beaut\u00e9 du paysage, de l\u2019eau et des rochers dans cette frange ductile entre le vert el le bleu. Dans le prologue du livre, l\u2019\u00e9crivain Narc\u00eds Comadira avertit le lecteur : \u00ab La Costa Brava existe encore et on peut encore penser \u00e0 elle comme un paradis et un r\u00e9f\u00e9rent, elle est vivante dans son paysage le plus authentique, celui qui touche la mer \u00bb Jordi Puig en t\u00e9moigne.<\/p>\n","protected":false},"featured_media":16699,"comment_status":"closed","ping_status":"open","template":"","meta":{"_acf_changed":false,"_monsterinsights_skip_tracking":false,"_monsterinsights_sitenote_active":false,"_monsterinsights_sitenote_note":"","_monsterinsights_sitenote_category":0},"product_brand":[],"product_cat":[1560,1555],"product_tag":[990,1031,961,1000,1007,1088],"class_list":{"0":"post-24670","1":"product","2":"type-product","3":"status-publish","4":"has-post-thumbnail","6":"product_cat-gerone-costa-brava","7":"product_cat-photographie-design","8":"product_tag-allemand-fr","9":"product_tag-anglais-fr","10":"product_tag-catalan-fr","11":"product_tag-espagnol-fr","12":"product_tag-francais-fr-2","13":"product_tag-russe-fr","14":"pa_idioma-multilingue-catala-espanol-english-francais-deutsch--fr","16":"first","17":"instock","18":"taxable","19":"shipping-taxable","20":"purchasable","21":"product-type-variable","22":"has-default-attributes"},"acf":[],"_links":{"self":[{"href":"https:\/\/triangle.cat\/fr\/wp-json\/wp\/v2\/product\/24670","targetHints":{"allow":["GET"]}}],"collection":[{"href":"https:\/\/triangle.cat\/fr\/wp-json\/wp\/v2\/product"}],"about":[{"href":"https:\/\/triangle.cat\/fr\/wp-json\/wp\/v2\/types\/product"}],"replies":[{"embeddable":true,"href":"https:\/\/triangle.cat\/fr\/wp-json\/wp\/v2\/comments?post=24670"}],"wp:featuredmedia":[{"embeddable":true,"href":"https:\/\/triangle.cat\/fr\/wp-json\/wp\/v2\/media\/16699"}],"wp:attachment":[{"href":"https:\/\/triangle.cat\/fr\/wp-json\/wp\/v2\/media?parent=24670"}],"wp:term":[{"taxonomy":"product_brand","embeddable":true,"href":"https:\/\/triangle.cat\/fr\/wp-json\/wp\/v2\/product_brand?post=24670"},{"taxonomy":"product_cat","embeddable":true,"href":"https:\/\/triangle.cat\/fr\/wp-json\/wp\/v2\/product_cat?post=24670"},{"taxonomy":"product_tag","embeddable":true,"href":"https:\/\/triangle.cat\/fr\/wp-json\/wp\/v2\/product_tag?post=24670"}],"curies":[{"name":"wp","href":"https:\/\/api.w.org\/{rel}","templated":true}]}}