
{"id":24663,"date":"2023-02-13T11:03:17","date_gmt":"2023-02-13T12:59:18","guid":{"rendered":"https:\/\/www.triangleeditorial.com\/producto\/costa-brava-2\/"},"modified":"2023-02-13T12:59:54","modified_gmt":"2023-02-13T12:59:54","slug":"costa-brava-2","status":"publish","type":"product","link":"https:\/\/triangle.cat\/fr\/producto\/costa-brava-2\/","title":{"rendered":"Costa Brava"},"content":{"rendered":"","protected":false},"excerpt":{"rendered":"<p>La Costa Brava est une r\u00e9gion qui offre encore de v\u00e9ritables surprises au visiteur et qui conserve toutes les essences du paysage m\u00e9diterran\u00e9en : des criques cach\u00e9es aux eaux transparentes, des rochers sculpt\u00e9s par l\u2019action de la nature qui configurent un paysage fascinant et de longues plages de sable fin. Le livre La Costa Brava nous pr\u00e9sente aussi l\u2019Ampourdan int\u00e9rieur, le Triangle de Dal\u00ed et la ville de Girona. Profitez de La Costa Brava dans un nouveau format, une meilleure mise en page et des photographies actualis\u00e9es.<\/p>\n","protected":false},"featured_media":14954,"comment_status":"closed","ping_status":"open","template":"","meta":{"_acf_changed":false,"_monsterinsights_skip_tracking":false,"_monsterinsights_sitenote_active":false,"_monsterinsights_sitenote_note":"","_monsterinsights_sitenote_category":0},"product_brand":[],"product_cat":[1542,1560],"product_tag":[990,1031,961,1000,1007,1088],"class_list":{"0":"post-24663","1":"product","2":"type-product","3":"status-publish","4":"has-post-thumbnail","6":"product_cat-catalogne-fr","7":"product_cat-gerone-costa-brava","8":"product_tag-allemand-fr","9":"product_tag-anglais-fr","10":"product_tag-catalan-fr","11":"product_tag-espagnol-fr","12":"product_tag-francais-fr-2","13":"product_tag-russe-fr","14":"pa_idioma-catalan-fr","15":"pa_idioma-deutsch-fr","16":"pa_idioma-english-fr","17":"pa_idioma-espanol-fr-2","18":"pa_idioma-francais-fr","19":"pa_idioma--fr","21":"first","22":"instock","23":"taxable","24":"shipping-taxable","25":"purchasable","26":"product-type-variable","27":"has-default-attributes"},"acf":[],"_links":{"self":[{"href":"https:\/\/triangle.cat\/fr\/wp-json\/wp\/v2\/product\/24663","targetHints":{"allow":["GET"]}}],"collection":[{"href":"https:\/\/triangle.cat\/fr\/wp-json\/wp\/v2\/product"}],"about":[{"href":"https:\/\/triangle.cat\/fr\/wp-json\/wp\/v2\/types\/product"}],"replies":[{"embeddable":true,"href":"https:\/\/triangle.cat\/fr\/wp-json\/wp\/v2\/comments?post=24663"}],"wp:featuredmedia":[{"embeddable":true,"href":"https:\/\/triangle.cat\/fr\/wp-json\/wp\/v2\/media\/14954"}],"wp:attachment":[{"href":"https:\/\/triangle.cat\/fr\/wp-json\/wp\/v2\/media?parent=24663"}],"wp:term":[{"taxonomy":"product_brand","embeddable":true,"href":"https:\/\/triangle.cat\/fr\/wp-json\/wp\/v2\/product_brand?post=24663"},{"taxonomy":"product_cat","embeddable":true,"href":"https:\/\/triangle.cat\/fr\/wp-json\/wp\/v2\/product_cat?post=24663"},{"taxonomy":"product_tag","embeddable":true,"href":"https:\/\/triangle.cat\/fr\/wp-json\/wp\/v2\/product_tag?post=24663"}],"curies":[{"name":"wp","href":"https:\/\/api.w.org\/{rel}","templated":true}]}}