
{"id":24657,"date":"2023-02-13T11:02:44","date_gmt":"2023-02-13T12:58:46","guid":{"rendered":"https:\/\/www.triangleeditorial.com\/producto\/costa-brava\/"},"modified":"2023-02-13T12:59:20","modified_gmt":"2023-02-13T12:59:20","slug":"costa-brava","status":"publish","type":"product","link":"https:\/\/triangle.cat\/fr\/producto\/costa-brava\/","title":{"rendered":"Costa Brava"},"content":{"rendered":"","protected":false},"excerpt":{"rendered":"<p>Avec le regard de Jordi Puig et les mots de Vador Minobis, nous parcourrons toute la Costa Brava, de Portbou \u00e0 Blanes, en nous arr\u00eatant dans les 100 plus belles plages et criques, toutes pleines de charme et de beaut\u00e9. \u200bPendant le  trajet, \u200bl\u2019\u00e9crivain Sebasti\u00e0 Roig\u200b nous accompagnera pour nous expliquer comment le glamour d\u2019Hollywood est arriv\u00e9 sur ces c\u00f4tes avec Ava Gardner, Orson Welles o\u200bu\u200b Kirk Douglas, \u200bparmi d\u2019autres nombreuses stars &#8211; et l\u2019illustratrice  Ana Yael, qui \u200bremplit de vie, d\u2019art et d\u2019humour les cartes du littoral le plus fascinant de la M\u00e9diterran\u00e9e. \u200bBon voyage!<\/p>\n","protected":false},"featured_media":14939,"comment_status":"closed","ping_status":"open","template":"","meta":{"_acf_changed":false,"_monsterinsights_skip_tracking":false,"_monsterinsights_sitenote_active":false,"_monsterinsights_sitenote_note":"","_monsterinsights_sitenote_category":0},"product_brand":[],"product_cat":[1542,1560],"product_tag":[990,1031,961,1000,1007],"class_list":{"0":"post-24657","1":"product","2":"type-product","3":"status-publish","4":"has-post-thumbnail","6":"product_cat-catalogne-fr","7":"product_cat-gerone-costa-brava","8":"product_tag-allemand-fr","9":"product_tag-anglais-fr","10":"product_tag-catalan-fr","11":"product_tag-espagnol-fr","12":"product_tag-francais-fr-2","13":"pa_idioma-catalan-fr","14":"pa_idioma-deutsch-fr","15":"pa_idioma-english-fr","16":"pa_idioma-espanol-fr-2","17":"pa_idioma-francais-fr","19":"first","20":"instock","21":"taxable","22":"shipping-taxable","23":"purchasable","24":"product-type-variable","25":"has-default-attributes"},"acf":[],"_links":{"self":[{"href":"https:\/\/triangle.cat\/fr\/wp-json\/wp\/v2\/product\/24657","targetHints":{"allow":["GET"]}}],"collection":[{"href":"https:\/\/triangle.cat\/fr\/wp-json\/wp\/v2\/product"}],"about":[{"href":"https:\/\/triangle.cat\/fr\/wp-json\/wp\/v2\/types\/product"}],"replies":[{"embeddable":true,"href":"https:\/\/triangle.cat\/fr\/wp-json\/wp\/v2\/comments?post=24657"}],"wp:featuredmedia":[{"embeddable":true,"href":"https:\/\/triangle.cat\/fr\/wp-json\/wp\/v2\/media\/14939"}],"wp:attachment":[{"href":"https:\/\/triangle.cat\/fr\/wp-json\/wp\/v2\/media?parent=24657"}],"wp:term":[{"taxonomy":"product_brand","embeddable":true,"href":"https:\/\/triangle.cat\/fr\/wp-json\/wp\/v2\/product_brand?post=24657"},{"taxonomy":"product_cat","embeddable":true,"href":"https:\/\/triangle.cat\/fr\/wp-json\/wp\/v2\/product_cat?post=24657"},{"taxonomy":"product_tag","embeddable":true,"href":"https:\/\/triangle.cat\/fr\/wp-json\/wp\/v2\/product_tag?post=24657"}],"curies":[{"name":"wp","href":"https:\/\/api.w.org\/{rel}","templated":true}]}}