
{"id":24650,"date":"2023-02-13T11:02:05","date_gmt":"2023-02-13T12:58:12","guid":{"rendered":"https:\/\/www.triangleeditorial.com\/producto\/castells-tours-humaines\/"},"modified":"2023-02-13T12:58:48","modified_gmt":"2023-02-13T12:58:48","slug":"castells-tours-humaines","status":"publish","type":"product","link":"https:\/\/triangle.cat\/fr\/producto\/castells-tours-humaines\/","title":{"rendered":"Castells. Tours humaines"},"content":{"rendered":"","protected":false},"excerpt":{"rendered":"<p>Castells. Tours humaines. Toucher le ciel avec la main vous offre, de mani\u00e8re agr\u00e9able et rigoureuse, les cl\u00e9s pour d\u00e9couvrir et jouir de ces \u00e9ph\u00e9m\u00e8res et fantastiques constructions qui constituent, en plus d\u2019une expression de l\u2019identit\u00e9 culturelle catalane, une m\u00e9taphore et une r\u00e9alit\u00e9 du travail solidaire et du sens de continuit\u00e9 de la communaut\u00e9.<\/p>\n","protected":false},"featured_media":7518,"comment_status":"closed","ping_status":"open","template":"","meta":{"_acf_changed":false,"_monsterinsights_skip_tracking":false,"_monsterinsights_sitenote_active":false,"_monsterinsights_sitenote_note":"","_monsterinsights_sitenote_category":0},"product_brand":[],"product_cat":[1542],"product_tag":[990,1031,961,1000,1007,1032],"class_list":{"0":"post-24650","1":"product","2":"type-product","3":"status-publish","4":"has-post-thumbnail","6":"product_cat-catalogne-fr","7":"product_tag-allemand-fr","8":"product_tag-anglais-fr","9":"product_tag-catalan-fr","10":"product_tag-espagnol-fr","11":"product_tag-francais-fr-2","12":"product_tag-italien","13":"pa_idioma-catalan-fr","14":"pa_idioma-deutsch-fr","15":"pa_idioma-english-fr","16":"pa_idioma-espanol-fr-2","17":"pa_idioma-francais-fr","18":"pa_idioma-italiano-fr","20":"first","21":"instock","22":"taxable","23":"shipping-taxable","24":"purchasable","25":"product-type-variable","26":"has-default-attributes"},"acf":[],"_links":{"self":[{"href":"https:\/\/triangle.cat\/fr\/wp-json\/wp\/v2\/product\/24650","targetHints":{"allow":["GET"]}}],"collection":[{"href":"https:\/\/triangle.cat\/fr\/wp-json\/wp\/v2\/product"}],"about":[{"href":"https:\/\/triangle.cat\/fr\/wp-json\/wp\/v2\/types\/product"}],"replies":[{"embeddable":true,"href":"https:\/\/triangle.cat\/fr\/wp-json\/wp\/v2\/comments?post=24650"}],"wp:featuredmedia":[{"embeddable":true,"href":"https:\/\/triangle.cat\/fr\/wp-json\/wp\/v2\/media\/7518"}],"wp:attachment":[{"href":"https:\/\/triangle.cat\/fr\/wp-json\/wp\/v2\/media?parent=24650"}],"wp:term":[{"taxonomy":"product_brand","embeddable":true,"href":"https:\/\/triangle.cat\/fr\/wp-json\/wp\/v2\/product_brand?post=24650"},{"taxonomy":"product_cat","embeddable":true,"href":"https:\/\/triangle.cat\/fr\/wp-json\/wp\/v2\/product_cat?post=24650"},{"taxonomy":"product_tag","embeddable":true,"href":"https:\/\/triangle.cat\/fr\/wp-json\/wp\/v2\/product_tag?post=24650"}],"curies":[{"name":"wp","href":"https:\/\/api.w.org\/{rel}","templated":true}]}}