
{"id":24648,"date":"2023-02-13T11:01:54","date_gmt":"2023-02-13T12:58:01","guid":{"rendered":"https:\/\/www.triangleeditorial.com\/producto\/cadaques\/"},"modified":"2025-02-26T17:41:27","modified_gmt":"2025-02-26T15:41:27","slug":"cadaques","status":"publish","type":"product","link":"https:\/\/triangle.cat\/fr\/producto\/cadaques\/","title":{"rendered":"Cadaqu\u00e8s"},"content":{"rendered":"","protected":false},"excerpt":{"rendered":"<p>Cadaqu\u00e9s, fut d\u00e9couverte par les \u00e9crivains et les peintres pendant les ann\u00e9es 20 du XXe si\u00e8cle et red\u00e9couverte par la boh\u00e8me voyageuse des ann\u00e9es 60. Ce village de p\u00eacheurs, entour\u00e9 d\u2019un paysage g\u00e9ologique unique, devint une petite r\u00e9publique des arts. Rien d\u2019\u00e9trange \u00e0 ce que des cr\u00e9ateurs comme Duchamp, Dal\u00ed ou Richard Hamilton en aient fait leur refuge habituel, chaleureux et discret. Cadaqu\u00e8s, avec la qualit\u00e9 de sa lumi\u00e8re, le relief g\u00e9ologique du Cap de Creus, l\u2019intensit\u00e9 des bleus, les coups de tramontane, le caract\u00e8re de ses habitants et l\u2019empreinte de Salvador Dal\u00ed, ne laisse personne indiff\u00e9rent.  Profitez-en avec le nouveau format du livre, plus grand et avec de nouvelles photos !<\/p>\n","protected":false},"featured_media":16359,"comment_status":"closed","ping_status":"closed","template":"","meta":{"_acf_changed":false,"_monsterinsights_skip_tracking":false,"_monsterinsights_sitenote_active":false,"_monsterinsights_sitenote_note":"","_monsterinsights_sitenote_category":0},"product_brand":[],"product_cat":[1542,1560],"product_tag":[1031,961,1000,1007],"class_list":{"0":"post-24648","1":"product","2":"type-product","3":"status-publish","4":"has-post-thumbnail","6":"product_cat-catalogne-fr","7":"product_cat-gerone-costa-brava","8":"product_tag-anglais-fr","9":"product_tag-catalan-fr","10":"product_tag-espagnol-fr","11":"product_tag-francais-fr-2","12":"pa_idioma-multilingue-catala-espanol-english-francais-fr","14":"first","15":"instock","16":"taxable","17":"shipping-taxable","18":"purchasable","19":"product-type-variable","20":"has-default-attributes"},"acf":[],"_links":{"self":[{"href":"https:\/\/triangle.cat\/fr\/wp-json\/wp\/v2\/product\/24648","targetHints":{"allow":["GET"]}}],"collection":[{"href":"https:\/\/triangle.cat\/fr\/wp-json\/wp\/v2\/product"}],"about":[{"href":"https:\/\/triangle.cat\/fr\/wp-json\/wp\/v2\/types\/product"}],"replies":[{"embeddable":true,"href":"https:\/\/triangle.cat\/fr\/wp-json\/wp\/v2\/comments?post=24648"}],"wp:featuredmedia":[{"embeddable":true,"href":"https:\/\/triangle.cat\/fr\/wp-json\/wp\/v2\/media\/16359"}],"wp:attachment":[{"href":"https:\/\/triangle.cat\/fr\/wp-json\/wp\/v2\/media?parent=24648"}],"wp:term":[{"taxonomy":"product_brand","embeddable":true,"href":"https:\/\/triangle.cat\/fr\/wp-json\/wp\/v2\/product_brand?post=24648"},{"taxonomy":"product_cat","embeddable":true,"href":"https:\/\/triangle.cat\/fr\/wp-json\/wp\/v2\/product_cat?post=24648"},{"taxonomy":"product_tag","embeddable":true,"href":"https:\/\/triangle.cat\/fr\/wp-json\/wp\/v2\/product_tag?post=24648"}],"curies":[{"name":"wp","href":"https:\/\/api.w.org\/{rel}","templated":true}]}}