
{"id":24634,"date":"2023-02-13T10:56:10","date_gmt":"2023-02-13T12:54:04","guid":{"rendered":"https:\/\/www.triangleeditorial.com\/producto\/barcelone-4\/"},"modified":"2023-11-26T10:21:54","modified_gmt":"2023-11-26T08:21:54","slug":"barcelone-4","status":"publish","type":"product","link":"https:\/\/triangle.cat\/fr\/producto\/barcelone-4\/","title":{"rendered":"Barcelone"},"content":{"rendered":"","protected":false},"excerpt":{"rendered":"<p>Barcelone respire les airs de la M\u00e9diterran\u00e9e dans chacune de\u00a0ses rues et c\u2019est la seule ville au monde avec huit b\u00e2timents Patrimoine Mondial de l\u2019Humanit\u00e9, six d\u2019 Antoni Gaud\u00ed et deux de Llu\u00eds Dom\u00e8nech i Montaner, les principaux architectes du Modernisme catalan. Barcelone incontournable, un livre essentiel pour conna\u00eetre les incontournables de Barcelone, h\u00e9riti\u00e8re de 2\u00a0000 ans d\u2019histoire et de nos jours une ville moderne, cosmopolite et dynamique, mais confortable et accueillante, \u00e0 la mesure des personnes.<\/p>\n","protected":false},"featured_media":14916,"comment_status":"closed","ping_status":"closed","template":"","meta":{"_acf_changed":false,"_monsterinsights_skip_tracking":false,"_monsterinsights_sitenote_active":false,"_monsterinsights_sitenote_note":"","_monsterinsights_sitenote_category":0},"product_brand":[],"product_cat":[1539],"product_tag":[990,1031,1091,1000,1007,1032,1053,1065,1088],"class_list":{"0":"post-24634","1":"product","2":"type-product","3":"status-publish","4":"has-post-thumbnail","6":"product_cat-barcelone-fr","7":"product_tag-allemand-fr","8":"product_tag-anglais-fr","9":"product_tag-chinois-fr","10":"product_tag-espagnol-fr","11":"product_tag-francais-fr-2","12":"product_tag-italien","13":"product_tag-pays-bas","14":"product_tag-portugais","15":"product_tag-russe-fr","16":"pa_idioma-deutsch-fr","17":"pa_idioma-english-fr","18":"pa_idioma-espanol-fr-2","19":"pa_idioma-francais-fr","20":"pa_idioma-italiano-fr","21":"pa_idioma-nederlands-fr","22":"pa_idioma-portugues-fr","23":"pa_idioma--fr","26":"first","27":"instock","28":"taxable","29":"shipping-taxable","30":"purchasable","31":"product-type-variable","32":"has-default-attributes"},"acf":[],"_links":{"self":[{"href":"https:\/\/triangle.cat\/fr\/wp-json\/wp\/v2\/product\/24634","targetHints":{"allow":["GET"]}}],"collection":[{"href":"https:\/\/triangle.cat\/fr\/wp-json\/wp\/v2\/product"}],"about":[{"href":"https:\/\/triangle.cat\/fr\/wp-json\/wp\/v2\/types\/product"}],"replies":[{"embeddable":true,"href":"https:\/\/triangle.cat\/fr\/wp-json\/wp\/v2\/comments?post=24634"}],"wp:featuredmedia":[{"embeddable":true,"href":"https:\/\/triangle.cat\/fr\/wp-json\/wp\/v2\/media\/14916"}],"wp:attachment":[{"href":"https:\/\/triangle.cat\/fr\/wp-json\/wp\/v2\/media?parent=24634"}],"wp:term":[{"taxonomy":"product_brand","embeddable":true,"href":"https:\/\/triangle.cat\/fr\/wp-json\/wp\/v2\/product_brand?post=24634"},{"taxonomy":"product_cat","embeddable":true,"href":"https:\/\/triangle.cat\/fr\/wp-json\/wp\/v2\/product_cat?post=24634"},{"taxonomy":"product_tag","embeddable":true,"href":"https:\/\/triangle.cat\/fr\/wp-json\/wp\/v2\/product_tag?post=24634"}],"curies":[{"name":"wp","href":"https:\/\/api.w.org\/{rel}","templated":true}]}}