
{"id":24621,"date":"2023-02-13T10:54:58","date_gmt":"2023-02-13T12:52:55","guid":{"rendered":"https:\/\/www.triangleeditorial.com\/producto\/la-basilique-de-la-sagrada-familia\/"},"modified":"2025-04-25T13:05:29","modified_gmt":"2025-04-25T11:05:29","slug":"la-basilique-de-la-sagrada-familia","status":"publish","type":"product","link":"https:\/\/triangle.cat\/fr\/producto\/la-basilique-de-la-sagrada-familia\/","title":{"rendered":"La Basilique de la Sagrada Familia"},"content":{"rendered":"","protected":false},"excerpt":{"rendered":"<p>La basilique de la Sagrada Fam\u00edlia, situ\u00e9 dans l\u2019Eixample de Barcelone et en construction depuis 1882, est l\u2019\u0153uvre majeure d\u2019Antoni Gaud\u00ed. Ses trois fa\u00e7ades principales, couronn\u00e9es de tours, contiennent une multitude de d\u00e9tails pleins de symboles et de mysticisme.<\/p>\n","protected":false},"featured_media":33220,"comment_status":"closed","ping_status":"closed","template":"","meta":{"_acf_changed":false,"_monsterinsights_skip_tracking":false,"_monsterinsights_sitenote_active":false,"_monsterinsights_sitenote_note":"","_monsterinsights_sitenote_category":0},"product_brand":[],"product_cat":[1557,1536],"product_tag":[990,1031,961,1091,978,1000,1007,1032,1094,1053,1065,1088],"class_list":{"0":"post-24621","1":"product","2":"type-product","3":"status-publish","4":"has-post-thumbnail","6":"product_cat-antoni-gaudi-fr","7":"product_cat-art-architecture-fr","8":"product_tag-allemand-fr","9":"product_tag-anglais-fr","10":"product_tag-catalan-fr","11":"product_tag-chinois-fr","12":"product_tag-coreen-fr","13":"product_tag-espagnol-fr","14":"product_tag-francais-fr-2","15":"product_tag-italien","16":"product_tag-japonais-fr","17":"product_tag-pays-bas","18":"product_tag-portugais","19":"product_tag-russe-fr","20":"pa_idioma-catalan-fr","21":"pa_idioma-coreen","22":"pa_idioma-deutsch-fr","23":"pa_idioma-english-fr","24":"pa_idioma-espanol-fr-2","25":"pa_idioma-francais-fr","26":"pa_idioma-italiano-fr","27":"pa_idioma-nederlands-fr","28":"pa_idioma-portugues-fr","29":"pa_idioma--fr","33":"first","34":"instock","35":"taxable","36":"shipping-taxable","37":"purchasable","38":"product-type-variable","39":"has-default-attributes"},"acf":[],"_links":{"self":[{"href":"https:\/\/triangle.cat\/fr\/wp-json\/wp\/v2\/product\/24621","targetHints":{"allow":["GET"]}}],"collection":[{"href":"https:\/\/triangle.cat\/fr\/wp-json\/wp\/v2\/product"}],"about":[{"href":"https:\/\/triangle.cat\/fr\/wp-json\/wp\/v2\/types\/product"}],"replies":[{"embeddable":true,"href":"https:\/\/triangle.cat\/fr\/wp-json\/wp\/v2\/comments?post=24621"}],"wp:featuredmedia":[{"embeddable":true,"href":"https:\/\/triangle.cat\/fr\/wp-json\/wp\/v2\/media\/33220"}],"wp:attachment":[{"href":"https:\/\/triangle.cat\/fr\/wp-json\/wp\/v2\/media?parent=24621"}],"wp:term":[{"taxonomy":"product_brand","embeddable":true,"href":"https:\/\/triangle.cat\/fr\/wp-json\/wp\/v2\/product_brand?post=24621"},{"taxonomy":"product_cat","embeddable":true,"href":"https:\/\/triangle.cat\/fr\/wp-json\/wp\/v2\/product_cat?post=24621"},{"taxonomy":"product_tag","embeddable":true,"href":"https:\/\/triangle.cat\/fr\/wp-json\/wp\/v2\/product_tag?post=24621"}],"curies":[{"name":"wp","href":"https:\/\/api.w.org\/{rel}","templated":true}]}}