
{"id":24605,"date":"2023-02-13T10:51:05","date_gmt":"2023-02-13T12:49:54","guid":{"rendered":"https:\/\/www.triangleeditorial.com\/producto\/costa-blanca\/"},"modified":"2023-02-13T12:50:33","modified_gmt":"2023-02-13T12:50:33","slug":"costa-blanca","status":"publish","type":"product","link":"https:\/\/triangle.cat\/fr\/producto\/costa-blanca\/","title":{"rendered":"Costa Blanca"},"content":{"rendered":"","protected":false},"excerpt":{"rendered":"<p>Les plus de 218 kilom\u00e8tres de littoral et le grand nombre d\u2019heures d\u2019ensoleillement de la r\u00e9gion constituent la carte de visite d\u2019une marque, Costa Blanca, qui englobe toute la province d\u2019Alicante. Une c\u00f4te vari\u00e9e, o\u00f9 abondent les criques et les plages, et un int\u00e9rieur \u00e9lev\u00e9 font de cette province l\u2019une des plus montagneuses d\u2019Espagne, avec une poign\u00e9e de jardins potagers et fruitiers parfum\u00e9s qui conforment un paysage de pure essence m\u00e9diterran\u00e9enne.<\/p>\n","protected":false},"featured_media":7444,"comment_status":"closed","ping_status":"closed","template":"","meta":{"_acf_changed":false,"_monsterinsights_skip_tracking":false,"_monsterinsights_sitenote_active":false,"_monsterinsights_sitenote_note":"","_monsterinsights_sitenote_category":0},"product_brand":[],"product_cat":[1574],"product_tag":[990,1031,1000,1007,1032,1088],"class_list":{"0":"post-24605","1":"product","2":"type-product","3":"status-publish","4":"has-post-thumbnail","6":"product_cat-valence-costa-blanca","7":"product_tag-allemand-fr","8":"product_tag-anglais-fr","9":"product_tag-espagnol-fr","10":"product_tag-francais-fr-2","11":"product_tag-italien","12":"product_tag-russe-fr","13":"pa_idioma-deutsch-fr","14":"pa_idioma-english-fr","15":"pa_idioma-espanol-fr-2","16":"pa_idioma-francais-fr","17":"pa_idioma-italiano-fr","18":"pa_idioma--fr","20":"first","21":"instock","22":"taxable","23":"shipping-taxable","24":"purchasable","25":"product-type-variable","26":"has-default-attributes"},"acf":[],"_links":{"self":[{"href":"https:\/\/triangle.cat\/fr\/wp-json\/wp\/v2\/product\/24605","targetHints":{"allow":["GET"]}}],"collection":[{"href":"https:\/\/triangle.cat\/fr\/wp-json\/wp\/v2\/product"}],"about":[{"href":"https:\/\/triangle.cat\/fr\/wp-json\/wp\/v2\/types\/product"}],"replies":[{"embeddable":true,"href":"https:\/\/triangle.cat\/fr\/wp-json\/wp\/v2\/comments?post=24605"}],"wp:featuredmedia":[{"embeddable":true,"href":"https:\/\/triangle.cat\/fr\/wp-json\/wp\/v2\/media\/7444"}],"wp:attachment":[{"href":"https:\/\/triangle.cat\/fr\/wp-json\/wp\/v2\/media?parent=24605"}],"wp:term":[{"taxonomy":"product_brand","embeddable":true,"href":"https:\/\/triangle.cat\/fr\/wp-json\/wp\/v2\/product_brand?post=24605"},{"taxonomy":"product_cat","embeddable":true,"href":"https:\/\/triangle.cat\/fr\/wp-json\/wp\/v2\/product_cat?post=24605"},{"taxonomy":"product_tag","embeddable":true,"href":"https:\/\/triangle.cat\/fr\/wp-json\/wp\/v2\/product_tag?post=24605"}],"curies":[{"name":"wp","href":"https:\/\/api.w.org\/{rel}","templated":true}]}}