
{"id":24595,"date":"2023-02-13T10:50:27","date_gmt":"2023-02-13T12:49:19","guid":{"rendered":"https:\/\/www.triangleeditorial.com\/producto\/barcelone-gotica\/"},"modified":"2023-02-13T12:49:33","modified_gmt":"2023-02-13T12:49:33","slug":"barcelone-gotica","status":"publish","type":"product","link":"https:\/\/triangle.cat\/fr\/producto\/barcelone-gotica\/","title":{"rendered":"Barcelone G\u00f2tica"},"content":{"rendered":"","protected":false},"excerpt":{"rendered":"<p>Barcelone fut au XIXe et XVe si\u00e8cles un espace privil\u00e9gi\u00e9 en M\u00e9diterran\u00e9e pour stimuler une intense cr\u00e9ativit\u00e9 qui se concr\u00e9tisa dans l\u2019architecture, la sculpture et la peinture, exprim\u00e9es dans un style gothique d\u2019une originalit\u00e9 ind\u00e9niable. Tout cela est refl\u00e9t\u00e9 dans ce livre gr\u00e2ce \u00e0 un regard neuf et original des auteurs, Raimon Arola et Victoria Cirlot, et du photographe Pere Vivas.<\/p>\n","protected":false},"featured_media":22373,"comment_status":"closed","ping_status":"open","template":"","meta":{"_acf_changed":false,"_monsterinsights_skip_tracking":false,"_monsterinsights_sitenote_active":false,"_monsterinsights_sitenote_note":"","_monsterinsights_sitenote_category":0},"product_brand":[],"product_cat":[1536,1539],"product_tag":[1031,961,1000],"class_list":{"0":"post-24595","1":"product","2":"type-product","3":"status-publish","4":"has-post-thumbnail","6":"product_cat-art-architecture-fr","7":"product_cat-barcelone-fr","8":"product_tag-anglais-fr","9":"product_tag-catalan-fr","10":"product_tag-espagnol-fr","11":"pa_idioma-multilingue-catala-espanol-english-fr","13":"first","14":"instock","15":"taxable","16":"shipping-taxable","17":"purchasable","18":"product-type-variable","19":"has-default-attributes"},"acf":[],"_links":{"self":[{"href":"https:\/\/triangle.cat\/fr\/wp-json\/wp\/v2\/product\/24595","targetHints":{"allow":["GET"]}}],"collection":[{"href":"https:\/\/triangle.cat\/fr\/wp-json\/wp\/v2\/product"}],"about":[{"href":"https:\/\/triangle.cat\/fr\/wp-json\/wp\/v2\/types\/product"}],"replies":[{"embeddable":true,"href":"https:\/\/triangle.cat\/fr\/wp-json\/wp\/v2\/comments?post=24595"}],"wp:featuredmedia":[{"embeddable":true,"href":"https:\/\/triangle.cat\/fr\/wp-json\/wp\/v2\/media\/22373"}],"wp:attachment":[{"href":"https:\/\/triangle.cat\/fr\/wp-json\/wp\/v2\/media?parent=24595"}],"wp:term":[{"taxonomy":"product_brand","embeddable":true,"href":"https:\/\/triangle.cat\/fr\/wp-json\/wp\/v2\/product_brand?post=24595"},{"taxonomy":"product_cat","embeddable":true,"href":"https:\/\/triangle.cat\/fr\/wp-json\/wp\/v2\/product_cat?post=24595"},{"taxonomy":"product_tag","embeddable":true,"href":"https:\/\/triangle.cat\/fr\/wp-json\/wp\/v2\/product_tag?post=24595"}],"curies":[{"name":"wp","href":"https:\/\/api.w.org\/{rel}","templated":true}]}}