
{"id":24591,"date":"2022-02-13T10:49:51","date_gmt":"2023-02-13T12:48:50","guid":{"rendered":"https:\/\/www.triangleeditorial.com\/producto\/theblogfrom-barcelona\/"},"modified":"2023-02-13T12:49:21","modified_gmt":"2023-02-13T12:49:21","slug":"theblogfrom-barcelona","status":"publish","type":"product","link":"https:\/\/triangle.cat\/fr\/producto\/theblogfrom-barcelona\/","title":{"rendered":"@TheBlogFrom Barcelona"},"content":{"rendered":"","protected":false},"excerpt":{"rendered":"<p>L\u2019illustrateur Luis Silva et Triangle Books vous offrent un pr\u00e9cieux carnet de voyages pratique pour d\u00e9couvrir la ville et en profiter, avec des routes et des cartes de Barcelone pour marquer votre itin\u00e9raire et des pages pour prendre des notes ou \u00e9crire vos id\u00e9es et vos r\u00e9flexions. Le tout accompagn\u00e9 de photographies sp\u00e9ciales et de belles illustrations \u00e0 l\u2019aquarelle. Un cadeau intelligent pour des personnes sp\u00e9ciales comme vous.  https:\/\/www.facebook.com\/theblogfrom\/<\/p>\n","protected":false},"featured_media":22021,"comment_status":"closed","ping_status":"closed","template":"","meta":{"_acf_changed":false,"_monsterinsights_skip_tracking":false,"_monsterinsights_sitenote_active":false,"_monsterinsights_sitenote_note":"","_monsterinsights_sitenote_category":0},"product_brand":[],"product_cat":[1539,1500,1566,1524],"product_tag":[1031,1000,1007],"class_list":{"0":"post-24591","1":"product","2":"type-product","3":"status-publish","4":"has-post-thumbnail","6":"product_cat-barcelone-fr","7":"product_cat-barcelone","8":"product_cat-livres-illustres","9":"product_cat-sketchguides-fr","10":"product_tag-anglais-fr","11":"product_tag-espagnol-fr","12":"product_tag-francais-fr-2","13":"pa_idioma-english-fr","14":"pa_idioma-espanol-fr-2","15":"pa_idioma-francais-fr","17":"first","18":"instock","19":"taxable","20":"shipping-taxable","21":"purchasable","22":"product-type-variable","23":"has-default-attributes"},"acf":[],"_links":{"self":[{"href":"https:\/\/triangle.cat\/fr\/wp-json\/wp\/v2\/product\/24591","targetHints":{"allow":["GET"]}}],"collection":[{"href":"https:\/\/triangle.cat\/fr\/wp-json\/wp\/v2\/product"}],"about":[{"href":"https:\/\/triangle.cat\/fr\/wp-json\/wp\/v2\/types\/product"}],"replies":[{"embeddable":true,"href":"https:\/\/triangle.cat\/fr\/wp-json\/wp\/v2\/comments?post=24591"}],"wp:featuredmedia":[{"embeddable":true,"href":"https:\/\/triangle.cat\/fr\/wp-json\/wp\/v2\/media\/22021"}],"wp:attachment":[{"href":"https:\/\/triangle.cat\/fr\/wp-json\/wp\/v2\/media?parent=24591"}],"wp:term":[{"taxonomy":"product_brand","embeddable":true,"href":"https:\/\/triangle.cat\/fr\/wp-json\/wp\/v2\/product_brand?post=24591"},{"taxonomy":"product_cat","embeddable":true,"href":"https:\/\/triangle.cat\/fr\/wp-json\/wp\/v2\/product_cat?post=24591"},{"taxonomy":"product_tag","embeddable":true,"href":"https:\/\/triangle.cat\/fr\/wp-json\/wp\/v2\/product_tag?post=24591"}],"curies":[{"name":"wp","href":"https:\/\/api.w.org\/{rel}","templated":true}]}}