
{"id":24582,"date":"2023-02-13T10:47:16","date_gmt":"2023-02-13T12:46:58","guid":{"rendered":"https:\/\/www.triangleeditorial.com\/producto\/barcelone-3\/"},"modified":"2023-02-13T12:48:53","modified_gmt":"2023-02-13T12:48:53","slug":"barcelone-3","status":"publish","type":"product","link":"https:\/\/triangle.cat\/fr\/producto\/barcelone-3\/","title":{"rendered":"Barcelone"},"content":{"rendered":"","protected":false},"excerpt":{"rendered":"<p>Ce guide vous apporte toutes les indications n\u00e9cessaires sur la ville en suivant les itin\u00e9raires et les arr\u00eats des deux compagnies d\u2019autobus touristiques qui parcourent la ville : Barcelona Bus Tur\u00edstic et Barcelona City Tour. Vous trouverez \u00e9galement les stations du r\u00e9seau de m\u00e9tro si vous pr\u00e9f\u00e9rez visiter Barcelone en toute libert\u00e9. Dans chaque quartier embl\u00e9matique, en plus des monuments et des sites les plus remarquables, vous trouverez, outre le plan de ces monuments et des arr\u00eats des bus touristiques et du r\u00e9seau de m\u00e9tro, nos recommandations de bars, restaurants, commerces singuliers, boutiques de gastronomie et d\u2019\u0153nologie, bo\u00eetes de nuit et toutes sortes d\u2019autres \u00e9tablissements.<\/p>\n","protected":false},"featured_media":22008,"comment_status":"closed","ping_status":"closed","template":"","meta":{"_acf_changed":false,"_monsterinsights_skip_tracking":false,"_monsterinsights_sitenote_active":false,"_monsterinsights_sitenote_note":"","_monsterinsights_sitenote_category":0},"product_brand":[],"product_cat":[1500,1539,1510],"product_tag":[990,1031,1000,1007,1032,1094,1088],"class_list":{"0":"post-24582","1":"product","2":"type-product","3":"status-publish","4":"has-post-thumbnail","6":"product_cat-barcelone","7":"product_cat-barcelone-fr","8":"product_cat-photoguides-fr","9":"product_tag-allemand-fr","10":"product_tag-anglais-fr","11":"product_tag-espagnol-fr","12":"product_tag-francais-fr-2","13":"product_tag-italien","14":"product_tag-japonais-fr","15":"product_tag-russe-fr","16":"pa_idioma-deutsch-fr","17":"pa_idioma-english-fr","18":"pa_idioma-espanol-fr-2","19":"pa_idioma-francais-fr","20":"pa_idioma-italiano-fr","21":"pa_idioma--fr","25":"first","26":"instock","27":"taxable","28":"shipping-taxable","29":"purchasable","30":"product-type-variable","31":"has-default-attributes"},"acf":[],"_links":{"self":[{"href":"https:\/\/triangle.cat\/fr\/wp-json\/wp\/v2\/product\/24582","targetHints":{"allow":["GET"]}}],"collection":[{"href":"https:\/\/triangle.cat\/fr\/wp-json\/wp\/v2\/product"}],"about":[{"href":"https:\/\/triangle.cat\/fr\/wp-json\/wp\/v2\/types\/product"}],"replies":[{"embeddable":true,"href":"https:\/\/triangle.cat\/fr\/wp-json\/wp\/v2\/comments?post=24582"}],"wp:featuredmedia":[{"embeddable":true,"href":"https:\/\/triangle.cat\/fr\/wp-json\/wp\/v2\/media\/22008"}],"wp:attachment":[{"href":"https:\/\/triangle.cat\/fr\/wp-json\/wp\/v2\/media?parent=24582"}],"wp:term":[{"taxonomy":"product_brand","embeddable":true,"href":"https:\/\/triangle.cat\/fr\/wp-json\/wp\/v2\/product_brand?post=24582"},{"taxonomy":"product_cat","embeddable":true,"href":"https:\/\/triangle.cat\/fr\/wp-json\/wp\/v2\/product_cat?post=24582"},{"taxonomy":"product_tag","embeddable":true,"href":"https:\/\/triangle.cat\/fr\/wp-json\/wp\/v2\/product_tag?post=24582"}],"curies":[{"name":"wp","href":"https:\/\/api.w.org\/{rel}","templated":true}]}}