
{"id":24575,"date":"2023-02-13T10:46:39","date_gmt":"2023-02-13T12:46:19","guid":{"rendered":"https:\/\/www.triangleeditorial.com\/producto\/besalu\/"},"modified":"2025-02-26T17:41:27","modified_gmt":"2025-02-26T15:41:27","slug":"besalu","status":"publish","type":"product","link":"https:\/\/triangle.cat\/fr\/producto\/besalu\/","title":{"rendered":"Besal\u00fa"},"content":{"rendered":"","protected":false},"excerpt":{"rendered":"<p>Besal\u00fa est un des villages romans parmi les mieux conserv\u00e9s de Catalogne et un des plus attrayants de l\u2019Espagne. Ce n\u2019est pas sans raison qu\u2019il a \u00e9t\u00e9 d\u00e9clar\u00e9, en 1966, Ensemble historico-artistique national pour sa grande valeur architecturale. Une promenade dans ses ruelles m\u00e9di\u00e9vales permet, entre autres choses, de d\u00e9couvrir les secrets que cache l\u2019ancienne capitale du comt\u00e9.<\/p>\n","protected":false},"featured_media":14899,"comment_status":"closed","ping_status":"open","template":"","meta":{"_acf_changed":false,"_monsterinsights_skip_tracking":false,"_monsterinsights_sitenote_active":false,"_monsterinsights_sitenote_note":"","_monsterinsights_sitenote_category":0},"product_brand":[],"product_cat":[1542,1560],"product_tag":[1031,961,1000,1007,1088],"class_list":{"0":"post-24575","1":"product","2":"type-product","3":"status-publish","4":"has-post-thumbnail","6":"product_cat-catalogne-fr","7":"product_cat-gerone-costa-brava","8":"product_tag-anglais-fr","9":"product_tag-catalan-fr","10":"product_tag-espagnol-fr","11":"product_tag-francais-fr-2","12":"product_tag-russe-fr","13":"pa_idioma-catalan-fr","14":"pa_idioma-english-fr","15":"pa_idioma-espanol-fr-2","16":"pa_idioma-francais-fr","17":"pa_idioma--fr","18":"pa_idioma-hebrew-fr","20":"first","21":"instock","22":"taxable","23":"shipping-taxable","24":"purchasable","25":"product-type-variable","26":"has-default-attributes"},"acf":[],"_links":{"self":[{"href":"https:\/\/triangle.cat\/fr\/wp-json\/wp\/v2\/product\/24575","targetHints":{"allow":["GET"]}}],"collection":[{"href":"https:\/\/triangle.cat\/fr\/wp-json\/wp\/v2\/product"}],"about":[{"href":"https:\/\/triangle.cat\/fr\/wp-json\/wp\/v2\/types\/product"}],"replies":[{"embeddable":true,"href":"https:\/\/triangle.cat\/fr\/wp-json\/wp\/v2\/comments?post=24575"}],"wp:featuredmedia":[{"embeddable":true,"href":"https:\/\/triangle.cat\/fr\/wp-json\/wp\/v2\/media\/14899"}],"wp:attachment":[{"href":"https:\/\/triangle.cat\/fr\/wp-json\/wp\/v2\/media?parent=24575"}],"wp:term":[{"taxonomy":"product_brand","embeddable":true,"href":"https:\/\/triangle.cat\/fr\/wp-json\/wp\/v2\/product_brand?post=24575"},{"taxonomy":"product_cat","embeddable":true,"href":"https:\/\/triangle.cat\/fr\/wp-json\/wp\/v2\/product_cat?post=24575"},{"taxonomy":"product_tag","embeddable":true,"href":"https:\/\/triangle.cat\/fr\/wp-json\/wp\/v2\/product_tag?post=24575"}],"curies":[{"name":"wp","href":"https:\/\/api.w.org\/{rel}","templated":true}]}}