
{"id":24564,"date":"2023-02-13T10:45:41","date_gmt":"2023-02-13T12:45:17","guid":{"rendered":"https:\/\/www.triangleeditorial.com\/producto\/casa-batllo-2\/"},"modified":"2023-08-07T20:42:13","modified_gmt":"2023-08-07T18:42:13","slug":"casa-batllo-2","status":"publish","type":"product","link":"https:\/\/triangle.cat\/fr\/producto\/casa-batllo-2\/","title":{"rendered":"Casa Batll\u00f3"},"content":{"rendered":"","protected":false},"excerpt":{"rendered":"<p>Cet ouvrage vous m\u00e8nera bien au-del\u00e0 de la fa\u00e7ade de la Casa Batll\u00f3 pour vous montrer, de mani\u00e8re \u00e0 la fois minutieuse et d\u00e9taill\u00e9e, la cr\u00e9ativit\u00e9 du grand architecte. Il comprend un essai de Juan\u00a0Jos\u00e9 Lahuerta ainsi qu\u2019une \u00e9tude sur la morphologie de l\u2019\u00e9difice.<\/p>\n","protected":false},"featured_media":7420,"comment_status":"closed","ping_status":"closed","template":"","meta":{"_acf_changed":false,"_monsterinsights_skip_tracking":false,"_monsterinsights_sitenote_active":false,"_monsterinsights_sitenote_note":"","_monsterinsights_sitenote_category":0},"product_brand":[],"product_cat":[1557,1536],"product_tag":[990,1031,961,1091,1000,1007,1032,1094,1053,1088,1097],"class_list":{"0":"post-24564","1":"product","2":"type-product","3":"status-publish","4":"has-post-thumbnail","6":"product_cat-antoni-gaudi-fr","7":"product_cat-art-architecture-fr","8":"product_tag-allemand-fr","9":"product_tag-anglais-fr","10":"product_tag-catalan-fr","11":"product_tag-chinois-fr","12":"product_tag-espagnol-fr","13":"product_tag-francais-fr-2","14":"product_tag-italien","15":"product_tag-japonais-fr","16":"product_tag-pays-bas","17":"product_tag-russe-fr","18":"product_tag--coreen","19":"pa_idioma-catalan-fr","20":"pa_idioma-deutsch-fr","21":"pa_idioma-english-fr","22":"pa_idioma-espanol-fr-2","23":"pa_idioma-francais-fr","24":"pa_idioma-italiano-fr","25":"pa_idioma-nederlands-fr","26":"pa_idioma--fr","30":"first","31":"instock","32":"taxable","33":"shipping-taxable","34":"purchasable","35":"product-type-variable","36":"has-default-attributes"},"acf":[],"_links":{"self":[{"href":"https:\/\/triangle.cat\/fr\/wp-json\/wp\/v2\/product\/24564","targetHints":{"allow":["GET"]}}],"collection":[{"href":"https:\/\/triangle.cat\/fr\/wp-json\/wp\/v2\/product"}],"about":[{"href":"https:\/\/triangle.cat\/fr\/wp-json\/wp\/v2\/types\/product"}],"replies":[{"embeddable":true,"href":"https:\/\/triangle.cat\/fr\/wp-json\/wp\/v2\/comments?post=24564"}],"wp:featuredmedia":[{"embeddable":true,"href":"https:\/\/triangle.cat\/fr\/wp-json\/wp\/v2\/media\/7420"}],"wp:attachment":[{"href":"https:\/\/triangle.cat\/fr\/wp-json\/wp\/v2\/media?parent=24564"}],"wp:term":[{"taxonomy":"product_brand","embeddable":true,"href":"https:\/\/triangle.cat\/fr\/wp-json\/wp\/v2\/product_brand?post=24564"},{"taxonomy":"product_cat","embeddable":true,"href":"https:\/\/triangle.cat\/fr\/wp-json\/wp\/v2\/product_cat?post=24564"},{"taxonomy":"product_tag","embeddable":true,"href":"https:\/\/triangle.cat\/fr\/wp-json\/wp\/v2\/product_tag?post=24564"}],"curies":[{"name":"wp","href":"https:\/\/api.w.org\/{rel}","templated":true}]}}