
{"id":24553,"date":"2023-02-13T10:43:13","date_gmt":"2023-02-13T12:43:23","guid":{"rendered":"https:\/\/www.triangleeditorial.com\/producto\/barcelone-haute-couture\/"},"modified":"2023-02-13T12:43:41","modified_gmt":"2023-02-13T12:43:41","slug":"barcelone-haute-couture","status":"publish","type":"product","link":"https:\/\/triangle.cat\/fr\/producto\/barcelone-haute-couture\/","title":{"rendered":"Barcelone haute couture"},"content":{"rendered":"","protected":false},"excerpt":{"rendered":"<p>Cette s\u00e9lection du riche fonds de robes et de compl\u00e9ments de la collection textile Antoni de Montpalau vous permettra de jouir du glamour de notre \u00e2ge d\u2019or de la haute couture (1920-1980). Pertegaz, Balenciaga, Pedro Rodr\u00edguez, Santa Eulalia, Rosser, Carmen Mir, Argon, El Dique Flotante, Asunci\u00f3n Bastida, Marinette, etc. ne sont que quelques-uns des grands noms de la collection.<\/p>\n","protected":false},"featured_media":18052,"comment_status":"closed","ping_status":"open","template":"","meta":{"_acf_changed":false,"_monsterinsights_skip_tracking":false,"_monsterinsights_sitenote_active":false,"_monsterinsights_sitenote_note":"","_monsterinsights_sitenote_category":0},"product_brand":[],"product_cat":[1536,1555],"product_tag":[1031,961,1000],"class_list":{"0":"post-24553","1":"product","2":"type-product","3":"status-publish","4":"has-post-thumbnail","6":"product_cat-art-architecture-fr","7":"product_cat-photographie-design","8":"product_tag-anglais-fr","9":"product_tag-catalan-fr","10":"product_tag-espagnol-fr","11":"pa_idioma-catala-english-fr","12":"pa_idioma-espanol-english-fr","14":"first","15":"instock","16":"taxable","17":"shipping-taxable","18":"purchasable","19":"product-type-variable","20":"has-default-attributes"},"acf":[],"_links":{"self":[{"href":"https:\/\/triangle.cat\/fr\/wp-json\/wp\/v2\/product\/24553","targetHints":{"allow":["GET"]}}],"collection":[{"href":"https:\/\/triangle.cat\/fr\/wp-json\/wp\/v2\/product"}],"about":[{"href":"https:\/\/triangle.cat\/fr\/wp-json\/wp\/v2\/types\/product"}],"replies":[{"embeddable":true,"href":"https:\/\/triangle.cat\/fr\/wp-json\/wp\/v2\/comments?post=24553"}],"wp:featuredmedia":[{"embeddable":true,"href":"https:\/\/triangle.cat\/fr\/wp-json\/wp\/v2\/media\/18052"}],"wp:attachment":[{"href":"https:\/\/triangle.cat\/fr\/wp-json\/wp\/v2\/media?parent=24553"}],"wp:term":[{"taxonomy":"product_brand","embeddable":true,"href":"https:\/\/triangle.cat\/fr\/wp-json\/wp\/v2\/product_brand?post=24553"},{"taxonomy":"product_cat","embeddable":true,"href":"https:\/\/triangle.cat\/fr\/wp-json\/wp\/v2\/product_cat?post=24553"},{"taxonomy":"product_tag","embeddable":true,"href":"https:\/\/triangle.cat\/fr\/wp-json\/wp\/v2\/product_tag?post=24553"}],"curies":[{"name":"wp","href":"https:\/\/api.w.org\/{rel}","templated":true}]}}