
{"id":24545,"date":"2023-02-13T10:42:16","date_gmt":"2023-02-13T12:42:41","guid":{"rendered":"https:\/\/www.triangleeditorial.com\/producto\/barcelona\/"},"modified":"2023-02-13T12:43:25","modified_gmt":"2023-02-13T12:43:25","slug":"barcelona-3","status":"publish","type":"product","link":"https:\/\/triangle.cat\/fr\/producto\/barcelona-3\/","title":{"rendered":"Barcelona"},"content":{"rendered":"","protected":false},"excerpt":{"rendered":"<p>Barcelone est une mosa\u00efque de paysages et d\u2019ambiances : le port et La Rambla, le circuit gothique de Ciutat Vella, l\u2019Eixample, le modernisme catalan et Gaud\u00ed, l\u2019urbanisme olympique, les mus\u00e9es et les sculptures, les loisirs et la nuit\u2026Cet ouvrage vous propose un reportage visuel complet agr\u00e9ment\u00e9 de cartes g\u00e9n\u00e9rales et th\u00e9matiques de la ville.<\/p>\n","protected":false},"featured_media":14880,"comment_status":"closed","ping_status":"closed","template":"","meta":{"_acf_changed":false,"_monsterinsights_skip_tracking":false,"_monsterinsights_sitenote_active":false,"_monsterinsights_sitenote_note":"","_monsterinsights_sitenote_category":0},"product_brand":[],"product_cat":[1539],"product_tag":[990,1031,1091,1000,1007,1032,1088],"class_list":{"0":"post-24545","1":"product","2":"type-product","3":"status-publish","4":"has-post-thumbnail","6":"product_cat-barcelone-fr","7":"product_tag-allemand-fr","8":"product_tag-anglais-fr","9":"product_tag-chinois-fr","10":"product_tag-espagnol-fr","11":"product_tag-francais-fr-2","12":"product_tag-italien","13":"product_tag-russe-fr","14":"pa_idioma-deutsch-fr","15":"pa_idioma-english-fr","16":"pa_idioma-espanol-fr-2","17":"pa_idioma-francais-fr","18":"pa_idioma-italiano-fr","19":"pa_idioma--fr","22":"first","23":"instock","24":"taxable","25":"shipping-taxable","26":"purchasable","27":"product-type-variable","28":"has-default-attributes"},"acf":[],"_links":{"self":[{"href":"https:\/\/triangle.cat\/fr\/wp-json\/wp\/v2\/product\/24545","targetHints":{"allow":["GET"]}}],"collection":[{"href":"https:\/\/triangle.cat\/fr\/wp-json\/wp\/v2\/product"}],"about":[{"href":"https:\/\/triangle.cat\/fr\/wp-json\/wp\/v2\/types\/product"}],"replies":[{"embeddable":true,"href":"https:\/\/triangle.cat\/fr\/wp-json\/wp\/v2\/comments?post=24545"}],"wp:featuredmedia":[{"embeddable":true,"href":"https:\/\/triangle.cat\/fr\/wp-json\/wp\/v2\/media\/14880"}],"wp:attachment":[{"href":"https:\/\/triangle.cat\/fr\/wp-json\/wp\/v2\/media?parent=24545"}],"wp:term":[{"taxonomy":"product_brand","embeddable":true,"href":"https:\/\/triangle.cat\/fr\/wp-json\/wp\/v2\/product_brand?post=24545"},{"taxonomy":"product_cat","embeddable":true,"href":"https:\/\/triangle.cat\/fr\/wp-json\/wp\/v2\/product_cat?post=24545"},{"taxonomy":"product_tag","embeddable":true,"href":"https:\/\/triangle.cat\/fr\/wp-json\/wp\/v2\/product_tag?post=24545"}],"curies":[{"name":"wp","href":"https:\/\/api.w.org\/{rel}","templated":true}]}}