
{"id":24525,"date":"2023-02-13T10:39:07","date_gmt":"2023-02-13T12:40:12","guid":{"rendered":"https:\/\/www.triangleeditorial.com\/producto\/marcel-villier\/"},"modified":"2025-03-03T12:05:00","modified_gmt":"2025-03-03T10:05:00","slug":"marcel-villier","status":"publish","type":"product","link":"https:\/\/triangle.cat\/fr\/producto\/marcel-villier\/","title":{"rendered":"Marcel Villier"},"content":{"rendered":"","protected":false},"excerpt":{"rendered":"<p>Le regard intime de Marcel Villier vous transportera dans une Minorque placide et accueillante. Cette s\u00e9lection de paysages intimes, r\u00e9alis\u00e9s au fil de 30 ans, offre une nouvelle dimension de la mer, des maisons et du paysage de l\u2019\u00eele. Les aquarelles et les gravures de Villier sont agr\u00e9ment\u00e9es d\u2019une bande sonore compos\u00e9e de po\u00e8mes et de commentaires personnels.<\/p>\n","protected":false},"featured_media":32264,"comment_status":"closed","ping_status":"closed","template":"","meta":{"_acf_changed":false,"_monsterinsights_skip_tracking":false,"_monsterinsights_sitenote_active":false,"_monsterinsights_sitenote_note":"","_monsterinsights_sitenote_category":0},"product_brand":[],"product_cat":[1536,1566,1572],"product_tag":[1031,961,1000],"class_list":{"0":"post-24525","1":"product","2":"type-product","3":"status-publish","4":"has-post-thumbnail","6":"product_cat-art-architecture-fr","7":"product_cat-livres-illustres","8":"product_cat-minorque","9":"product_tag-anglais-fr","10":"product_tag-catalan-fr","11":"product_tag-espagnol-fr","12":"pa_idioma-multilingue-catala-espanol-english-fr","14":"first","15":"instock","16":"taxable","17":"shipping-taxable","18":"purchasable","19":"product-type-variable","20":"has-default-attributes"},"acf":[],"_links":{"self":[{"href":"https:\/\/triangle.cat\/fr\/wp-json\/wp\/v2\/product\/24525","targetHints":{"allow":["GET"]}}],"collection":[{"href":"https:\/\/triangle.cat\/fr\/wp-json\/wp\/v2\/product"}],"about":[{"href":"https:\/\/triangle.cat\/fr\/wp-json\/wp\/v2\/types\/product"}],"replies":[{"embeddable":true,"href":"https:\/\/triangle.cat\/fr\/wp-json\/wp\/v2\/comments?post=24525"}],"wp:featuredmedia":[{"embeddable":true,"href":"https:\/\/triangle.cat\/fr\/wp-json\/wp\/v2\/media\/32264"}],"wp:attachment":[{"href":"https:\/\/triangle.cat\/fr\/wp-json\/wp\/v2\/media?parent=24525"}],"wp:term":[{"taxonomy":"product_brand","embeddable":true,"href":"https:\/\/triangle.cat\/fr\/wp-json\/wp\/v2\/product_brand?post=24525"},{"taxonomy":"product_cat","embeddable":true,"href":"https:\/\/triangle.cat\/fr\/wp-json\/wp\/v2\/product_cat?post=24525"},{"taxonomy":"product_tag","embeddable":true,"href":"https:\/\/triangle.cat\/fr\/wp-json\/wp\/v2\/product_tag?post=24525"}],"curies":[{"name":"wp","href":"https:\/\/api.w.org\/{rel}","templated":true}]}}