
{"id":24513,"date":"2023-02-13T10:32:42","date_gmt":"2023-02-13T12:36:00","guid":{"rendered":"https:\/\/www.triangleeditorial.com\/producto\/la-cote-de-almeria\/"},"modified":"2025-05-22T13:14:20","modified_gmt":"2025-05-22T11:14:20","slug":"la-cote-de-almeria","status":"publish","type":"product","link":"https:\/\/triangle.cat\/fr\/producto\/la-cote-de-almeria\/","title":{"rendered":"La c\u00f4te de Almer\u00eda"},"content":{"rendered":"","protected":false},"excerpt":{"rendered":"<p>Almer\u00eda, en d\u00e9pit de son aridit\u00e9, parvient \u00e0 s\u00e9duire le voyageur. Le paysage, \u00e0 un moment \u00e9pique et romantique, module une vie dure mais agr\u00e9able. Sur la c\u00f4te, une terre pleinement ocre et une eau immens\u00e9ment bleue s\u2019embrassent dans chaque falaise et dans chaque plage. Un lieu unique en Europe.<\/p>\n","protected":false},"featured_media":7378,"comment_status":"closed","ping_status":"open","template":"","meta":{"_acf_changed":false,"_monsterinsights_skip_tracking":false,"_monsterinsights_sitenote_active":false,"_monsterinsights_sitenote_note":"","_monsterinsights_sitenote_category":0},"product_brand":[],"product_cat":[1533],"product_tag":[990,1031,1000,1007],"class_list":{"0":"post-24513","1":"product","2":"type-product","3":"status-publish","4":"has-post-thumbnail","6":"product_cat-andalousie-fr","7":"product_tag-allemand-fr","8":"product_tag-anglais-fr","9":"product_tag-espagnol-fr","10":"product_tag-francais-fr-2","11":"pa_idioma-deutsch-fr","12":"pa_idioma-english-fr","13":"pa_idioma-espanol-fr-2","14":"pa_idioma-francais-fr","16":"first","17":"instock","18":"taxable","19":"shipping-taxable","20":"purchasable","21":"product-type-variable","22":"has-default-attributes"},"acf":[],"_links":{"self":[{"href":"https:\/\/triangle.cat\/fr\/wp-json\/wp\/v2\/product\/24513","targetHints":{"allow":["GET"]}}],"collection":[{"href":"https:\/\/triangle.cat\/fr\/wp-json\/wp\/v2\/product"}],"about":[{"href":"https:\/\/triangle.cat\/fr\/wp-json\/wp\/v2\/types\/product"}],"replies":[{"embeddable":true,"href":"https:\/\/triangle.cat\/fr\/wp-json\/wp\/v2\/comments?post=24513"}],"wp:featuredmedia":[{"embeddable":true,"href":"https:\/\/triangle.cat\/fr\/wp-json\/wp\/v2\/media\/7378"}],"wp:attachment":[{"href":"https:\/\/triangle.cat\/fr\/wp-json\/wp\/v2\/media?parent=24513"}],"wp:term":[{"taxonomy":"product_brand","embeddable":true,"href":"https:\/\/triangle.cat\/fr\/wp-json\/wp\/v2\/product_brand?post=24513"},{"taxonomy":"product_cat","embeddable":true,"href":"https:\/\/triangle.cat\/fr\/wp-json\/wp\/v2\/product_cat?post=24513"},{"taxonomy":"product_tag","embeddable":true,"href":"https:\/\/triangle.cat\/fr\/wp-json\/wp\/v2\/product_tag?post=24513"}],"curies":[{"name":"wp","href":"https:\/\/api.w.org\/{rel}","templated":true}]}}