
{"id":24505,"date":"2023-02-13T10:29:34","date_gmt":"2023-02-13T12:32:52","guid":{"rendered":"https:\/\/www.triangleeditorial.com\/producto\/lalhambra-de-grenade-2\/"},"modified":"2023-02-13T12:36:02","modified_gmt":"2023-02-13T12:36:02","slug":"lalhambra-de-grenade-2","status":"publish","type":"product","link":"https:\/\/triangle.cat\/fr\/producto\/lalhambra-de-grenade-2\/","title":{"rendered":"L\u2019Alhambra de Grenade"},"content":{"rendered":"","protected":false},"excerpt":{"rendered":"<p>Le photographe Llu\u00eds Casals et le romancier F\u00e9lix Bay\u00f3n vous guident au travers d\u2019un voyage dans la ville m\u00e9di\u00e9vale de l\u2019Alhambra de Grenade, un des chefs-d\u2019\u0153uvre de la culture musulmane en Espagne. La richesse des contrastes de la lumi\u00e8re et de l\u2019eau, les couleurs et l\u2019exquise ornementation de ses palais, jardins et patios en font un plaisir pour les sens.<\/p>\n","protected":false},"featured_media":6421,"comment_status":"closed","ping_status":"open","template":"","meta":{"_acf_changed":false,"_monsterinsights_skip_tracking":false,"_monsterinsights_sitenote_active":false,"_monsterinsights_sitenote_note":"","_monsterinsights_sitenote_category":0},"product_brand":[],"product_cat":[1533,1536],"product_tag":[990,1031,1000,1007,1032,1094,1088],"class_list":{"0":"post-24505","1":"product","2":"type-product","3":"status-publish","4":"has-post-thumbnail","6":"product_cat-andalousie-fr","7":"product_cat-art-architecture-fr","8":"product_tag-allemand-fr","9":"product_tag-anglais-fr","10":"product_tag-espagnol-fr","11":"product_tag-francais-fr-2","12":"product_tag-italien","13":"product_tag-japonais-fr","14":"product_tag-russe-fr","15":"pa_idioma-deutsch-fr","16":"pa_idioma-english-fr","17":"pa_idioma-espanol-fr-2","18":"pa_idioma-francais-fr","19":"pa_idioma-italiano-fr","20":"pa_idioma--fr","23":"first","24":"instock","25":"taxable","26":"shipping-taxable","27":"purchasable","28":"product-type-variable","29":"has-default-attributes"},"acf":[],"_links":{"self":[{"href":"https:\/\/triangle.cat\/fr\/wp-json\/wp\/v2\/product\/24505","targetHints":{"allow":["GET"]}}],"collection":[{"href":"https:\/\/triangle.cat\/fr\/wp-json\/wp\/v2\/product"}],"about":[{"href":"https:\/\/triangle.cat\/fr\/wp-json\/wp\/v2\/types\/product"}],"replies":[{"embeddable":true,"href":"https:\/\/triangle.cat\/fr\/wp-json\/wp\/v2\/comments?post=24505"}],"wp:featuredmedia":[{"embeddable":true,"href":"https:\/\/triangle.cat\/fr\/wp-json\/wp\/v2\/media\/6421"}],"wp:attachment":[{"href":"https:\/\/triangle.cat\/fr\/wp-json\/wp\/v2\/media?parent=24505"}],"wp:term":[{"taxonomy":"product_brand","embeddable":true,"href":"https:\/\/triangle.cat\/fr\/wp-json\/wp\/v2\/product_brand?post=24505"},{"taxonomy":"product_cat","embeddable":true,"href":"https:\/\/triangle.cat\/fr\/wp-json\/wp\/v2\/product_cat?post=24505"},{"taxonomy":"product_tag","embeddable":true,"href":"https:\/\/triangle.cat\/fr\/wp-json\/wp\/v2\/product_tag?post=24505"}],"curies":[{"name":"wp","href":"https:\/\/api.w.org\/{rel}","templated":true}]}}