
{"id":24498,"date":"2023-02-13T10:28:43","date_gmt":"2023-02-13T12:31:55","guid":{"rendered":"https:\/\/www.triangleeditorial.com\/producto\/lalhambra-de-grenade\/"},"modified":"2023-02-13T12:32:54","modified_gmt":"2023-02-13T12:32:54","slug":"lalhambra-de-grenade","status":"publish","type":"product","link":"https:\/\/triangle.cat\/fr\/producto\/lalhambra-de-grenade\/","title":{"rendered":"L\u2019Alhambra de Grenade"},"content":{"rendered":"","protected":false},"excerpt":{"rendered":"<p>Le photographe Llu\u00eds Casals et le romancier F\u00e9lix Bay\u00f3n vous guident pour un voyage dans la ville m\u00e9di\u00e9vale de l\u2019Alhambra de Grenade, un des chefs-d\u2019\u0153uvre que la culture musulmane \u00e9rigea dans la p\u00e9ninsule Ib\u00e9rique. La richesse des contrastes de la lumi\u00e8re et de l\u2019eau, les couleurs et l\u2019exquise ornementation de ses palais, jardins et patios en font un plaisir permanent pour les sens.<\/p>\n","protected":false},"featured_media":21994,"comment_status":"closed","ping_status":"closed","template":"","meta":{"_acf_changed":false,"_monsterinsights_skip_tracking":false,"_monsterinsights_sitenote_active":false,"_monsterinsights_sitenote_note":"","_monsterinsights_sitenote_category":0},"product_brand":[],"product_cat":[1533,1536,1555],"product_tag":[990,1031,1000,1007,1032,1094],"class_list":{"0":"post-24498","1":"product","2":"type-product","3":"status-publish","4":"has-post-thumbnail","6":"product_cat-andalousie-fr","7":"product_cat-art-architecture-fr","8":"product_cat-photographie-design","9":"product_tag-allemand-fr","10":"product_tag-anglais-fr","11":"product_tag-espagnol-fr","12":"product_tag-francais-fr-2","13":"product_tag-italien","14":"product_tag-japonais-fr","15":"pa_idioma-deutsch-fr","16":"pa_idioma-english-fr","17":"pa_idioma-espanol-fr-2","18":"pa_idioma-francais-fr","19":"pa_idioma-italiano-fr","20":"pa_idioma--fr","22":"first","23":"instock","24":"taxable","25":"shipping-taxable","26":"purchasable","27":"product-type-variable","28":"has-default-attributes"},"acf":[],"_links":{"self":[{"href":"https:\/\/triangle.cat\/fr\/wp-json\/wp\/v2\/product\/24498","targetHints":{"allow":["GET"]}}],"collection":[{"href":"https:\/\/triangle.cat\/fr\/wp-json\/wp\/v2\/product"}],"about":[{"href":"https:\/\/triangle.cat\/fr\/wp-json\/wp\/v2\/types\/product"}],"replies":[{"embeddable":true,"href":"https:\/\/triangle.cat\/fr\/wp-json\/wp\/v2\/comments?post=24498"}],"wp:featuredmedia":[{"embeddable":true,"href":"https:\/\/triangle.cat\/fr\/wp-json\/wp\/v2\/media\/21994"}],"wp:attachment":[{"href":"https:\/\/triangle.cat\/fr\/wp-json\/wp\/v2\/media?parent=24498"}],"wp:term":[{"taxonomy":"product_brand","embeddable":true,"href":"https:\/\/triangle.cat\/fr\/wp-json\/wp\/v2\/product_brand?post=24498"},{"taxonomy":"product_cat","embeddable":true,"href":"https:\/\/triangle.cat\/fr\/wp-json\/wp\/v2\/product_cat?post=24498"},{"taxonomy":"product_tag","embeddable":true,"href":"https:\/\/triangle.cat\/fr\/wp-json\/wp\/v2\/product_tag?post=24498"}],"curies":[{"name":"wp","href":"https:\/\/api.w.org\/{rel}","templated":true}]}}