
{"id":29659,"date":"2023-02-14T12:24:44","date_gmt":"2023-02-14T12:24:44","guid":{"rendered":"https:\/\/www.triangleeditorial.com\/contact\/"},"modified":"2024-12-02T12:17:22","modified_gmt":"2024-12-02T10:17:22","slug":"contact","status":"publish","type":"page","link":"https:\/\/triangle.cat\/fr\/contact\/","title":{"rendered":"Contact"},"content":{"rendered":"\n<style type=\"text\/css\" data-created_by=\"avia_inline_auto\" id=\"style-css-av-5bcbw-68b1a1c84c213f8a9f1d9e72d1321375\">\n.avia-section.av-5bcbw-68b1a1c84c213f8a9f1d9e72d1321375 .av-parallax .av-parallax-inner{\nbackground-repeat:no-repeat;\nbackground-image:url(https:\/\/triangle.cat\/wp-content\/uploads\/2020\/06\/Captura-de-pantalla-2020-06-19-a-les-9.25.48.png);\nbackground-position:50% 100%;\nbackground-attachment:scroll;\n}\n.avia-section.av-5bcbw-68b1a1c84c213f8a9f1d9e72d1321375 .av-section-color-overlay{\nopacity:0.5;\nbackground-color:#000000;\n}\n<\/style>\n<div id='sign-up'  class='avia-section av-5bcbw-68b1a1c84c213f8a9f1d9e72d1321375 main_color avia-section-large avia-no-shadow  avia-builder-el-0  el_before_av_section  avia-builder-el-first  av-desktop-hide av-medium-hide av-small-hide av-mini-hide avia-full-stretch av-parallax-section avia-bg-style-parallax av-section-color-overlay-active av-minimum-height av-minimum-height-25  container_wrap fullsize'  data-section-bg-repeat='stretch' data-av_minimum_height_pc='25'><div class='av-parallax' data-avia-parallax-ratio='0.3' ><div class='av-parallax-inner main_color avia-full-stretch'><\/div><\/div><div class=\"av-section-color-overlay-wrap\"><div class=\"av-section-color-overlay\"><\/div><div class='container av-section-cont-open' ><main  role=\"main\" itemprop=\"mainContentOfPage\"  class='template-page content  av-content-full alpha units'><div class='post-entry post-entry-type-page post-entry-29659'><div class='entry-content-wrapper clearfix'>\n\n<style type=\"text\/css\" data-created_by=\"avia_inline_auto\" id=\"style-css-av-13upc-5f833f18fc47e40635579961d7b7bbf5\">\n#top .av-special-heading.av-13upc-5f833f18fc47e40635579961d7b7bbf5{\npadding-bottom:10px;\ncolor:#ffffff;\nfont-size:30px;\n}\nbody .av-special-heading.av-13upc-5f833f18fc47e40635579961d7b7bbf5 .av-special-heading-tag .heading-char{\nfont-size:25px;\n}\n#top #wrap_all .av-special-heading.av-13upc-5f833f18fc47e40635579961d7b7bbf5 .av-special-heading-tag{\nfont-size:30px;\n}\n.av-special-heading.av-13upc-5f833f18fc47e40635579961d7b7bbf5 .special-heading-inner-border{\nborder-color:#ffffff;\n}\n.av-special-heading.av-13upc-5f833f18fc47e40635579961d7b7bbf5 .av-subheading{\nfont-size:15px;\n}\n\n@media only screen and (min-width: 480px) and (max-width: 767px){ \n#top #wrap_all .av-special-heading.av-13upc-5f833f18fc47e40635579961d7b7bbf5 .av-special-heading-tag{\nfont-size:0.8em;\n}\n}\n\n@media only screen and (max-width: 479px){ \n#top #wrap_all .av-special-heading.av-13upc-5f833f18fc47e40635579961d7b7bbf5 .av-special-heading-tag{\nfont-size:0.8em;\n}\n}\n<\/style>\n<div  class='av-special-heading av-13upc-5f833f18fc47e40635579961d7b7bbf5 av-special-heading-h3 custom-color-heading blockquote modern-quote modern-centered  avia-builder-el-1  el_before_av_hr  avia-builder-el-first  av-inherit-size'><h3 class='av-special-heading-tag'  itemprop=\"headline\"  >Vous voulez vous tenir au courant ? Abonnez-vous \u00e0 notre newsletter!<\/h3><div class=\"special-heading-border\"><div class=\"special-heading-inner-border\"><\/div><\/div><\/div>\n<div  class='hr av-2d60-8e1fef202111dde5caf59c2500866755 hr-default  avia-builder-el-2  el_after_av_heading  el_before_av_one_fifth '><span class='hr-inner '><span class=\"hr-inner-style\"><\/span><\/span><\/div>\n<div class='flex_column av-411fk-23c4a47319f5f7b38f674c4e7998cd89 av_one_fifth  avia-builder-el-3  el_after_av_hr  el_before_av_three_fifth  first flex_column_div '     ><\/div><div class='flex_column av-35qt8-73479eb270ee823b9b211f3fb7a485aa av_three_fifth  avia-builder-el-4  el_after_av_one_fifth  el_before_av_one_fifth  flex_column_div '     ><form action=\"https:\/\/triangle.cat\/fr\/contact\/\" method=\"post\"  class=\"avia_ajax_form av-form-labels-hidden   avia-builder-el-5  avia-builder-el-no-sibling  av-custom-form-color av-light-form \" data-avia-form-id=\"1\" data-avia-redirect='' ><fieldset><p class='  first_form  form_element form_element_third' id='element_avia_1_1'><label for=\"avia_1_1\">Name <abbr class=\"required\" title=\"requis(e)\">*<\/abbr><\/label> <input name=\"avia_1_1\" class=\"text_input is_empty\" type=\"text\" id=\"avia_1_1\" value=\"\"  placeholder='Name*'\/><\/p><p class='  form_element form_element_third' id='element_avia_2_1'><label for=\"avia_2_1\">E-Mail <abbr class=\"required\" title=\"requis(e)\">*<\/abbr><\/label> <input name=\"avia_2_1\" class=\"text_input is_email\" type=\"text\" id=\"avia_2_1\" value=\"\"  placeholder='E-Mail*'\/><\/p><p class=\"hidden\"><input type=\"text\" name=\"avia_3_1\" class=\"hidden \" id=\"avia_3_1\" value=\"\" \/><\/p><p class=' av_form_privacy_check av_contact_privacy_check first_form  form_element form_fullwidth' id='element_avia_4_1'><input  name=\"avia_4_1\" class=\"input_checkbox is_empty\" type=\"checkbox\" id=\"avia_4_1\" value=\"true\"\/><label class=\"input_checkbox_label\" for=\"avia_4_1\">J\u2019accepte les conditions g\u00e9n\u00e9rales expos\u00e9es dans les <a href='https:\/\/triangle.cat\/es\/aviso-legal\/' target='_blank' rel=\"noopener\">mentions l\u00e9gales<\/a> <abbr class=\"required\" title=\"requis(e)\">*<\/abbr><\/label><\/p><p class=\"form_element \"><input type=\"hidden\" value=\"1\" name=\"avia_generated_form1\" \/><input type=\"submit\" value=\"Subscribe\" class=\"button\"  data-sending-label=\"Envoi\"\/><\/p><\/fieldset><\/form><div id=\"ajaxresponse_1\" class=\"ajaxresponse ajaxresponse_1 hidden\"><\/div><\/div><div class='flex_column av-o2kk-9c6439b57bef49423174a8fe3af8105b av_one_fifth  avia-builder-el-6  el_after_av_three_fifth  avia-builder-el-last  flex_column_div '     ><\/div>\n\n<\/div><\/div><\/main><!-- close content main element --><\/div><\/div><\/div><div id='av_section_2'  class='avia-section av-a8v84-dbcc9783a16848cdd04eadd9e7ea889e alternate_color avia-section-large avia-no-border-styling  avia-builder-el-7  el_after_av_section  el_before_av_section  avia-bg-style-scroll container_wrap fullsize'  ><div class='container av-section-cont-open' ><div class='template-page content  av-content-full alpha units'><div class='post-entry post-entry-type-page post-entry-29659'><div class='entry-content-wrapper clearfix'>\n<div class='flex_column av-9myvk-548f8af1571dfb518c237b8a71b4a214 av_one_half  avia-builder-el-8  el_before_av_one_half  avia-builder-el-first  first flex_column_div '     ><p>\n<style type=\"text\/css\" data-created_by=\"avia_inline_auto\" id=\"style-css-av-kfs3b26a-ef09bf881ee72f14396277da87be0d8b\">\n#top .av-special-heading.av-kfs3b26a-ef09bf881ee72f14396277da87be0d8b{\npadding-bottom:10px;\n}\nbody .av-special-heading.av-kfs3b26a-ef09bf881ee72f14396277da87be0d8b .av-special-heading-tag .heading-char{\nfont-size:25px;\n}\n.av-special-heading.av-kfs3b26a-ef09bf881ee72f14396277da87be0d8b .av-subheading{\nfont-size:15px;\n}\n<\/style>\n<div  class='av-special-heading av-kfs3b26a-ef09bf881ee72f14396277da87be0d8b av-special-heading-h2 blockquote modern-quote  avia-builder-el-9  el_before_av_hr  avia-builder-el-first '><h2 class='av-special-heading-tag'  itemprop=\"headline\"  >Contact<\/h2><div class=\"special-heading-border\"><div class=\"special-heading-inner-border\"><\/div><\/div><\/div><br \/>\n\n<style type=\"text\/css\" data-created_by=\"avia_inline_auto\" id=\"style-css-av-98c9y-617d02a003adfe7e437ebb577c1db376\">\n#top .hr.av-98c9y-617d02a003adfe7e437ebb577c1db376{\nmargin-top:0px;\nmargin-bottom:10px;\n}\n.hr.av-98c9y-617d02a003adfe7e437ebb577c1db376 .hr-inner{\nborder-color:#000000;\n}\n<\/style>\n<div  class='hr av-98c9y-617d02a003adfe7e437ebb577c1db376 hr-custom  avia-builder-el-10  el_after_av_heading  el_before_av_textblock  hr-center hr-icon-no'><span class='hr-inner inner-border-av-border-thin'><span class=\"hr-inner-style\"><\/span><\/span><\/div><br \/>\n<section  class='av_textblock_section av-98yh8-bfc63999e580ac3899be6d601cec7b60'  itemscope=\"itemscope\" itemtype=\"https:\/\/schema.org\/CreativeWork\" ><div class='avia_textblock'  itemprop=\"text\" ><h3><b>Triangle Postals SL<\/b><\/h3>\n<p>\u2014<\/p>\n<p>Pere Tudur\u00ed, 8<br \/>\n07710 Sant LLu\u00eds (Menorca)<\/p>\n<p>971 15 04 51<\/p>\n<p><a href=\"mailto:triangle@triangle.cat\">triangle@triangle.cat<\/a><\/p>\n<p>Follow Us:<\/p>\n<div style=\"display: flex; align-items: center; gap: 10px;\">\n<p><!-- \u00cdcono de Instagram --><\/p>\n<p><!-- \u00cdcono de Facebook --><\/p>\n<\/div>\n<\/div><\/section><\/p><\/div><div class='flex_column av-8gjbw-3cf6a3d40427d7b32fa0b1b4521936a9 av_one_half  avia-builder-el-12  el_after_av_one_half  avia-builder-el-last  flex_column_div '     ><p>\n<style type=\"text\/css\" data-created_by=\"avia_inline_auto\" id=\"style-css-av-kfs3bdnf-aeec7e1e652024912c08c3d79e41287f\">\n#top .av-special-heading.av-kfs3bdnf-aeec7e1e652024912c08c3d79e41287f{\npadding-bottom:10px;\n}\nbody .av-special-heading.av-kfs3bdnf-aeec7e1e652024912c08c3d79e41287f .av-special-heading-tag .heading-char{\nfont-size:25px;\n}\n.av-special-heading.av-kfs3bdnf-aeec7e1e652024912c08c3d79e41287f .av-subheading{\nfont-size:15px;\n}\n<\/style>\n<div  class='av-special-heading av-kfs3bdnf-aeec7e1e652024912c08c3d79e41287f av-special-heading-h2 blockquote modern-quote  avia-builder-el-13  el_before_av_hr  avia-builder-el-first '><h2 class='av-special-heading-tag'  itemprop=\"headline\"  >D\u00e9partement commerciale<\/h2><div class=\"special-heading-border\"><div class=\"special-heading-inner-border\"><\/div><\/div><\/div><br \/>\n\n<style type=\"text\/css\" data-created_by=\"avia_inline_auto\" id=\"style-css-av-98c9y-617d02a003adfe7e437ebb577c1db376\">\n#top .hr.av-98c9y-617d02a003adfe7e437ebb577c1db376{\nmargin-top:0px;\nmargin-bottom:10px;\n}\n.hr.av-98c9y-617d02a003adfe7e437ebb577c1db376 .hr-inner{\nborder-color:#000000;\n}\n<\/style>\n<div  class='hr av-98c9y-617d02a003adfe7e437ebb577c1db376 hr-custom  avia-builder-el-14  el_after_av_heading  el_before_av_textblock  hr-center hr-icon-no'><span class='hr-inner inner-border-av-border-thin'><span class=\"hr-inner-style\"><\/span><\/span><\/div><br \/>\n<section  class='av_textblock_section av-98yh8-bfc63999e580ac3899be6d601cec7b60'  itemscope=\"itemscope\" itemtype=\"https:\/\/schema.org\/CreativeWork\" ><div class='avia_textblock'  itemprop=\"text\" ><h3>Commercial Director<\/h3>\n<p>\u2014<\/p>\n<p><strong>Sandra Naharro<\/strong><\/p>\n<p>687 286 707<\/p>\n<p>snaharro@triangle.cat<\/p>\n<\/div><\/section><\/p><\/div>\n\n<\/div><\/div><\/div><!-- close content main div --><\/div><\/div><div id='av_section_3'  class='avia-section av-a8v84-dbcc9783a16848cdd04eadd9e7ea889e alternate_color avia-section-large avia-no-border-styling  avia-builder-el-16  el_after_av_section  el_before_av_section  avia-bg-style-scroll container_wrap fullsize'  ><div class='container av-section-cont-open' ><div class='template-page content  av-content-full alpha units'><div class='post-entry post-entry-type-page post-entry-29659'><div class='entry-content-wrapper clearfix'>\n\n<style type=\"text\/css\" data-created_by=\"avia_inline_auto\" id=\"style-css-av-kfs3asl8-2adb4a9fd2c0c8b6036d1db9ba3ba884\">\n#top .av-special-heading.av-kfs3asl8-2adb4a9fd2c0c8b6036d1db9ba3ba884{\npadding-bottom:10px;\n}\nbody .av-special-heading.av-kfs3asl8-2adb4a9fd2c0c8b6036d1db9ba3ba884 .av-special-heading-tag .heading-char{\nfont-size:25px;\n}\n.av-special-heading.av-kfs3asl8-2adb4a9fd2c0c8b6036d1db9ba3ba884 .av-subheading{\nfont-size:15px;\n}\n<\/style>\n<div  class='av-special-heading av-kfs3asl8-2adb4a9fd2c0c8b6036d1db9ba3ba884 av-special-heading-h2 blockquote modern-quote  avia-builder-el-17  el_before_av_hr  avia-builder-el-first '><h2 class='av-special-heading-tag'  itemprop=\"headline\"  >Distribution<\/h2><div class=\"special-heading-border\"><div class=\"special-heading-inner-border\"><\/div><\/div><\/div>\n\n<style type=\"text\/css\" data-created_by=\"avia_inline_auto\" id=\"style-css-av-98c9y-617d02a003adfe7e437ebb577c1db376\">\n#top .hr.av-98c9y-617d02a003adfe7e437ebb577c1db376{\nmargin-top:0px;\nmargin-bottom:10px;\n}\n.hr.av-98c9y-617d02a003adfe7e437ebb577c1db376 .hr-inner{\nborder-color:#000000;\n}\n<\/style>\n<div  class='hr av-98c9y-617d02a003adfe7e437ebb577c1db376 hr-custom  avia-builder-el-18  el_after_av_heading  el_before_av_one_fifth  hr-center hr-icon-no'><span class='hr-inner inner-border-av-border-thin'><span class=\"hr-inner-style\"><\/span><\/span><\/div>\n<div class='flex_column av-9myvk-548f8af1571dfb518c237b8a71b4a214 av_one_fifth  avia-builder-el-19  el_after_av_hr  el_before_av_one_fifth  first flex_column_div '     ><section  class='av_textblock_section av-s38w-09e3c4cb09f09d8c8d8eba4a620993dc'  itemscope=\"itemscope\" itemtype=\"https:\/\/schema.org\/CreativeWork\" ><div class='avia_textblock'  itemprop=\"text\" ><h3><b>Barcelona<\/b><\/h3>\n<p>\u2014<\/p>\n<p><b>Triangle Postals<\/b><\/p>\n<p>933 003 615<\/p>\n<p><a href=\"mailto:barcelona@triangle.cat\">barcelona@triangle.cat<\/a><\/p>\n<\/div><\/section><\/div><div class='flex_column av-8gjbw-3cf6a3d40427d7b32fa0b1b4521936a9 av_one_fifth  avia-builder-el-21  el_after_av_one_fifth  el_before_av_one_fifth  flex_column_div '     ><section  class='av_textblock_section av-s38w-09e3c4cb09f09d8c8d8eba4a620993dc'  itemscope=\"itemscope\" itemtype=\"https:\/\/schema.org\/CreativeWork\" ><div class='avia_textblock'  itemprop=\"text\" ><h3><b>Mallorca<\/b><\/h3>\n<p>\u2014<\/p>\n<p><b>N\u00faria Duran<\/b><\/p>\n<p>655 238 374<\/p>\n<p>971 276 632<\/p>\n<p><a href=\"mailto:mallorca@triangle.cat\">mallorca@triangle.cat<\/a><\/p>\n<\/div><\/section><\/div><div class='flex_column av-7oxno-9badfcf5f74386bcb9e6253ae5b5b6b7 av_one_fifth  avia-builder-el-23  el_after_av_one_fifth  el_before_av_one_fifth  flex_column_div '     ><section  class='av_textblock_section av-72cuk-2ee2c4ae436d00987b563d30d6b3b4fb'  itemscope=\"itemscope\" itemtype=\"https:\/\/schema.org\/CreativeWork\" ><div class='avia_textblock'  itemprop=\"text\" ><h3><b>Menorca<\/b><\/h3>\n<p>\u2014<\/p>\n<p><b>Juanjo Pons<\/b><\/p>\n<p>618 717 465<\/p>\n<p>971 150 451<\/p>\n<p><a href=\"mailto:menorca@triangle.cat\">menorca@triangle.cat<\/a><\/p>\n<\/div><\/section><\/div><div class='flex_column av-66lk8-9f32e1c9ae9a268347d2d54fec3466af av_one_fifth  avia-builder-el-25  el_after_av_one_fifth  el_before_av_one_fifth  flex_column_div '     ><section  class='av_textblock_section av-5xtig-803969f2b120c7a6d44fdef551ec85c3'  itemscope=\"itemscope\" itemtype=\"https:\/\/schema.org\/CreativeWork\" ><div class='avia_textblock'  itemprop=\"text\" ><h3><b>Ibiza-Formentera<\/b><\/h3>\n<p>\u2014<\/p>\n<p><strong>Silvia Diez<\/strong><\/p>\n<p>610 004 386<\/p>\n<p>eivissaformentera@triangle.cat<\/p>\n<\/div><\/section><\/div><div class='flex_column av-66lk8-9f32e1c9ae9a268347d2d54fec3466af av_one_fifth  avia-builder-el-27  el_after_av_one_fifth  el_before_av_one_fifth  flex_column_div '     ><section  class='av_textblock_section av-5xtig-89dcc6baf01430f6dbe01610fb1834e4'  itemscope=\"itemscope\" itemtype=\"https:\/\/schema.org\/CreativeWork\" ><div class='avia_textblock'  itemprop=\"text\" ><h3><b>Girona-Costa Brava<\/b><\/h3>\n<p>\u2014<\/p>\n<p><b>Irene Coll<\/b><\/p>\n<p>Tel.: 972 643 307<\/p>\n<p>Mob.: 682 119 432<\/p>\n<p><a href=\"mailto:cb@triangle.cat\">cb@triangle.cat<\/a><\/p>\n<\/div><\/section><\/div><div class='flex_column av-66lk8-57ce8675c8396e929124d07089d85d9e av_one_fifth  avia-builder-el-29  el_after_av_one_fifth  el_before_av_one_fifth  first flex_column_div column-top-margin'     ><section  class='av_textblock_section av-5xtig-803969f2b120c7a6d44fdef551ec85c3'  itemscope=\"itemscope\" itemtype=\"https:\/\/schema.org\/CreativeWork\" ><div class='avia_textblock'  itemprop=\"text\" ><h3><b>Tarragona<\/b><\/h3>\n<p>\u2014<\/p>\n<p><b>Foto Raymond<\/b><\/p>\n<p>977 234 525<\/p>\n<p><a href=\"mailto:info@fotoraymond.com\">info@fotoraymond.com<\/a><\/p>\n<\/div><\/section><\/div><div class='flex_column av-66lk8-9f32e1c9ae9a268347d2d54fec3466af av_one_fifth  avia-builder-el-31  el_after_av_one_fifth  el_before_av_one_fifth  flex_column_div column-top-margin'     ><section  class='av_textblock_section av-5xtig-803969f2b120c7a6d44fdef551ec85c3'  itemscope=\"itemscope\" itemtype=\"https:\/\/schema.org\/CreativeWork\" ><div class='avia_textblock'  itemprop=\"text\" ><h3><b>Valencia-Costa Blanca<\/b><\/h3>\n<p>\u2014<\/p>\n<p><b>\u00d3scar P\u00e9rez<\/b><\/p>\n<p>615 072 116<\/p>\n<p>963 735 359<\/p>\n<p><a href=\"mailto:valencia@triangle.cat\">valencia@triangle.cat<\/a><\/p>\n<\/div><\/section><\/div><div class='flex_column av-66lk8-9f32e1c9ae9a268347d2d54fec3466af av_one_fifth  avia-builder-el-33  el_after_av_one_fifth  el_before_av_one_fifth  flex_column_div column-top-margin'     ><section  class='av_textblock_section av-5xtig-803969f2b120c7a6d44fdef551ec85c3'  itemscope=\"itemscope\" itemtype=\"https:\/\/schema.org\/CreativeWork\" ><div class='avia_textblock'  itemprop=\"text\" ><h3><b>Almer\u00eda-Granada<\/b><\/h3>\n<p>\u2014<\/p>\n<p><strong>Alberto Ruiz<\/strong><\/p>\n<p>614 115 659<\/p>\n<p>albertoruiz@trianglepostals.com<\/p>\n<\/div><\/section><\/div><div class='flex_column av-66lk8-9f32e1c9ae9a268347d2d54fec3466af av_one_fifth  avia-builder-el-35  el_after_av_one_fifth  el_before_av_one_fifth  flex_column_div column-top-margin'     ><\/div><div class='flex_column av-66lk8-9f32e1c9ae9a268347d2d54fec3466af av_one_fifth  avia-builder-el-36  el_after_av_one_fifth  avia-builder-el-last  flex_column_div column-top-margin'     ><\/div>\n\n<\/div><\/div><\/div><!-- close content main div --><\/div><\/div><div id='av_section_4'  class='avia-section av-a8v84-dbcc9783a16848cdd04eadd9e7ea889e alternate_color avia-section-large avia-no-border-styling  avia-builder-el-37  el_after_av_section  el_before_av_section  avia-bg-style-scroll container_wrap fullsize'  ><div class='container av-section-cont-open' ><div class='template-page content  av-content-full alpha units'><div class='post-entry post-entry-type-page post-entry-29659'><div class='entry-content-wrapper clearfix'>\n\n<style type=\"text\/css\" data-created_by=\"avia_inline_auto\" id=\"style-css-av-kfs3ae41-d7de67422439f5c6cf221bb260c21322\">\n#top .av-special-heading.av-kfs3ae41-d7de67422439f5c6cf221bb260c21322{\npadding-bottom:10px;\n}\nbody .av-special-heading.av-kfs3ae41-d7de67422439f5c6cf221bb260c21322 .av-special-heading-tag .heading-char{\nfont-size:25px;\n}\n.av-special-heading.av-kfs3ae41-d7de67422439f5c6cf221bb260c21322 .av-subheading{\nfont-size:15px;\n}\n<\/style>\n<div  class='av-special-heading av-kfs3ae41-d7de67422439f5c6cf221bb260c21322 av-special-heading-h2 blockquote modern-quote  avia-builder-el-38  el_before_av_hr  avia-builder-el-first '><h2 class='av-special-heading-tag'  itemprop=\"headline\"  >Entreprises et congr\u00e8s nationaux et internationaux<\/h2><div class=\"special-heading-border\"><div class=\"special-heading-inner-border\"><\/div><\/div><\/div>\n\n<style type=\"text\/css\" data-created_by=\"avia_inline_auto\" id=\"style-css-av-98c9y-617d02a003adfe7e437ebb577c1db376\">\n#top .hr.av-98c9y-617d02a003adfe7e437ebb577c1db376{\nmargin-top:0px;\nmargin-bottom:10px;\n}\n.hr.av-98c9y-617d02a003adfe7e437ebb577c1db376 .hr-inner{\nborder-color:#000000;\n}\n<\/style>\n<div  class='hr av-98c9y-617d02a003adfe7e437ebb577c1db376 hr-custom  avia-builder-el-39  el_after_av_heading  el_before_av_one_fifth  hr-center hr-icon-no'><span class='hr-inner inner-border-av-border-thin'><span class=\"hr-inner-style\"><\/span><\/span><\/div>\n<div class='flex_column av-9myvk-548f8af1571dfb518c237b8a71b4a214 av_one_fifth  avia-builder-el-40  el_after_av_hr  el_before_av_one_fifth  first flex_column_div '     ><section  class='av_textblock_section av-s38w-09e3c4cb09f09d8c8d8eba4a620993dc'  itemscope=\"itemscope\" itemtype=\"https:\/\/schema.org\/CreativeWork\" ><div class='avia_textblock'  itemprop=\"text\" ><p><b>Malva Calzado<\/b><\/p>\n<p>Mob.: 619 201 456<\/p>\n<p><a href=\"mailto:malva@triangle.cat%3Cbr\/%3Ebooks@triangle.cat\">malva@triangle.cat<\/a><\/p>\n<\/div><\/section><\/div><div class='flex_column av-8gjbw-3cf6a3d40427d7b32fa0b1b4521936a9 av_one_fifth  avia-builder-el-42  el_after_av_one_fifth  el_before_av_one_fifth  flex_column_div '     ><\/div><div class='flex_column av-7oxno-9badfcf5f74386bcb9e6253ae5b5b6b7 av_one_fifth  avia-builder-el-43  el_after_av_one_fifth  el_before_av_one_fifth  flex_column_div '     ><\/div><div class='flex_column av-66lk8-9f32e1c9ae9a268347d2d54fec3466af av_one_fifth  avia-builder-el-44  el_after_av_one_fifth  el_before_av_one_fifth  flex_column_div '     ><\/div><div class='flex_column av-66lk8-9f32e1c9ae9a268347d2d54fec3466af av_one_fifth  avia-builder-el-45  el_after_av_one_fifth  avia-builder-el-last  flex_column_div '     ><\/div>\n\n<\/div><\/div><\/div><!-- close content main div --><\/div><\/div><div id='av_section_5'  class='avia-section av-a8v84-dbcc9783a16848cdd04eadd9e7ea889e alternate_color avia-section-large avia-no-border-styling  avia-builder-el-46  el_after_av_section  avia-builder-el-last  avia-bg-style-scroll container_wrap fullsize'  ><div class='container av-section-cont-open' ><div class='template-page content  av-content-full alpha units'><div class='post-entry post-entry-type-page post-entry-29659'><div class='entry-content-wrapper clearfix'>\n\n<style type=\"text\/css\" data-created_by=\"avia_inline_auto\" id=\"style-css-av-se4k-25d08b8e21f387d0120e08fd976902d7\">\n#top .av-special-heading.av-se4k-25d08b8e21f387d0120e08fd976902d7{\npadding-bottom:10px;\n}\nbody .av-special-heading.av-se4k-25d08b8e21f387d0120e08fd976902d7 .av-special-heading-tag .heading-char{\nfont-size:25px;\n}\n.av-special-heading.av-se4k-25d08b8e21f387d0120e08fd976902d7 .av-subheading{\nfont-size:15px;\n}\n<\/style>\n<div  class='av-special-heading av-se4k-25d08b8e21f387d0120e08fd976902d7 av-special-heading-h2 blockquote modern-quote  avia-builder-el-47  el_before_av_hr  avia-builder-el-first '><h2 class='av-special-heading-tag'  itemprop=\"headline\"  >Distribution en librairie<\/h2><div class=\"special-heading-border\"><div class=\"special-heading-inner-border\"><\/div><\/div><\/div>\n\n<style type=\"text\/css\" data-created_by=\"avia_inline_auto\" id=\"style-css-av-98c9y-617d02a003adfe7e437ebb577c1db376\">\n#top .hr.av-98c9y-617d02a003adfe7e437ebb577c1db376{\nmargin-top:0px;\nmargin-bottom:10px;\n}\n.hr.av-98c9y-617d02a003adfe7e437ebb577c1db376 .hr-inner{\nborder-color:#000000;\n}\n<\/style>\n<div  class='hr av-98c9y-617d02a003adfe7e437ebb577c1db376 hr-custom  avia-builder-el-48  el_after_av_heading  el_before_av_one_fifth  hr-center hr-icon-no'><span class='hr-inner inner-border-av-border-thin'><span class=\"hr-inner-style\"><\/span><\/span><\/div>\n<div class='flex_column av-9myvk-548f8af1571dfb518c237b8a71b4a214 av_one_fifth  avia-builder-el-49  el_after_av_hr  el_before_av_one_fifth  first flex_column_div '     ><section  class='av_textblock_section av-s38w-09e3c4cb09f09d8c8d8eba4a620993dc'  itemscope=\"itemscope\" itemtype=\"https:\/\/schema.org\/CreativeWork\" ><div class='avia_textblock'  itemprop=\"text\" ><h3>Espa\u00f1a<\/h3>\n<p>\u2014<\/p>\n<p><strong>Interleo (Grupo Arnoia)<\/strong><\/p>\n<p>913 949 258<\/p>\n<p>info@interleo.es<\/p>\n<\/div><\/section><\/div><div class='flex_column av-8gjbw-3cf6a3d40427d7b32fa0b1b4521936a9 av_one_fifth  avia-builder-el-51  el_after_av_one_fifth  el_before_av_one_fifth  flex_column_div '     ><section  class='av_textblock_section av-s38w-09e3c4cb09f09d8c8d8eba4a620993dc'  itemscope=\"itemscope\" itemtype=\"https:\/\/schema.org\/CreativeWork\" ><div class='avia_textblock'  itemprop=\"text\" ><h3><b>Mallorca \/ Menorca<\/b><\/h3>\n<p>\u2014<\/p>\n<p><b>Rotger<\/b><\/p>\n<p>971 43 77 00<\/p>\n<p><a href=\"mailto:libros@rotger.com\">libros@rotger.com<\/a><\/p>\n<\/div><\/section><\/div><div class='flex_column av-8gjbw-3cf6a3d40427d7b32fa0b1b4521936a9 av_one_fifth  avia-builder-el-53  el_after_av_one_fifth  el_before_av_one_fifth  flex_column_div '     ><section  class='av_textblock_section av-s38w-09e3c4cb09f09d8c8d8eba4a620993dc'  itemscope=\"itemscope\" itemtype=\"https:\/\/schema.org\/CreativeWork\" ><div class='avia_textblock'  itemprop=\"text\" ><h3>Costa Brava<\/h3>\n<p>\u2014<\/p>\n<p><b>Nordest<\/b><\/p>\n<p>972 672 354<\/p>\n<p>nordest@nordest.es<\/p>\n<\/div><\/section><\/div><div class='flex_column av-66lk8-9f32e1c9ae9a268347d2d54fec3466af av_one_fifth  avia-builder-el-55  el_after_av_one_fifth  avia-builder-el-last  flex_column_div '     ><\/div>\n","protected":false},"excerpt":{"rendered":"","protected":false},"author":4,"featured_media":0,"parent":0,"menu_order":0,"comment_status":"open","ping_status":"closed","template":"","meta":{"_acf_changed":false,"_monsterinsights_skip_tracking":false,"_monsterinsights_sitenote_active":false,"_monsterinsights_sitenote_note":"","_monsterinsights_sitenote_category":0,"footnotes":""},"class_list":["post-29659","page","type-page","status-publish","hentry"],"acf":[],"_links":{"self":[{"href":"https:\/\/triangle.cat\/fr\/wp-json\/wp\/v2\/pages\/29659","targetHints":{"allow":["GET"]}}],"collection":[{"href":"https:\/\/triangle.cat\/fr\/wp-json\/wp\/v2\/pages"}],"about":[{"href":"https:\/\/triangle.cat\/fr\/wp-json\/wp\/v2\/types\/page"}],"author":[{"embeddable":true,"href":"https:\/\/triangle.cat\/fr\/wp-json\/wp\/v2\/users\/4"}],"replies":[{"embeddable":true,"href":"https:\/\/triangle.cat\/fr\/wp-json\/wp\/v2\/comments?post=29659"}],"version-history":[{"count":5,"href":"https:\/\/triangle.cat\/fr\/wp-json\/wp\/v2\/pages\/29659\/revisions"}],"predecessor-version":[{"id":42433,"href":"https:\/\/triangle.cat\/fr\/wp-json\/wp\/v2\/pages\/29659\/revisions\/42433"}],"wp:attachment":[{"href":"https:\/\/triangle.cat\/fr\/wp-json\/wp\/v2\/media?parent=29659"}],"curies":[{"name":"wp","href":"https:\/\/api.w.org\/{rel}","templated":true}]}}