
{"id":29630,"date":"2023-02-14T12:01:55","date_gmt":"2023-02-14T12:01:55","guid":{"rendered":"https:\/\/www.triangleeditorial.com\/blog\/"},"modified":"2024-03-19T10:56:15","modified_gmt":"2024-03-19T08:56:15","slug":"blog","status":"publish","type":"page","link":"https:\/\/triangle.cat\/fr\/blog\/","title":{"rendered":"Blog"},"content":{"rendered":"<div  data-slideshow-options=\"{&quot;animation&quot;:&quot;fade&quot;,&quot;autoplay&quot;:false,&quot;loop_autoplay&quot;:&quot;once&quot;,&quot;interval&quot;:5,&quot;loop_manual&quot;:&quot;manual-endless&quot;,&quot;autoplay_stopper&quot;:false,&quot;noNavigation&quot;:false,&quot;show_slide_delay&quot;:90}\" class='avia-content-slider avia-content-grid-active avia-content-slider1 avia-content-slider-odd  avia-builder-el-0  avia-builder-el-no-sibling  av-slideshow-ui av-control-default   av-no-slider-navigation av-slideshow-manual av-loop-once av-loop-manual-endless '  itemscope=\"itemscope\" itemtype=\"https:\/\/schema.org\/Blog\" ><div class=\"avia-content-slider-inner\"><div class=\"slide-entry-wrap\"><article class='slide-entry flex_column  post-entry post-entry-41688 slide-entry-overview slide-loop-1 slide-parity-odd  av_one_third first real-thumbnail post-format-standard'  itemscope=\"itemscope\" itemtype=\"https:\/\/schema.org\/CreativeWork\" ><a href='https:\/\/triangle.cat\/fr\/eglises-dibiza-et-formentera-un-tresor-architectural-au-coeur-des-pityuses\/' data-rel='slide-1' class='slide-image' title='\u00c9glises d\u2019Ibiza et Formentera : Un tr\u00e9sor architectural au c\u0153ur des Pityuses'><img decoding=\"async\" width=\"495\" height=\"400\" src=\"https:\/\/triangle.cat\/wp-content\/uploads\/2024\/10\/Esglesies-dEivissa-i-Formentera-495x400.jpg\" class=\"wp-image-41651 avia-img-lazy-loading-not-41651 attachment-portfolio size-portfolio wp-post-image\" alt=\"\" srcset=\"https:\/\/triangle.cat\/wp-content\/uploads\/2024\/10\/Esglesies-dEivissa-i-Formentera-495x400.jpg 495w, https:\/\/triangle.cat\/wp-content\/uploads\/2024\/10\/Esglesies-dEivissa-i-Formentera-845x684.jpg 845w\" sizes=\"(max-width: 495px) 100vw, 495px\" title=\"\"><\/a><div class=\"slide-content\"><header class=\"entry-content-header\"><h3 class='slide-entry-title entry-title '  itemprop=\"headline\" ><a href='https:\/\/triangle.cat\/fr\/eglises-dibiza-et-formentera-un-tresor-architectural-au-coeur-des-pityuses\/' title='\u00c9glises d\u2019Ibiza et Formentera : Un tr\u00e9sor architectural au c\u0153ur des Pityuses'>\u00c9glises d\u2019Ibiza et Formentera : Un tr\u00e9sor architectural au c\u0153ur des Pityuses<\/a><\/h3><span class=\"blog-categories minor-meta\"><a href=\"https:\/\/triangle.cat\/fr\/category\/art-y-arquitectura-fr\/\" rel=\"tag\">Art y arquitectura<\/a> <\/span><span class=\"av-vertical-delimiter\"><\/span><\/header><div class='slide-entry-excerpt entry-content'  itemprop=\"text\" >Les \u00e9glises d'Ibiza et Formentera ne sont pas de simples \u00e9difices religieux. Au fil des si\u00e8cles, ces structures ont \u00e9t\u00e9 t\u00e9moins d'\u00e9v\u00e9nements historiques, des lieux de rencontre pour les communaut\u00e9s locales et des ic\u00f4nes architecturales\u2026<\/div><\/div><footer class=\"entry-footer\"><div class=\"slide-meta\"><time class='slide-meta-time updated'  itemprop=\"datePublished\" datetime=\"2024-10-10T15:09:08+02:00\" >10 octobre 2024<\/time><\/div><\/footer><span class='hidden'>\n\t\t\t\t<span class='av-structured-data'  itemprop=\"image\" itemscope=\"itemscope\" itemtype=\"https:\/\/schema.org\/ImageObject\" >\n\t\t\t\t\t\t<span itemprop='url'>https:\/\/triangle.cat\/wp-content\/uploads\/2024\/10\/Esglesies-dEivissa-i-Formentera.jpg<\/span>\n\t\t\t\t\t\t<span itemprop='height'>1403<\/span>\n\t\t\t\t\t\t<span itemprop='width'>1772<\/span>\n\t\t\t\t<\/span>\n\t\t\t\t<span class='av-structured-data'  itemprop=\"publisher\" itemtype=\"https:\/\/schema.org\/Organization\" itemscope=\"itemscope\" >\n\t\t\t\t\t\t<span itemprop='name'>triangle<\/span>\n\t\t\t\t\t\t<span itemprop='logo' itemscope itemtype='https:\/\/schema.org\/ImageObject'>\n\t\t\t\t\t\t\t<span itemprop='url'>https:\/\/triangle.cat\/wp-content\/uploads\/2023\/09\/Logo_Triangle_Books_Ok-2.png<\/span>\n\t\t\t\t\t\t <\/span>\n\t\t\t\t<\/span><span class='av-structured-data'  itemprop=\"author\" itemscope=\"itemscope\" itemtype=\"https:\/\/schema.org\/Person\" ><span itemprop='name'>triangle<\/span><\/span><span class='av-structured-data'  itemprop=\"datePublished\" datetime=\"2023-02-14T12:01:55+02:00\" >2024-10-10 15:09:08<\/span><span class='av-structured-data'  itemprop=\"dateModified\" itemtype=\"https:\/\/schema.org\/dateModified\" >2024-10-10 15:27:28<\/span><span class='av-structured-data'  itemprop=\"mainEntityOfPage\" itemtype=\"https:\/\/schema.org\/mainEntityOfPage\" ><span itemprop='name'>\u00c9glises d\u2019Ibiza et Formentera : Un tr\u00e9sor architectural au c\u0153ur des Pityuses<\/span><\/span><\/span><\/article><article class='slide-entry flex_column  post-entry post-entry-40190 slide-entry-overview slide-loop-2 slide-parity-even  av_one_third  real-thumbnail post-format-standard'  itemscope=\"itemscope\" itemtype=\"https:\/\/schema.org\/CreativeWork\" ><a href='https:\/\/triangle.cat\/fr\/explora-els-paisatges-naturals-de-catalunya-i-les-illes-balears\/' data-rel='slide-1' class='slide-image' title='Explorez les paysages naturels de la Catalogne et des \u00eeles Bal\u00e9ares'><img decoding=\"async\" width=\"495\" height=\"400\" src=\"https:\/\/triangle.cat\/wp-content\/uploads\/2024\/06\/Explora-els-Paisatges-Naturals-de-Catalunya-i-les-Illes-Balears-ES-495x400.webp\" class=\"wp-image-40178 avia-img-lazy-loading-not-40178 attachment-portfolio size-portfolio wp-post-image\" alt=\"Explora els Paisatges Naturals de Catalunya i les Illes Balears  ES\" title=\"\"><\/a><div class=\"slide-content\"><header class=\"entry-content-header\"><h3 class='slide-entry-title entry-title '  itemprop=\"headline\" ><a href='https:\/\/triangle.cat\/fr\/explora-els-paisatges-naturals-de-catalunya-i-les-illes-balears\/' title='Explorez les paysages naturels de la Catalogne et des \u00eeles Bal\u00e9ares'>Explorez les paysages naturels de la Catalogne et des \u00eeles Bal\u00e9ares<\/a><\/h3><span class=\"blog-categories minor-meta\"><a href=\"https:\/\/triangle.cat\/fr\/category\/non-classifiee\/\" rel=\"tag\">Non classifi\u00e9(e)<\/a> <\/span><span class=\"av-vertical-delimiter\"><\/span><\/header><div class='slide-entry-excerpt entry-content'  itemprop=\"text\" >\"D\u00e9couvrez les merveilles naturelles de la Catalogne : Un voyage \u00e0 travers des paysages \u00e0 couper le souffle\"\r\n&nbsp;\r\n\r\nQuand il s'agit de profiter du beau temps et de la nature, rien ne vaut l'exp\u00e9rience d'explorer les paysages \u00e9poustouflants\u2026<\/div><\/div><footer class=\"entry-footer\"><div class=\"slide-meta\"><time class='slide-meta-time updated'  itemprop=\"datePublished\" datetime=\"2024-06-27T15:11:57+02:00\" >27 juin 2024<\/time><\/div><\/footer><span class='hidden'>\n\t\t\t\t<span class='av-structured-data'  itemprop=\"image\" itemscope=\"itemscope\" itemtype=\"https:\/\/schema.org\/ImageObject\" >\n\t\t\t\t\t\t<span itemprop='url'>https:\/\/triangle.cat\/wp-content\/uploads\/2024\/06\/Explora-els-Paisatges-Naturals-de-Catalunya-i-les-Illes-Balears-ES.webp<\/span>\n\t\t\t\t\t\t<span itemprop='height'>550<\/span>\n\t\t\t\t\t\t<span itemprop='width'>639<\/span>\n\t\t\t\t<\/span>\n\t\t\t\t<span class='av-structured-data'  itemprop=\"publisher\" itemtype=\"https:\/\/schema.org\/Organization\" itemscope=\"itemscope\" >\n\t\t\t\t\t\t<span itemprop='name'>triangle<\/span>\n\t\t\t\t\t\t<span itemprop='logo' itemscope itemtype='https:\/\/schema.org\/ImageObject'>\n\t\t\t\t\t\t\t<span itemprop='url'>https:\/\/triangle.cat\/wp-content\/uploads\/2023\/09\/Logo_Triangle_Books_Ok-2.png<\/span>\n\t\t\t\t\t\t <\/span>\n\t\t\t\t<\/span><span class='av-structured-data'  itemprop=\"author\" itemscope=\"itemscope\" itemtype=\"https:\/\/schema.org\/Person\" ><span itemprop='name'>triangle<\/span><\/span><span class='av-structured-data'  itemprop=\"datePublished\" datetime=\"2023-02-14T12:01:55+02:00\" >2024-06-27 15:11:57<\/span><span class='av-structured-data'  itemprop=\"dateModified\" itemtype=\"https:\/\/schema.org\/dateModified\" >2024-06-27 15:17:09<\/span><span class='av-structured-data'  itemprop=\"mainEntityOfPage\" itemtype=\"https:\/\/schema.org\/mainEntityOfPage\" ><span itemprop='name'>Explorez les paysages naturels de la Catalogne et des \u00eeles Bal\u00e9ares<\/span><\/span><\/span><\/article><article class='slide-entry flex_column  post-entry post-entry-40159 slide-entry-overview slide-loop-3 slide-parity-odd  post-entry-last  av_one_third  real-thumbnail post-format-standard'  itemscope=\"itemscope\" itemtype=\"https:\/\/schema.org\/CreativeWork\" ><a href='https:\/\/triangle.cat\/fr\/el-museo-casa-sorolla-un-legado-cultural-emblematico\/' data-rel='slide-1' class='slide-image' title='Le Mus\u00e9e Casa Sorolla : Un H\u00e9ritage Culturel Embl\u00e9matique'><img decoding=\"async\" width=\"495\" height=\"400\" src=\"https:\/\/triangle.cat\/wp-content\/uploads\/2024\/03\/1-casa-museu-sorolla-495x400.jpg\" class=\"wp-image-36052 avia-img-lazy-loading-not-36052 attachment-portfolio size-portfolio wp-post-image\" alt=\"Museu Sorolla\" srcset=\"https:\/\/triangle.cat\/wp-content\/uploads\/2024\/03\/1-casa-museu-sorolla-495x400.jpg 495w, https:\/\/triangle.cat\/wp-content\/uploads\/2024\/03\/1-casa-museu-sorolla-845x684.jpg 845w\" sizes=\"(max-width: 495px) 100vw, 495px\" title=\"\"><\/a><div class=\"slide-content\"><header class=\"entry-content-header\"><h3 class='slide-entry-title entry-title '  itemprop=\"headline\" ><a href='https:\/\/triangle.cat\/fr\/el-museo-casa-sorolla-un-legado-cultural-emblematico\/' title='Le Mus\u00e9e Casa Sorolla : Un H\u00e9ritage Culturel Embl\u00e9matique'>Le Mus\u00e9e Casa Sorolla : Un H\u00e9ritage Culturel Embl\u00e9matique<\/a><\/h3><span class=\"blog-categories minor-meta\"><a href=\"https:\/\/triangle.cat\/fr\/category\/art-y-arquitectura-fr\/\" rel=\"tag\">Art y arquitectura<\/a> <\/span><span class=\"av-vertical-delimiter\"><\/span><\/header><div class='slide-entry-excerpt entry-content'  itemprop=\"text\" >Exploration de l'H\u00e9ritage de Joaqu\u00edn Sorolla : Le Fascinant Monde du Mus\u00e9e Casa Sorolla\r\nLe Mus\u00e9e Casa Sorolla, situ\u00e9 dans le b\u00e2timent qui servait autrefois de domicile \u00e0 la famille Sorolla, est un t\u00e9moignage vivant de l'h\u00e9ritage artistique\u2026<\/div><\/div><footer class=\"entry-footer\"><div class=\"slide-meta\"><time class='slide-meta-time updated'  itemprop=\"datePublished\" datetime=\"2024-03-27T14:18:47+02:00\" >27 mars 2024<\/time><\/div><\/footer><span class='hidden'>\n\t\t\t\t<span class='av-structured-data'  itemprop=\"image\" itemscope=\"itemscope\" itemtype=\"https:\/\/schema.org\/ImageObject\" >\n\t\t\t\t\t\t<span itemprop='url'>https:\/\/triangle.cat\/wp-content\/uploads\/2024\/03\/1-casa-museu-sorolla.jpg<\/span>\n\t\t\t\t\t\t<span itemprop='height'>2865<\/span>\n\t\t\t\t\t\t<span itemprop='width'>1905<\/span>\n\t\t\t\t<\/span>\n\t\t\t\t<span class='av-structured-data'  itemprop=\"publisher\" itemtype=\"https:\/\/schema.org\/Organization\" itemscope=\"itemscope\" >\n\t\t\t\t\t\t<span itemprop='name'>triangle<\/span>\n\t\t\t\t\t\t<span itemprop='logo' itemscope itemtype='https:\/\/schema.org\/ImageObject'>\n\t\t\t\t\t\t\t<span itemprop='url'>https:\/\/triangle.cat\/wp-content\/uploads\/2023\/09\/Logo_Triangle_Books_Ok-2.png<\/span>\n\t\t\t\t\t\t <\/span>\n\t\t\t\t<\/span><span class='av-structured-data'  itemprop=\"author\" itemscope=\"itemscope\" itemtype=\"https:\/\/schema.org\/Person\" ><span itemprop='name'>triangle<\/span><\/span><span class='av-structured-data'  itemprop=\"datePublished\" datetime=\"2023-02-14T12:01:55+02:00\" >2024-03-27 14:18:47<\/span><span class='av-structured-data'  itemprop=\"dateModified\" itemtype=\"https:\/\/schema.org\/dateModified\" >2024-06-27 14:34:29<\/span><span class='av-structured-data'  itemprop=\"mainEntityOfPage\" itemtype=\"https:\/\/schema.org\/mainEntityOfPage\" ><span itemprop='name'>Le Mus\u00e9e Casa Sorolla : Un H\u00e9ritage Culturel Embl\u00e9matique<\/span><\/span><\/span><\/article><\/div><\/div><div class='pagination-wrap pagination-slider'><nav class='pagination'><span class='pagination-meta'>Page 1 sur 2<\/span><span class='current'>1<\/span><a href='https:\/\/triangle.cat\/fr\/wp-json\/wp\/v2\/pages\/29630\/?avia-element-paging=2' class='inactive next_page' >2<\/a><\/nav>\n<\/div><\/div>\n","protected":false},"excerpt":{"rendered":"","protected":false},"author":4,"featured_media":0,"parent":0,"menu_order":0,"comment_status":"open","ping_status":"open","template":"","meta":{"_acf_changed":false,"_monsterinsights_skip_tracking":false,"_monsterinsights_sitenote_active":false,"_monsterinsights_sitenote_note":"","_monsterinsights_sitenote_category":0,"footnotes":""},"class_list":["post-29630","page","type-page","status-publish","hentry"],"acf":[],"_links":{"self":[{"href":"https:\/\/triangle.cat\/fr\/wp-json\/wp\/v2\/pages\/29630","targetHints":{"allow":["GET"]}}],"collection":[{"href":"https:\/\/triangle.cat\/fr\/wp-json\/wp\/v2\/pages"}],"about":[{"href":"https:\/\/triangle.cat\/fr\/wp-json\/wp\/v2\/types\/page"}],"author":[{"embeddable":true,"href":"https:\/\/triangle.cat\/fr\/wp-json\/wp\/v2\/users\/4"}],"replies":[{"embeddable":true,"href":"https:\/\/triangle.cat\/fr\/wp-json\/wp\/v2\/comments?post=29630"}],"version-history":[{"count":6,"href":"https:\/\/triangle.cat\/fr\/wp-json\/wp\/v2\/pages\/29630\/revisions"}],"predecessor-version":[{"id":36004,"href":"https:\/\/triangle.cat\/fr\/wp-json\/wp\/v2\/pages\/29630\/revisions\/36004"}],"wp:attachment":[{"href":"https:\/\/triangle.cat\/fr\/wp-json\/wp\/v2\/media?parent=29630"}],"curies":[{"name":"wp","href":"https:\/\/api.w.org\/{rel}","templated":true}]}}