
{"id":48652,"date":"2026-03-31T14:40:40","date_gmt":"2026-03-31T12:40:40","guid":{"rendered":"https:\/\/triangle.cat\/producto\/gaudi-verdaguer\/"},"modified":"2026-03-31T14:56:57","modified_gmt":"2026-03-31T12:56:57","slug":"gaudi-verdaguer","status":"publish","type":"product","link":"https:\/\/triangle.cat\/es\/producto\/gaudi-verdaguer\/","title":{"rendered":"Gaud\u00ed Verdaguer"},"content":{"rendered":"","protected":false},"excerpt":{"rendered":"<p>El arquitecto Antoni Gaud\u00ed y el poeta Jacint Verdaguer compartieron una pasi\u00f3n similar por el arte, la naturaleza,<br \/>\nel misticismo y Catalunya. El Museo de Historia de la Ciudad de Barcelona nos propone una reflexi\u00f3n sobre estos dos grandes creadores de la Barcelona del fi n de siglo XIX y comienzos del XX.<\/p>\n","protected":false},"featured_media":48646,"comment_status":"closed","ping_status":"closed","template":"","meta":{"_acf_changed":false,"_monsterinsights_skip_tracking":false,"_monsterinsights_sitenote_active":false,"_monsterinsights_sitenote_note":"","_monsterinsights_sitenote_category":0},"product_brand":[],"product_cat":[1558],"product_tag":[],"class_list":{"0":"post-48652","1":"product","2":"type-product","3":"status-publish","4":"has-post-thumbnail","6":"product_cat-antoni-gaudi-es","7":"pa_idioma-multilingue-catalan-espanol","9":"first","10":"instock","11":"taxable","12":"shipping-taxable","13":"purchasable","14":"product-type-variable"},"acf":[],"_links":{"self":[{"href":"https:\/\/triangle.cat\/es\/wp-json\/wp\/v2\/product\/48652","targetHints":{"allow":["GET"]}}],"collection":[{"href":"https:\/\/triangle.cat\/es\/wp-json\/wp\/v2\/product"}],"about":[{"href":"https:\/\/triangle.cat\/es\/wp-json\/wp\/v2\/types\/product"}],"replies":[{"embeddable":true,"href":"https:\/\/triangle.cat\/es\/wp-json\/wp\/v2\/comments?post=48652"}],"wp:featuredmedia":[{"embeddable":true,"href":"https:\/\/triangle.cat\/es\/wp-json\/wp\/v2\/media\/48646"}],"wp:attachment":[{"href":"https:\/\/triangle.cat\/es\/wp-json\/wp\/v2\/media?parent=48652"}],"wp:term":[{"taxonomy":"product_brand","embeddable":true,"href":"https:\/\/triangle.cat\/es\/wp-json\/wp\/v2\/product_brand?post=48652"},{"taxonomy":"product_cat","embeddable":true,"href":"https:\/\/triangle.cat\/es\/wp-json\/wp\/v2\/product_cat?post=48652"},{"taxonomy":"product_tag","embeddable":true,"href":"https:\/\/triangle.cat\/es\/wp-json\/wp\/v2\/product_tag?post=48652"}],"curies":[{"name":"wp","href":"https:\/\/api.w.org\/{rel}","templated":true}]}}