
{"id":48557,"date":"2026-03-31T13:19:21","date_gmt":"2026-03-31T11:19:21","guid":{"rendered":"https:\/\/triangle.cat\/producto\/casa-batllo-patrimoni\/"},"modified":"2026-04-07T12:47:54","modified_gmt":"2026-04-07T10:47:54","slug":"casa-batllo-patrimoni","status":"publish","type":"product","link":"https:\/\/triangle.cat\/es\/producto\/casa-batllo-patrimoni\/","title":{"rendered":"Casa Batll\u00f3"},"content":{"rendered":"","protected":false},"excerpt":{"rendered":"<p>Este libro nos lleva m\u00e1s all\u00e1 de su famosa fachada para mostrarnos, con minuciosidad y detallismo, la creatividad del gran arquitecto en todos los espacios del edificio gracias a un trabajo excepcional del fot\u00f3grafo Pere Vivas.<\/p>\n<p>Adem\u00e1s, la introducci\u00f3n de Juan Jos\u00e9 Lahuerta (arquitecto, profesor y actualmente director de la C\u00e1tedra Gaud\u00ed) nos ayuda a contextualizar el momento hist\u00f3rico y art\u00edstico de la obra del gran arquitecto.<\/p>\n<p>Un libro ideal para conocer la Casa Batll\u00f3, Patrimonio Mundial desde 2005.<\/p>\n","protected":false},"featured_media":48566,"comment_status":"closed","ping_status":"closed","template":"","meta":{"_acf_changed":false,"_monsterinsights_skip_tracking":false,"_monsterinsights_sitenote_active":false,"_monsterinsights_sitenote_note":"","_monsterinsights_sitenote_category":0},"product_brand":[],"product_cat":[1558],"product_tag":[],"class_list":{"0":"post-48557","1":"product","2":"type-product","3":"status-publish","4":"has-post-thumbnail","6":"product_cat-antoni-gaudi-es","7":"pa_idioma-catalan","8":"pa_idioma-chino","9":"pa_idioma-deutsch-es","10":"pa_idioma-english-es","11":"pa_idioma-espanol-es-2","12":"pa_idioma-francais-es","13":"pa_idioma-italiano-es","15":"first","16":"instock","17":"taxable","18":"shipping-taxable","19":"purchasable","20":"product-type-variable"},"acf":[],"_links":{"self":[{"href":"https:\/\/triangle.cat\/es\/wp-json\/wp\/v2\/product\/48557","targetHints":{"allow":["GET"]}}],"collection":[{"href":"https:\/\/triangle.cat\/es\/wp-json\/wp\/v2\/product"}],"about":[{"href":"https:\/\/triangle.cat\/es\/wp-json\/wp\/v2\/types\/product"}],"replies":[{"embeddable":true,"href":"https:\/\/triangle.cat\/es\/wp-json\/wp\/v2\/comments?post=48557"}],"wp:featuredmedia":[{"embeddable":true,"href":"https:\/\/triangle.cat\/es\/wp-json\/wp\/v2\/media\/48566"}],"wp:attachment":[{"href":"https:\/\/triangle.cat\/es\/wp-json\/wp\/v2\/media?parent=48557"}],"wp:term":[{"taxonomy":"product_brand","embeddable":true,"href":"https:\/\/triangle.cat\/es\/wp-json\/wp\/v2\/product_brand?post=48557"},{"taxonomy":"product_cat","embeddable":true,"href":"https:\/\/triangle.cat\/es\/wp-json\/wp\/v2\/product_cat?post=48557"},{"taxonomy":"product_tag","embeddable":true,"href":"https:\/\/triangle.cat\/es\/wp-json\/wp\/v2\/product_tag?post=48557"}],"curies":[{"name":"wp","href":"https:\/\/api.w.org\/{rel}","templated":true}]}}