
{"id":48454,"date":"2026-03-31T13:19:15","date_gmt":"2026-03-31T11:19:15","guid":{"rendered":"https:\/\/triangle.cat\/producto\/cocons-i-salines\/"},"modified":"2026-03-31T13:47:57","modified_gmt":"2026-03-31T11:47:57","slug":"cocons-i-salines","status":"publish","type":"product","link":"https:\/\/triangle.cat\/es\/producto\/cocons-i-salines\/","title":{"rendered":"Cocons i salines"},"content":{"rendered":"","protected":false},"excerpt":{"rendered":"<p><em>Cocons i salines. La sal de Menorca<\/em> nos aporta una visi\u00f3n de conjunto de la producci\u00f3n y los usos de la sal, comenzando por la primigenia sal de coc\u00f3, la \u00fanica generada en la isla durante milenios, hasta llegar a la fundaci\u00f3n de las primeras salinas por los comerciantes griegos, durante los dominios brit\u00e1nicos del siglo XVIII.<\/p>\n<p>Conoceremos la historia de las salinas y de los esforzados salineros, pero tambi\u00e9n la rehabilitaci\u00f3n \u2014respetuosa con el medio y los materiales\u2014 de las Salinas de la Concepci\u00f3n, en el puerto de Fornells, que hoy nos ofrecen espl\u00e9ndidas cosechas de flor de sal. Todo ello generosamente aderezado con fotograf\u00edas, mapas, glosario y toponimia salinera de Menorca.<\/p>\n","protected":false},"featured_media":48446,"comment_status":"closed","ping_status":"closed","template":"","meta":{"_acf_changed":false,"_monsterinsights_skip_tracking":false,"_monsterinsights_sitenote_active":false,"_monsterinsights_sitenote_note":"","_monsterinsights_sitenote_category":0},"product_brand":[],"product_cat":[1529,1570],"product_tag":[],"class_list":{"0":"post-48454","1":"product","2":"type-product","3":"status-publish","4":"has-post-thumbnail","6":"product_cat-libros","7":"product_cat-mallorca-es","8":"pa_idioma-catalan","10":"first","11":"instock","12":"taxable","13":"shipping-taxable","14":"purchasable","15":"product-type-variable"},"acf":[],"_links":{"self":[{"href":"https:\/\/triangle.cat\/es\/wp-json\/wp\/v2\/product\/48454","targetHints":{"allow":["GET"]}}],"collection":[{"href":"https:\/\/triangle.cat\/es\/wp-json\/wp\/v2\/product"}],"about":[{"href":"https:\/\/triangle.cat\/es\/wp-json\/wp\/v2\/types\/product"}],"replies":[{"embeddable":true,"href":"https:\/\/triangle.cat\/es\/wp-json\/wp\/v2\/comments?post=48454"}],"wp:featuredmedia":[{"embeddable":true,"href":"https:\/\/triangle.cat\/es\/wp-json\/wp\/v2\/media\/48446"}],"wp:attachment":[{"href":"https:\/\/triangle.cat\/es\/wp-json\/wp\/v2\/media?parent=48454"}],"wp:term":[{"taxonomy":"product_brand","embeddable":true,"href":"https:\/\/triangle.cat\/es\/wp-json\/wp\/v2\/product_brand?post=48454"},{"taxonomy":"product_cat","embeddable":true,"href":"https:\/\/triangle.cat\/es\/wp-json\/wp\/v2\/product_cat?post=48454"},{"taxonomy":"product_tag","embeddable":true,"href":"https:\/\/triangle.cat\/es\/wp-json\/wp\/v2\/product_tag?post=48454"}],"curies":[{"name":"wp","href":"https:\/\/api.w.org\/{rel}","templated":true}]}}