
{"id":48389,"date":"2026-03-31T12:22:43","date_gmt":"2026-03-31T10:22:43","guid":{"rendered":"https:\/\/triangle.cat\/producto\/savia-corema-i-en-carnestoltes-set-peus-set-disbarats\/"},"modified":"2026-03-31T13:35:39","modified_gmt":"2026-03-31T11:35:39","slug":"savia-corema-i-en-carnestoltes-set-peus-set-disbarats","status":"publish","type":"product","link":"https:\/\/triangle.cat\/es\/producto\/savia-corema-i-en-carnestoltes-set-peus-set-disbarats\/","title":{"rendered":"S\u2019\u00c0via Corema i en Carnestoltes: set peus, set disbarats"},"content":{"rendered":"","protected":false},"excerpt":{"rendered":"<p>Estos disparates de historias nacen de la canci\u00f3n tradicional que los ni\u00f1os y ni\u00f1as de Ma\u00f3 cantan a la gigante de \u00c0via Corema cuando sale cada s\u00e1bado de Cuaresma a pasear por las calles. La curiosidad por descifrar el sentido de esta letra ins\u00f3lita nos ha impulsado a reinventarla desde nuestra mirada particular.<\/p>\n","protected":false},"featured_media":48364,"comment_status":"closed","ping_status":"closed","template":"","meta":{"_acf_changed":false,"_monsterinsights_skip_tracking":false,"_monsterinsights_sitenote_active":false,"_monsterinsights_sitenote_note":"","_monsterinsights_sitenote_category":0},"product_brand":[],"product_cat":[1564,1567,1913],"product_tag":[],"class_list":{"0":"post-48389","1":"product","2":"type-product","3":"status-publish","4":"has-post-thumbnail","6":"product_cat-infantil-es","7":"product_cat-libros-ilustrados","8":"product_cat-llibres-infantils-es","9":"pa_idioma-catalan","11":"first","12":"instock","13":"taxable","14":"shipping-taxable","15":"purchasable","16":"product-type-variable"},"acf":[],"_links":{"self":[{"href":"https:\/\/triangle.cat\/es\/wp-json\/wp\/v2\/product\/48389","targetHints":{"allow":["GET"]}}],"collection":[{"href":"https:\/\/triangle.cat\/es\/wp-json\/wp\/v2\/product"}],"about":[{"href":"https:\/\/triangle.cat\/es\/wp-json\/wp\/v2\/types\/product"}],"replies":[{"embeddable":true,"href":"https:\/\/triangle.cat\/es\/wp-json\/wp\/v2\/comments?post=48389"}],"wp:featuredmedia":[{"embeddable":true,"href":"https:\/\/triangle.cat\/es\/wp-json\/wp\/v2\/media\/48364"}],"wp:attachment":[{"href":"https:\/\/triangle.cat\/es\/wp-json\/wp\/v2\/media?parent=48389"}],"wp:term":[{"taxonomy":"product_brand","embeddable":true,"href":"https:\/\/triangle.cat\/es\/wp-json\/wp\/v2\/product_brand?post=48389"},{"taxonomy":"product_cat","embeddable":true,"href":"https:\/\/triangle.cat\/es\/wp-json\/wp\/v2\/product_cat?post=48389"},{"taxonomy":"product_tag","embeddable":true,"href":"https:\/\/triangle.cat\/es\/wp-json\/wp\/v2\/product_tag?post=48389"}],"curies":[{"name":"wp","href":"https:\/\/api.w.org\/{rel}","templated":true}]}}