
{"id":48188,"date":"2026-02-20T02:55:44","date_gmt":"2026-02-20T00:55:44","guid":{"rendered":"https:\/\/triangle.cat\/producto\/gaudi-finestres-al-futur\/"},"modified":"2026-03-10T11:48:26","modified_gmt":"2026-03-10T09:48:26","slug":"gaudi-ventanas-al-futuro","status":"publish","type":"product","link":"https:\/\/triangle.cat\/es\/producto\/gaudi-ventanas-al-futuro\/","title":{"rendered":"Gaud\u00ed: Ventanas al Futuro"},"content":{"rendered":"","protected":false},"excerpt":{"rendered":"<p><strong>Pr\u00f3logo:<\/strong> Regina Gonthier, Tadahiro Yoshida, Pau Gonz\u00e0lez<\/p>\n<p>Con motivo del centenario del fallecimiento de Gaud\u00ed, este libro presenta las ventanas m\u00e1s distintivas desde sus primeras obras hasta la Sagrada Familia, a trav\u00e9s de bellas fotograf\u00edas, materiales de dise\u00f1o y ensayos de investigadores y especialistas, invitando a los lectores a reflexionar sobre el futuro de la arquitectura mediante las ventanas creativas e innovadoras del arquitecto.<\/p>\n","protected":false},"featured_media":48686,"comment_status":"closed","ping_status":"closed","template":"","meta":{"_acf_changed":false,"_monsterinsights_skip_tracking":false,"_monsterinsights_sitenote_active":false,"_monsterinsights_sitenote_note":"","_monsterinsights_sitenote_category":0},"product_brand":[],"product_cat":[1558,1951,1460],"product_tag":[],"class_list":{"0":"post-48188","1":"product","2":"type-product","3":"status-publish","4":"has-post-thumbnail","6":"product_cat-antoni-gaudi-es","7":"product_cat-gaudi","8":"product_cat-sin-categorizar-es","9":"pa_idioma-ingles","10":"pa_idioma-multilingue-english-espanol-catala-","12":"first","13":"instock","14":"taxable","15":"shipping-taxable","16":"purchasable","17":"product-type-variable"},"acf":[],"_links":{"self":[{"href":"https:\/\/triangle.cat\/es\/wp-json\/wp\/v2\/product\/48188","targetHints":{"allow":["GET"]}}],"collection":[{"href":"https:\/\/triangle.cat\/es\/wp-json\/wp\/v2\/product"}],"about":[{"href":"https:\/\/triangle.cat\/es\/wp-json\/wp\/v2\/types\/product"}],"replies":[{"embeddable":true,"href":"https:\/\/triangle.cat\/es\/wp-json\/wp\/v2\/comments?post=48188"}],"wp:featuredmedia":[{"embeddable":true,"href":"https:\/\/triangle.cat\/es\/wp-json\/wp\/v2\/media\/48686"}],"wp:attachment":[{"href":"https:\/\/triangle.cat\/es\/wp-json\/wp\/v2\/media?parent=48188"}],"wp:term":[{"taxonomy":"product_brand","embeddable":true,"href":"https:\/\/triangle.cat\/es\/wp-json\/wp\/v2\/product_brand?post=48188"},{"taxonomy":"product_cat","embeddable":true,"href":"https:\/\/triangle.cat\/es\/wp-json\/wp\/v2\/product_cat?post=48188"},{"taxonomy":"product_tag","embeddable":true,"href":"https:\/\/triangle.cat\/es\/wp-json\/wp\/v2\/product_tag?post=48188"}],"curies":[{"name":"wp","href":"https:\/\/api.w.org\/{rel}","templated":true}]}}