
{"id":47652,"date":"2025-10-23T21:11:11","date_gmt":"2025-10-23T19:11:11","guid":{"rendered":"https:\/\/triangle.cat\/producto\/el-meu-gaudi\/"},"modified":"2025-10-27T10:36:22","modified_gmt":"2025-10-27T08:36:22","slug":"el-meu-gaudi","status":"publish","type":"product","link":"https:\/\/triangle.cat\/es\/producto\/el-meu-gaudi\/","title":{"rendered":"Mi Gaud\u00ed"},"content":{"rendered":"","protected":false},"excerpt":{"rendered":"<p class=\"p1\"><em>Mi Gaud\u00ed. La biograf\u00eda escrita por sus amigos<\/em> es un relato coral e in\u00e9dito que reconstruye la vida de Antoni Gaud\u00ed a trav\u00e9s de las voces de quienes lo conocieron. A partir de cartas, recuerdos y testimonios olvidados, Chiara Curti traza un retrato \u00edntimo y cercano del maestro. No es una biograf\u00eda desde fuera, sino desde el coraz\u00f3n de su vida cotidiana. Cada testimonio es una ventana que revela al hombre detr\u00e1s del genio. Los textos son originales y se han mantenido tal como fueron escritos, con su vivacidad y sus sentimientos intactos. Una biograf\u00eda \u00fanica, hecha de relatos, de miradas y de memoria viva.<\/p>\n","protected":false},"featured_media":47661,"comment_status":"closed","ping_status":"closed","template":"","meta":{"_acf_changed":false,"_monsterinsights_skip_tracking":false,"_monsterinsights_sitenote_active":false,"_monsterinsights_sitenote_note":"","_monsterinsights_sitenote_category":0},"product_brand":[],"product_cat":[1558],"product_tag":[],"class_list":{"0":"post-47652","1":"product","2":"type-product","3":"status-publish","4":"has-post-thumbnail","6":"product_cat-antoni-gaudi-es","7":"pa_idioma-catalan","8":"pa_idioma-english-es","9":"pa_idioma-espanol-es-2","10":"pa_idioma-francais-es","11":"pa_idioma-italiano-es","13":"first","14":"instock","15":"taxable","16":"shipping-taxable","17":"purchasable","18":"product-type-variable"},"acf":[],"_links":{"self":[{"href":"https:\/\/triangle.cat\/es\/wp-json\/wp\/v2\/product\/47652","targetHints":{"allow":["GET"]}}],"collection":[{"href":"https:\/\/triangle.cat\/es\/wp-json\/wp\/v2\/product"}],"about":[{"href":"https:\/\/triangle.cat\/es\/wp-json\/wp\/v2\/types\/product"}],"replies":[{"embeddable":true,"href":"https:\/\/triangle.cat\/es\/wp-json\/wp\/v2\/comments?post=47652"}],"wp:featuredmedia":[{"embeddable":true,"href":"https:\/\/triangle.cat\/es\/wp-json\/wp\/v2\/media\/47661"}],"wp:attachment":[{"href":"https:\/\/triangle.cat\/es\/wp-json\/wp\/v2\/media?parent=47652"}],"wp:term":[{"taxonomy":"product_brand","embeddable":true,"href":"https:\/\/triangle.cat\/es\/wp-json\/wp\/v2\/product_brand?post=47652"},{"taxonomy":"product_cat","embeddable":true,"href":"https:\/\/triangle.cat\/es\/wp-json\/wp\/v2\/product_cat?post=47652"},{"taxonomy":"product_tag","embeddable":true,"href":"https:\/\/triangle.cat\/es\/wp-json\/wp\/v2\/product_tag?post=47652"}],"curies":[{"name":"wp","href":"https:\/\/api.w.org\/{rel}","templated":true}]}}